{"id":15438,"date":"2025-10-14T11:44:38","date_gmt":"2025-10-14T09:44:38","guid":{"rendered":"https:\/\/lentrouvert.com\/mentoring\/"},"modified":"2025-12-04T16:40:14","modified_gmt":"2025-12-04T15:40:14","slug":"mentoring","status":"publish","type":"page","link":"https:\/\/lentrouvert.com\/en\/mentoring\/","title":{"rendered":"Mentoring"},"content":{"rendered":"<p>[et_pb_section fb_built=&#8221;1&#8243; admin_label=&#8221;section&#8221; _builder_version=&#8221;4.26.0&#8243; background_color=&#8221;#003E3F&#8221; custom_padding=&#8221;|1em||1em|false|false&#8221; locked=&#8221;off&#8221; global_colors_info=&#8221;{}&#8221;][et_pb_row _builder_version=&#8221;4.21.0&#8243; _module_preset=&#8221;default&#8221; width=&#8221;100%&#8221; max_width=&#8221;100%&#8221; custom_padding=&#8221;20px||||false|false&#8221; global_colors_info=&#8221;{}&#8221;][et_pb_column type=&#8221;4_4&#8243; _builder_version=&#8221;4.21.0&#8243; _module_preset=&#8221;default&#8221; global_colors_info=&#8221;{}&#8221;][et_pb_text _builder_version=&#8221;4.22.1&#8243; _module_preset=&#8221;default&#8221; header_font=&#8221;Work Sans|100||on|||||&#8221; header_text_color=&#8221;#FFFFFF&#8221; header_font_size=&#8221;5vw&#8221; header_font_size_tablet=&#8221;8vw&#8221; header_font_size_phone=&#8221;11vw&#8221; header_font_size_last_edited=&#8221;on|desktop&#8221; header_text_shadow_style=&#8221;preset2&#8243; global_colors_info=&#8221;{}&#8221;]<\/p>\n<h1>Artists supported<\/h1>\n<p>[\/et_pb_text][\/et_pb_column][\/et_pb_row][et_pb_row column_structure=&#8221;1_3,1_3,1_3&#8243; use_custom_gutter=&#8221;on&#8221; admin_label=&#8221;row&#8221; _builder_version=&#8221;4.26.0&#8243; _dynamic_attributes=&#8221;link_option_url&#8221; width=&#8221;98vw&#8221; max_width=&#8221;98vw&#8221; module_alignment=&#8221;center&#8221; custom_margin=&#8221;0px||0px||false|false&#8221; custom_padding=&#8221;0px|0px|0px|0px|false|false&#8221; link_option_url=&#8221;@ET-DC@eyJkeW5hbWljIjp0cnVlLCJjb250ZW50IjoicG9zdF9saW5rX3VybF9wYWdlIiwic2V0dGluZ3MiOnsicG9zdF9pZCI6Ijg4NzMiLCJlbmFibGVfaHRtbCI6Im9mZiJ9fQ==@&#8221; global_colors_info=&#8221;{}&#8221;][et_pb_column type=&#8221;1_3&#8243; _builder_version=&#8221;4.26.0&#8243; _module_preset=&#8221;default&#8221; border_width_all=&#8221;1px&#8221; border_color_all=&#8221;#003E3F&#8221; global_colors_info=&#8221;{}&#8221;][et_pb_text admin_label=&#8221;Zo\u00e9 Lizot&#8221; _builder_version=&#8221;4.27.4&#8243; _dynamic_attributes=&#8221;link_option_url&#8221; text_font=&#8221;Muli||||||||&#8221; link_font=&#8221;Muli|200||on|||||&#8221; header_font=&#8221;|100|||||||&#8221; header_2_font=&#8221;lentrouvert|700||on|||||&#8221; header_2_text_color=&#8221;#666666&#8243; header_2_font_size=&#8221;90px&#8221; header_2_letter_spacing=&#8221;-2px&#8221; header_3_font=&#8221;Work Sans|200|||||||&#8221; header_3_text_color=&#8221;#FFFFFF&#8221; header_3_font_size=&#8221;50px&#8221; header_3_letter_spacing=&#8221;-2px&#8221; header_4_text_color=&#8221;#FFFFFF&#8221; header_4_font_size=&#8221;15px&#8221; header_5_font=&#8221;|700||on|||||&#8221; header_5_text_color=&#8221;#666666&#8243; header_5_font_size=&#8221;11px&#8221; header_5_line_height=&#8221;1.5em&#8221; header_6_font=&#8221;Muli|500|||||||&#8221; background_color=&#8221;#195F66&#8243; background_image=&#8221;https:\/\/lentrouvert.com\/wp-content\/uploads\/2024\/07\/Slide-17-bis.png&#8221; background_position=&#8221;bottom_center&#8221; min_height=&#8221;300px&#8221; height=&#8221;300px&#8221; custom_margin_tablet=&#8221;40px||0px||false|false&#8221; custom_margin_phone=&#8221;50px||||false|false&#8221; custom_margin_last_edited=&#8221;off|desktop&#8221; custom_padding=&#8221;20px|20px|20px|20px|false|false&#8221; link_option_url=&#8221;@ET-DC@eyJkeW5hbWljIjp0cnVlLCJjb250ZW50IjoicG9zdF9saW5rX3VybF9wYWdlIiwic2V0dGluZ3MiOnsicG9zdF9pZCI6IjEzODQ4IiwiZW5hYmxlX2h0bWwiOiJvZmYifX0=@&#8221; hover_enabled=&#8221;0&#8243; header_2_font_size_tablet=&#8221;70px&#8221; header_2_font_size_phone=&#8221;60px&#8221; header_2_font_size_last_edited=&#8221;on|phone&#8221; border_width_all=&#8221;4px&#8221; border_color_all=&#8221;#003e3f&#8221; global_colors_info=&#8221;{}&#8221; background__hover_enabled=&#8221;on|hover&#8221; background_image__hover=&#8221;https:\/\/lentrouvert.com\/wp-content\/uploads\/2024\/07\/Slide-17-bis.png&#8221; background_enable_image__hover=&#8221;on&#8221; background_blend__hover=&#8221;multiply&#8221; parallax__hover=&#8221;off&#8221; sticky_enabled=&#8221;0&#8243;]<\/p>\n<h3>ZO\u00c9 LIZOT<\/h3>\n<h4>Creation of a prototype in december 2025 \u2013 DRAC mentorship<\/h4>\n<p>[\/et_pb_text][\/et_pb_column][et_pb_column type=&#8221;1_3&#8243; _builder_version=&#8221;4.16&#8243; _module_preset=&#8221;default&#8221; border_width_all=&#8221;1px&#8221; border_color_all=&#8221;#003E3F&#8221; global_colors_info=&#8221;{}&#8221;][et_pb_text admin_label=&#8221;Azusa Takeuchi&#8221; _builder_version=&#8221;4.27.4&#8243; _dynamic_attributes=&#8221;link_option_url&#8221; text_font=&#8221;Muli||||||||&#8221; link_font=&#8221;Muli|200||on|||||&#8221; header_font=&#8221;|100|||||||&#8221; header_2_font=&#8221;lentrouvert|700||on|||||&#8221; header_2_text_color=&#8221;#666666&#8243; header_2_font_size=&#8221;90px&#8221; header_2_letter_spacing=&#8221;-2px&#8221; header_3_font=&#8221;Work Sans|200|||||||&#8221; header_3_text_color=&#8221;#FFFFFF&#8221; header_3_font_size=&#8221;50px&#8221; header_3_letter_spacing=&#8221;-2px&#8221; header_4_text_color=&#8221;#FFFFFF&#8221; header_4_font_size=&#8221;15px&#8221; header_5_font=&#8221;|700||on|||||&#8221; header_5_text_color=&#8221;#666666&#8243; header_5_font_size=&#8221;11px&#8221; header_5_line_height=&#8221;1.5em&#8221; header_6_font=&#8221;Muli|500|||||||&#8221; background_color=&#8221;#195F66&#8243; background_image=&#8221;https:\/\/lentrouvert.com\/wp-content\/uploads\/2024\/07\/Slide-17.png&#8221; min_height=&#8221;300px&#8221; height=&#8221;300px&#8221; custom_margin_tablet=&#8221;40px||0px||false|false&#8221; custom_margin_phone=&#8221;50px||||false|false&#8221; custom_margin_last_edited=&#8221;off|desktop&#8221; custom_padding=&#8221;20px|20px|20px|20px|false|false&#8221; link_option_url=&#8221;@ET-DC@eyJkeW5hbWljIjp0cnVlLCJjb250ZW50IjoicG9zdF9saW5rX3VybF9wYWdlIiwic2V0dGluZ3MiOnsicG9zdF9pZCI6IjEzODU5IiwiZW5hYmxlX2h0bWwiOiJvZmYifX0=@&#8221; hover_enabled=&#8221;0&#8243; header_2_font_size_tablet=&#8221;70px&#8221; header_2_font_size_phone=&#8221;60px&#8221; header_2_font_size_last_edited=&#8221;on|phone&#8221; border_width_all=&#8221;4px&#8221; border_color_all=&#8221;#003e3f&#8221; global_colors_info=&#8221;{}&#8221; background__hover_enabled=&#8221;on|hover&#8221; background_image__hover=&#8221;https:\/\/lentrouvert.com\/wp-content\/uploads\/2024\/07\/Slide-17.png&#8221; background_enable_image__hover=&#8221;on&#8221; background_blend__hover=&#8221;multiply&#8221; parallax__hover=&#8221;off&#8221; sticky_enabled=&#8221;0&#8243;]<\/p>\n<h3>AZUSA TAKEUCHI<\/h3>\n<h4><span style=\"font-weight: 400;\">Creation march 2027 &#8211; In executive producer with Th\u00e9\u00e2tre de l&#8217;Entrouvert<\/span><\/h4>\n<p>[\/et_pb_text][\/et_pb_column][et_pb_column type=&#8221;1_3&#8243; _builder_version=&#8221;4.16&#8243; _module_preset=&#8221;default&#8221; border_width_all=&#8221;1px&#8221; border_color_all=&#8221;#003E3F&#8221; global_colors_info=&#8221;{}&#8221;][\/et_pb_column][\/et_pb_row][\/et_pb_section]<\/p>\n","protected":false},"excerpt":{"rendered":"<p>Artists supportedZO\u00c9 LIZOT Creation of a prototype in december 2025 \u2013 DRAC mentorshipAZUSA TAKEUCHI Creation march 2027 &#8211; In executive producer with Th\u00e9\u00e2tre de l&#8217;Entrouvert<\/p>\n","protected":false},"author":2,"featured_media":0,"parent":0,"menu_order":0,"comment_status":"closed","ping_status":"closed","template":"","meta":{"_et_pb_use_builder":"on","_et_pb_old_content":"","_et_gb_content_width":"","footnotes":""},"class_list":["post-15438","page","type-page","status-publish","hentry"],"yoast_head":"<!-- This site is optimized with the Yoast SEO plugin v27.5 - https:\/\/yoast.com\/product\/yoast-seo-wordpress\/ -->\n<title>Mentoring - Th\u00e9\u00e2tre de l&#039;Entrouvert<\/title>\n<meta name=\"robots\" content=\"index, follow, max-snippet:-1, max-image-preview:large, max-video-preview:-1\" \/>\n<link rel=\"canonical\" href=\"https:\/\/lentrouvert.com\/en\/mentoring\/\" \/>\n<meta property=\"og:locale\" content=\"en_US\" \/>\n<meta property=\"og:type\" content=\"article\" \/>\n<meta property=\"og:title\" content=\"Mentoring - Th\u00e9\u00e2tre de l&#039;Entrouvert\" \/>\n<meta property=\"og:description\" content=\"Artists supportedZO\u00c9 LIZOT Creation of a prototype in december 2025 \u2013 DRAC mentorshipAZUSA TAKEUCHI Creation march 2027 - In executive producer with Th\u00e9\u00e2tre de l&#039;Entrouvert\" \/>\n<meta property=\"og:url\" content=\"https:\/\/lentrouvert.com\/en\/mentoring\/\" \/>\n<meta property=\"og:site_name\" content=\"Th\u00e9\u00e2tre de l&#039;Entrouvert\" \/>\n<meta property=\"article:modified_time\" content=\"2025-12-04T15:40:14+00:00\" \/>\n<meta name=\"twitter:card\" content=\"summary_large_image\" \/>\n<meta name=\"twitter:label1\" content=\"Est. reading time\" \/>\n\t<meta name=\"twitter:data1\" content=\"4 minutes\" \/>\n<script type=\"application\/ld+json\" class=\"yoast-schema-graph\">{\"@context\":\"https:\\\/\\\/schema.org\",\"@graph\":[{\"@type\":\"WebPage\",\"@id\":\"https:\\\/\\\/lentrouvert.com\\\/en\\\/mentoring\\\/\",\"url\":\"https:\\\/\\\/lentrouvert.com\\\/en\\\/mentoring\\\/\",\"name\":\"Mentoring - Th\u00e9\u00e2tre de l&#039;Entrouvert\",\"isPartOf\":{\"@id\":\"https:\\\/\\\/lentrouvert.com\\\/en\\\/#website\"},\"datePublished\":\"2025-10-14T09:44:38+00:00\",\"dateModified\":\"2025-12-04T15:40:14+00:00\",\"breadcrumb\":{\"@id\":\"https:\\\/\\\/lentrouvert.com\\\/en\\\/mentoring\\\/#breadcrumb\"},\"inLanguage\":\"en-US\",\"potentialAction\":[{\"@type\":\"ReadAction\",\"target\":[\"https:\\\/\\\/lentrouvert.com\\\/en\\\/mentoring\\\/\"]}]},{\"@type\":\"BreadcrumbList\",\"@id\":\"https:\\\/\\\/lentrouvert.com\\\/en\\\/mentoring\\\/#breadcrumb\",\"itemListElement\":[{\"@type\":\"ListItem\",\"position\":1,\"name\":\"Accueil\",\"item\":\"https:\\\/\\\/lentrouvert.com\\\/en\\\/spectacle-de-marionnette-contemporaine\\\/\"},{\"@type\":\"ListItem\",\"position\":2,\"name\":\"Mentoring\"}]},{\"@type\":\"WebSite\",\"@id\":\"https:\\\/\\\/lentrouvert.com\\\/en\\\/#website\",\"url\":\"https:\\\/\\\/lentrouvert.com\\\/en\\\/\",\"name\":\"Th\u00e9\u00e2tre de l&#039;Entrouvert\",\"description\":\"Elise Vigneron\",\"publisher\":{\"@id\":\"https:\\\/\\\/lentrouvert.com\\\/en\\\/#organization\"},\"potentialAction\":[{\"@type\":\"SearchAction\",\"target\":{\"@type\":\"EntryPoint\",\"urlTemplate\":\"https:\\\/\\\/lentrouvert.com\\\/en\\\/?s={search_term_string}\"},\"query-input\":{\"@type\":\"PropertyValueSpecification\",\"valueRequired\":true,\"valueName\":\"search_term_string\"}}],\"inLanguage\":\"en-US\"},{\"@type\":\"Organization\",\"@id\":\"https:\\\/\\\/lentrouvert.com\\\/en\\\/#organization\",\"name\":\"Th\u00e9\u00e2tre de l\u2019Entrouvert\",\"url\":\"https:\\\/\\\/lentrouvert.com\\\/en\\\/\",\"logo\":{\"@type\":\"ImageObject\",\"inLanguage\":\"en-US\",\"@id\":\"https:\\\/\\\/lentrouvert.com\\\/en\\\/#\\\/schema\\\/logo\\\/image\\\/\",\"url\":\"\",\"contentUrl\":\"\",\"caption\":\"Th\u00e9\u00e2tre de l\u2019Entrouvert\"},\"image\":{\"@id\":\"https:\\\/\\\/lentrouvert.com\\\/en\\\/#\\\/schema\\\/logo\\\/image\\\/\"}}]}<\/script>\n<!-- \/ Yoast SEO plugin. -->","yoast_head_json":{"title":"Mentoring - Th\u00e9\u00e2tre de l&#039;Entrouvert","robots":{"index":"index","follow":"follow","max-snippet":"max-snippet:-1","max-image-preview":"max-image-preview:large","max-video-preview":"max-video-preview:-1"},"canonical":"https:\/\/lentrouvert.com\/en\/mentoring\/","og_locale":"en_US","og_type":"article","og_title":"Mentoring - Th\u00e9\u00e2tre de l&#039;Entrouvert","og_description":"Artists supportedZO\u00c9 LIZOT Creation of a prototype in december 2025 \u2013 DRAC mentorshipAZUSA TAKEUCHI Creation march 2027 - In executive producer with Th\u00e9\u00e2tre de l'Entrouvert","og_url":"https:\/\/lentrouvert.com\/en\/mentoring\/","og_site_name":"Th\u00e9\u00e2tre de l&#039;Entrouvert","article_modified_time":"2025-12-04T15:40:14+00:00","twitter_card":"summary_large_image","twitter_misc":{"Est. reading time":"4 minutes"},"schema":{"@context":"https:\/\/schema.org","@graph":[{"@type":"WebPage","@id":"https:\/\/lentrouvert.com\/en\/mentoring\/","url":"https:\/\/lentrouvert.com\/en\/mentoring\/","name":"Mentoring - Th\u00e9\u00e2tre de l&#039;Entrouvert","isPartOf":{"@id":"https:\/\/lentrouvert.com\/en\/#website"},"datePublished":"2025-10-14T09:44:38+00:00","dateModified":"2025-12-04T15:40:14+00:00","breadcrumb":{"@id":"https:\/\/lentrouvert.com\/en\/mentoring\/#breadcrumb"},"inLanguage":"en-US","potentialAction":[{"@type":"ReadAction","target":["https:\/\/lentrouvert.com\/en\/mentoring\/"]}]},{"@type":"BreadcrumbList","@id":"https:\/\/lentrouvert.com\/en\/mentoring\/#breadcrumb","itemListElement":[{"@type":"ListItem","position":1,"name":"Accueil","item":"https:\/\/lentrouvert.com\/en\/spectacle-de-marionnette-contemporaine\/"},{"@type":"ListItem","position":2,"name":"Mentoring"}]},{"@type":"WebSite","@id":"https:\/\/lentrouvert.com\/en\/#website","url":"https:\/\/lentrouvert.com\/en\/","name":"Th\u00e9\u00e2tre de l&#039;Entrouvert","description":"Elise Vigneron","publisher":{"@id":"https:\/\/lentrouvert.com\/en\/#organization"},"potentialAction":[{"@type":"SearchAction","target":{"@type":"EntryPoint","urlTemplate":"https:\/\/lentrouvert.com\/en\/?s={search_term_string}"},"query-input":{"@type":"PropertyValueSpecification","valueRequired":true,"valueName":"search_term_string"}}],"inLanguage":"en-US"},{"@type":"Organization","@id":"https:\/\/lentrouvert.com\/en\/#organization","name":"Th\u00e9\u00e2tre de l\u2019Entrouvert","url":"https:\/\/lentrouvert.com\/en\/","logo":{"@type":"ImageObject","inLanguage":"en-US","@id":"https:\/\/lentrouvert.com\/en\/#\/schema\/logo\/image\/","url":"","contentUrl":"","caption":"Th\u00e9\u00e2tre de l\u2019Entrouvert"},"image":{"@id":"https:\/\/lentrouvert.com\/en\/#\/schema\/logo\/image\/"}}]}},"_links":{"self":[{"href":"https:\/\/lentrouvert.com\/en\/wp-json\/wp\/v2\/pages\/15438","targetHints":{"allow":["GET"]}}],"collection":[{"href":"https:\/\/lentrouvert.com\/en\/wp-json\/wp\/v2\/pages"}],"about":[{"href":"https:\/\/lentrouvert.com\/en\/wp-json\/wp\/v2\/types\/page"}],"author":[{"embeddable":true,"href":"https:\/\/lentrouvert.com\/en\/wp-json\/wp\/v2\/users\/2"}],"replies":[{"embeddable":true,"href":"https:\/\/lentrouvert.com\/en\/wp-json\/wp\/v2\/comments?post=15438"}],"version-history":[{"count":0,"href":"https:\/\/lentrouvert.com\/en\/wp-json\/wp\/v2\/pages\/15438\/revisions"}],"wp:attachment":[{"href":"https:\/\/lentrouvert.com\/en\/wp-json\/wp\/v2\/media?parent=15438"}],"curies":[{"name":"wp","href":"https:\/\/api.w.org\/{rel}","templated":true}]}}