{"id":15441,"date":"2025-10-14T11:46:00","date_gmt":"2025-10-14T09:46:00","guid":{"rendered":"https:\/\/lentrouvert.com\/mentions-legales\/"},"modified":"2025-10-14T11:46:00","modified_gmt":"2025-10-14T09:46:00","slug":"mentions-legales","status":"publish","type":"page","link":"https:\/\/lentrouvert.com\/en\/mentions-legales\/","title":{"rendered":"mentions l\u00e9gales"},"content":{"rendered":"<p>[et_pb_section fb_built=&#8221;1&#8243; admin_label=&#8221;section&#8221; _builder_version=&#8221;4.16&#8243; background_color=&#8221;rgba(93,118,119,0.12)&#8221; background_enable_image=&#8221;off&#8221; parallax=&#8221;on&#8221; parallax_method=&#8221;off&#8221; global_colors_info=&#8221;{}&#8221;][et_pb_row _builder_version=&#8221;4.16&#8243; custom_margin=&#8221;200px||||false|false&#8221; custom_padding=&#8221;||21px|||&#8221; animation_direction=&#8221;bottom&#8221; global_colors_info=&#8221;{}&#8221;][et_pb_column type=&#8221;4_4&#8243; _builder_version=&#8221;4.16&#8243; global_colors_info=&#8221;{}&#8221;][et_pb_text _builder_version=&#8221;4.21.0&#8243; header_text_color=&#8221;#FFFFFF&#8221; header_font_size=&#8221;70px&#8221; header_letter_spacing=&#8221;-1px&#8221; hover_enabled=&#8221;0&#8243; header_font_size_tablet=&#8221;&#8221; header_font_size_phone=&#8221;65px&#8221; header_font_size_last_edited=&#8221;on|phone&#8221; global_colors_info=&#8221;{}&#8221; sticky_enabled=&#8221;0&#8243;]<\/p>\n<h1>Legal notices<\/h1>\n<p>[\/et_pb_text][\/et_pb_column][\/et_pb_row][et_pb_row column_structure=&#8221;1_2,1_2&#8243; admin_label=&#8221;row&#8221; _builder_version=&#8221;4.21.0&#8243; background_enable_image=&#8221;off&#8221; background_size=&#8221;initial&#8221; background_position=&#8221;top_right&#8221; background_blend=&#8221;multiply&#8221; width_tablet=&#8221;90vw&#8221; width_phone=&#8221;&#8221; width_last_edited=&#8221;on|tablet&#8221; custom_padding=&#8221;0px||1px||false|false&#8221; animation_direction=&#8221;bottom&#8221; hover_enabled=&#8221;0&#8243; global_colors_info=&#8221;{}&#8221; background_color=&#8221;RGBA(255,255,255,0)&#8221; sticky_enabled=&#8221;0&#8243;][et_pb_column type=&#8221;1_2&#8243; _builder_version=&#8221;4.21.0&#8243; background_color=&#8221;rgba(255,255,255,0.91)&#8221; background_color_gradient_direction=&#8221;90deg&#8221; background_enable_image=&#8221;off&#8221; background_size=&#8221;initial&#8221; background_position=&#8221;top_right&#8221; background_blend=&#8221;multiply&#8221; custom_padding=&#8221;15px|15px|15px|15px|false|false&#8221; hover_enabled=&#8221;0&#8243; box_shadow_style=&#8221;preset3&#8243; box_shadow_vertical=&#8221;5px&#8221; box_shadow_blur=&#8221;13px&#8221; global_colors_info=&#8221;{}&#8221; custom_padding__hover=&#8221;|||&#8221; sticky_enabled=&#8221;0&#8243;][et_pb_text admin_label=&#8221;Text&#8221; _builder_version=&#8221;4.16&#8243; text_text_color=&#8221;#666666&#8243; header_2_font=&#8221;Muli|700||on|||||&#8221; header_2_text_color=&#8221;#666666&#8243; header_2_font_size=&#8221;12px&#8221; header_2_letter_spacing=&#8221;2px&#8221; header_3_font=&#8221;Muli|800||on|||||&#8221; header_3_text_color=&#8221;#666666&#8243; header_3_font_size=&#8221;11px&#8221; header_5_font=&#8221;Muli|600||on|||||&#8221; header_5_text_color=&#8221;#666666&#8243; header_5_font_size=&#8221;12px&#8221; header_5_letter_spacing=&#8221;1px&#8221; background_size=&#8221;initial&#8221; background_position=&#8221;top_left&#8221; background_repeat=&#8221;repeat&#8221; custom_margin=&#8221;30px||||false|false&#8221; custom_padding=&#8221;||||false|false&#8221; global_colors_info=&#8221;{}&#8221;]<\/p>\n<p><strong>Th\u00e9\u00e2tre de l&#8217;Entrouvert<\/strong><br \/>P\u00e9pini\u00e8res d&#8217;entreprises<br \/>171 Avenue Eug\u00e8ne Baudouin<br \/>84400 Apt<\/p>\n<p>This website is hosted on <a href=\"https:\/\/www.ovh.com\/fr\/\" target=\"_blank\" rel=\"noopener noreferrer\">OVH<\/a><\/p>\n<p>Publisher Camille Trastour<\/p>\n<p>[\/et_pb_text][et_pb_text _builder_version=&#8221;4.16&#8243; text_text_color=&#8221;#666666&#8243; text_font_size=&#8221;13px&#8221; text_line_height=&#8221;1.5em&#8221; header_2_font=&#8221;Muli|700||on|||||&#8221; header_2_text_color=&#8221;#666666&#8243; header_2_font_size=&#8221;12px&#8221; header_2_letter_spacing=&#8221;2px&#8221; header_3_font=&#8221;Muli|800||on|||||&#8221; header_3_text_color=&#8221;#666666&#8243; header_3_font_size=&#8221;11px&#8221; header_5_font=&#8221;Muli|600||on|||||&#8221; header_5_text_color=&#8221;#666666&#8243; header_5_font_size=&#8221;12px&#8221; header_5_letter_spacing=&#8221;1px&#8221; background_size=&#8221;initial&#8221; background_position=&#8221;top_left&#8221; background_repeat=&#8221;repeat&#8221; custom_margin=&#8221;30px||||false|false&#8221; custom_padding=&#8221;||||false|false&#8221; global_colors_info=&#8221;{}&#8221;]<\/p>\n<h2>Support<\/h2>\n<p>La Compagnie du Th\u00e9\u00e2tre de l\u2019Entrouvert est conventionn\u00e9e DRAC Provence-Alpes-C\u00f4te d&#8217;Azur et par le conseil d\u00e9partemental du Vaucluse. Elle est r\u00e9guli\u00e8rement aid\u00e9e sur ses cr\u00e9ations par la r\u00e9gion PACA, le Conseil d\u00e9partemental de Vaucluse, la ville d\u2019Apt (84), par la SPEDIDAM et l&#8217;ADAMI. Elle est aid\u00e9e pour ses tourn\u00e9es \u00e0 l\u2019international par l\u2019Institut Fran\u00e7ais et la R\u00e9gion PACA. The company also receives support for touring from ONDA (National Office for Artistic Circulation). \u00c9lise Vigneron est artiste accompagn\u00e9e par Les Th\u00e9\u00e2tres, direction Dominique Bluzet \u00e0 Marseille et Aix en Provence (13).<\/p>\n<h2><\/h2>\n<h2>Copyrights<\/h2>\n<p>Photo L&#8217;Enfant : \u00a9Florent Ginestet, \u00a9Christophe Loiseau<\/p>\n<p>Photo Anywhere : \u00a9Vincent Beaume, \u00a9Florent Ginestet<\/p>\n<p>Photo Impermanence : \u00a9Vincent Baume<\/p>\n<p>[\/et_pb_text][\/et_pb_column][et_pb_column type=&#8221;1_2&#8243; _builder_version=&#8221;4.16&#8243; custom_padding=&#8221;|||&#8221; global_colors_info=&#8221;{}&#8221; custom_padding__hover=&#8221;|||&#8221;][\/et_pb_column][\/et_pb_row][et_pb_row column_structure=&#8221;1_4,1_4,1_4,1_4&#8243; _builder_version=&#8221;4.21.0&#8243; custom_padding=&#8221;0px|||||&#8221; hover_enabled=&#8221;0&#8243; global_colors_info=&#8221;{}&#8221; sticky_enabled=&#8221;0&#8243; make_equal=&#8221;on&#8221;][et_pb_column type=&#8221;1_4&#8243; _builder_version=&#8221;4.21.0&#8243; hover_enabled=&#8221;0&#8243; global_colors_info=&#8221;{}&#8221; background_color=&#8221;rgba(255,255,255,0.91)&#8221; sticky_enabled=&#8221;0&#8243;][et_pb_image src=&#8221;https:\/\/lentrouvert.com\/wp-content\/uploads\/2020\/04\/lhommequitremble-graphiste.png&#8221; url=&#8221;https:\/\/lhommequitremble.com\/&#8221; url_new_window=&#8221;on&#8221; align=&#8221;center&#8221; align_tablet=&#8221;center&#8221; align_phone=&#8221;&#8221; align_last_edited=&#8221;on|desktop&#8221; _builder_version=&#8221;4.16&#8243; width=&#8221;25%&#8221; custom_margin=&#8221;19px||||false|false&#8221; global_colors_info=&#8221;{}&#8221;][\/et_pb_image][\/et_pb_column][et_pb_column type=&#8221;1_4&#8243; _builder_version=&#8221;4.21.0&#8243; hover_enabled=&#8221;0&#8243; global_colors_info=&#8221;{}&#8221; sticky_enabled=&#8221;0&#8243; background_color=&#8221;rgba(255,255,255,0.91)&#8221;][et_pb_text _builder_version=&#8221;4.21.0&#8243; text_text_color=&#8221;#333333&#8243; text_font_size=&#8221;12px&#8221; text_line_height=&#8221;1.6em&#8221; header_2_font=&#8221;|700||on|||||&#8221; header_2_text_color=&#8221;#333333&#8243; header_2_font_size=&#8221;12px&#8221; header_2_letter_spacing=&#8221;2px&#8221; header_3_font=&#8221;|||on|||||&#8221; header_3_text_color=&#8221;#333333&#8243; header_3_font_size=&#8221;11px&#8221; header_5_font=&#8221;Muli|600||on|||||&#8221; header_5_text_color=&#8221;#666666&#8243; header_5_font_size=&#8221;12px&#8221; header_5_letter_spacing=&#8221;1px&#8221; background_size=&#8221;initial&#8221; background_position=&#8221;top_left&#8221; background_repeat=&#8221;repeat&#8221; custom_margin=&#8221;20px||10px||false|false&#8221; custom_padding=&#8221;||||false|false&#8221; hover_enabled=&#8221;0&#8243; global_colors_info=&#8221;{}&#8221; sticky_enabled=&#8221;0&#8243;]<\/p>\n<h2>Web Design<\/h2>\n<h3>Design graphique \/ WordPress DIVI ou Elementor \u2028<a href=\"http:\/\/www.lhommequitremble.com\" target=\"_blank\" rel=\"noopener noreferrer\">l&#8217;homme qui tremble \u2014 Fran\u00e7ois Gaillard \u00e0 Nantes au Solilab<\/a><\/h3>\n<p>[\/et_pb_text][\/et_pb_column][et_pb_column type=&#8221;1_4&#8243; _builder_version=&#8221;4.16&#8243; global_colors_info=&#8221;{}&#8221;][\/et_pb_column][et_pb_column type=&#8221;1_4&#8243; _builder_version=&#8221;4.16&#8243; global_colors_info=&#8221;{}&#8221;][\/et_pb_column][\/et_pb_row][\/et_pb_section]<\/p>\n","protected":false},"excerpt":{"rendered":"<p>Legal noticesTh\u00e9\u00e2tre de l&#8217;EntrouvertP\u00e9pini\u00e8res d&#8217;entreprises171 Avenue Eug\u00e8ne Baudouin84400 Apt This website is hosted on OVH Publisher Camille TrastourSupport La Compagnie du Th\u00e9\u00e2tre de l\u2019Entrouvert est conventionn\u00e9e DRAC Provence-Alpes-C\u00f4te d&#8217;Azur et [&hellip;]<\/p>\n","protected":false},"author":2,"featured_media":0,"parent":0,"menu_order":0,"comment_status":"closed","ping_status":"closed","template":"","meta":{"_et_pb_use_builder":"on","_et_pb_old_content":"","_et_gb_content_width":"","footnotes":""},"class_list":["post-15441","page","type-page","status-publish","hentry"],"yoast_head":"<!-- This site is optimized with the Yoast SEO plugin v27.4 - https:\/\/yoast.com\/product\/yoast-seo-wordpress\/ -->\n<title>mentions l\u00e9gales - Th\u00e9\u00e2tre de l&#039;Entrouvert<\/title>\n<meta name=\"robots\" content=\"index, follow, max-snippet:-1, max-image-preview:large, max-video-preview:-1\" \/>\n<link rel=\"canonical\" href=\"https:\/\/lentrouvert.com\/en\/mentions-legales\/\" \/>\n<meta property=\"og:locale\" content=\"en_US\" \/>\n<meta property=\"og:type\" content=\"article\" \/>\n<meta property=\"og:title\" content=\"mentions l\u00e9gales - Th\u00e9\u00e2tre de l&#039;Entrouvert\" \/>\n<meta property=\"og:description\" content=\"Legal noticesTh\u00e9\u00e2tre de l&#039;EntrouvertP\u00e9pini\u00e8res d&#039;entreprises171 Avenue Eug\u00e8ne Baudouin84400 Apt This website is hosted on OVH Publisher Camille TrastourSupport La Compagnie du Th\u00e9\u00e2tre de l\u2019Entrouvert est conventionn\u00e9e DRAC Provence-Alpes-C\u00f4te d&#039;Azur et [&hellip;]\" \/>\n<meta property=\"og:url\" content=\"https:\/\/lentrouvert.com\/en\/mentions-legales\/\" \/>\n<meta property=\"og:site_name\" content=\"Th\u00e9\u00e2tre de l&#039;Entrouvert\" \/>\n<meta name=\"twitter:card\" content=\"summary_large_image\" \/>\n<meta name=\"twitter:label1\" content=\"Est. reading time\" \/>\n\t<meta name=\"twitter:data1\" content=\"4 minutes\" \/>\n<script type=\"application\/ld+json\" class=\"yoast-schema-graph\">{\"@context\":\"https:\\\/\\\/schema.org\",\"@graph\":[{\"@type\":\"WebPage\",\"@id\":\"https:\\\/\\\/lentrouvert.com\\\/en\\\/mentions-legales\\\/\",\"url\":\"https:\\\/\\\/lentrouvert.com\\\/en\\\/mentions-legales\\\/\",\"name\":\"mentions l\u00e9gales - Th\u00e9\u00e2tre de l&#039;Entrouvert\",\"isPartOf\":{\"@id\":\"https:\\\/\\\/lentrouvert.com\\\/en\\\/#website\"},\"datePublished\":\"2025-10-14T09:46:00+00:00\",\"breadcrumb\":{\"@id\":\"https:\\\/\\\/lentrouvert.com\\\/en\\\/mentions-legales\\\/#breadcrumb\"},\"inLanguage\":\"en-US\",\"potentialAction\":[{\"@type\":\"ReadAction\",\"target\":[\"https:\\\/\\\/lentrouvert.com\\\/en\\\/mentions-legales\\\/\"]}]},{\"@type\":\"BreadcrumbList\",\"@id\":\"https:\\\/\\\/lentrouvert.com\\\/en\\\/mentions-legales\\\/#breadcrumb\",\"itemListElement\":[{\"@type\":\"ListItem\",\"position\":1,\"name\":\"Accueil\",\"item\":\"https:\\\/\\\/lentrouvert.com\\\/en\\\/spectacle-de-marionnette-contemporaine\\\/\"},{\"@type\":\"ListItem\",\"position\":2,\"name\":\"mentions l\u00e9gales\"}]},{\"@type\":\"WebSite\",\"@id\":\"https:\\\/\\\/lentrouvert.com\\\/en\\\/#website\",\"url\":\"https:\\\/\\\/lentrouvert.com\\\/en\\\/\",\"name\":\"Th\u00e9\u00e2tre de l&#039;Entrouvert\",\"description\":\"Elise Vigneron\",\"publisher\":{\"@id\":\"https:\\\/\\\/lentrouvert.com\\\/en\\\/#organization\"},\"potentialAction\":[{\"@type\":\"SearchAction\",\"target\":{\"@type\":\"EntryPoint\",\"urlTemplate\":\"https:\\\/\\\/lentrouvert.com\\\/en\\\/?s={search_term_string}\"},\"query-input\":{\"@type\":\"PropertyValueSpecification\",\"valueRequired\":true,\"valueName\":\"search_term_string\"}}],\"inLanguage\":\"en-US\"},{\"@type\":\"Organization\",\"@id\":\"https:\\\/\\\/lentrouvert.com\\\/en\\\/#organization\",\"name\":\"Th\u00e9\u00e2tre de l\u2019Entrouvert\",\"url\":\"https:\\\/\\\/lentrouvert.com\\\/en\\\/\",\"logo\":{\"@type\":\"ImageObject\",\"inLanguage\":\"en-US\",\"@id\":\"https:\\\/\\\/lentrouvert.com\\\/en\\\/#\\\/schema\\\/logo\\\/image\\\/\",\"url\":\"\",\"contentUrl\":\"\",\"caption\":\"Th\u00e9\u00e2tre de l\u2019Entrouvert\"},\"image\":{\"@id\":\"https:\\\/\\\/lentrouvert.com\\\/en\\\/#\\\/schema\\\/logo\\\/image\\\/\"}}]}<\/script>\n<!-- \/ Yoast SEO plugin. -->","yoast_head_json":{"title":"mentions l\u00e9gales - Th\u00e9\u00e2tre de l&#039;Entrouvert","robots":{"index":"index","follow":"follow","max-snippet":"max-snippet:-1","max-image-preview":"max-image-preview:large","max-video-preview":"max-video-preview:-1"},"canonical":"https:\/\/lentrouvert.com\/en\/mentions-legales\/","og_locale":"en_US","og_type":"article","og_title":"mentions l\u00e9gales - Th\u00e9\u00e2tre de l&#039;Entrouvert","og_description":"Legal noticesTh\u00e9\u00e2tre de l'EntrouvertP\u00e9pini\u00e8res d'entreprises171 Avenue Eug\u00e8ne Baudouin84400 Apt This website is hosted on OVH Publisher Camille TrastourSupport La Compagnie du Th\u00e9\u00e2tre de l\u2019Entrouvert est conventionn\u00e9e DRAC Provence-Alpes-C\u00f4te d'Azur et [&hellip;]","og_url":"https:\/\/lentrouvert.com\/en\/mentions-legales\/","og_site_name":"Th\u00e9\u00e2tre de l&#039;Entrouvert","twitter_card":"summary_large_image","twitter_misc":{"Est. reading time":"4 minutes"},"schema":{"@context":"https:\/\/schema.org","@graph":[{"@type":"WebPage","@id":"https:\/\/lentrouvert.com\/en\/mentions-legales\/","url":"https:\/\/lentrouvert.com\/en\/mentions-legales\/","name":"mentions l\u00e9gales - Th\u00e9\u00e2tre de l&#039;Entrouvert","isPartOf":{"@id":"https:\/\/lentrouvert.com\/en\/#website"},"datePublished":"2025-10-14T09:46:00+00:00","breadcrumb":{"@id":"https:\/\/lentrouvert.com\/en\/mentions-legales\/#breadcrumb"},"inLanguage":"en-US","potentialAction":[{"@type":"ReadAction","target":["https:\/\/lentrouvert.com\/en\/mentions-legales\/"]}]},{"@type":"BreadcrumbList","@id":"https:\/\/lentrouvert.com\/en\/mentions-legales\/#breadcrumb","itemListElement":[{"@type":"ListItem","position":1,"name":"Accueil","item":"https:\/\/lentrouvert.com\/en\/spectacle-de-marionnette-contemporaine\/"},{"@type":"ListItem","position":2,"name":"mentions l\u00e9gales"}]},{"@type":"WebSite","@id":"https:\/\/lentrouvert.com\/en\/#website","url":"https:\/\/lentrouvert.com\/en\/","name":"Th\u00e9\u00e2tre de l&#039;Entrouvert","description":"Elise Vigneron","publisher":{"@id":"https:\/\/lentrouvert.com\/en\/#organization"},"potentialAction":[{"@type":"SearchAction","target":{"@type":"EntryPoint","urlTemplate":"https:\/\/lentrouvert.com\/en\/?s={search_term_string}"},"query-input":{"@type":"PropertyValueSpecification","valueRequired":true,"valueName":"search_term_string"}}],"inLanguage":"en-US"},{"@type":"Organization","@id":"https:\/\/lentrouvert.com\/en\/#organization","name":"Th\u00e9\u00e2tre de l\u2019Entrouvert","url":"https:\/\/lentrouvert.com\/en\/","logo":{"@type":"ImageObject","inLanguage":"en-US","@id":"https:\/\/lentrouvert.com\/en\/#\/schema\/logo\/image\/","url":"","contentUrl":"","caption":"Th\u00e9\u00e2tre de l\u2019Entrouvert"},"image":{"@id":"https:\/\/lentrouvert.com\/en\/#\/schema\/logo\/image\/"}}]}},"_links":{"self":[{"href":"https:\/\/lentrouvert.com\/en\/wp-json\/wp\/v2\/pages\/15441","targetHints":{"allow":["GET"]}}],"collection":[{"href":"https:\/\/lentrouvert.com\/en\/wp-json\/wp\/v2\/pages"}],"about":[{"href":"https:\/\/lentrouvert.com\/en\/wp-json\/wp\/v2\/types\/page"}],"author":[{"embeddable":true,"href":"https:\/\/lentrouvert.com\/en\/wp-json\/wp\/v2\/users\/2"}],"replies":[{"embeddable":true,"href":"https:\/\/lentrouvert.com\/en\/wp-json\/wp\/v2\/comments?post=15441"}],"version-history":[{"count":0,"href":"https:\/\/lentrouvert.com\/en\/wp-json\/wp\/v2\/pages\/15441\/revisions"}],"wp:attachment":[{"href":"https:\/\/lentrouvert.com\/en\/wp-json\/wp\/v2\/media?parent=15441"}],"curies":[{"name":"wp","href":"https:\/\/api.w.org\/{rel}","templated":true}]}}