{"id":6136,"date":"2020-02-12T15:19:06","date_gmt":"2020-02-12T14:19:06","guid":{"rendered":"http:\/\/test.lentrouvert.com\/le-theatre-de-lentrouvert\/"},"modified":"2025-07-29T10:38:55","modified_gmt":"2025-07-29T08:38:55","slug":"le-theatre-de-lentrouvert","status":"publish","type":"page","link":"https:\/\/lentrouvert.com\/en\/le-theatre-de-lentrouvert\/","title":{"rendered":"Le Th\u00e9\u00e2tre de l&#8217;Entrouvert"},"content":{"rendered":"<p>[et_pb_section fb_built=&#8221;1&#8243; admin_label=&#8221;section&#8221; _builder_version=&#8221;3.22&#8243;][et_pb_row _builder_version=&#8221;4.0.6&#8243;][et_pb_column _builder_version=&#8221;4.0.6&#8243; type=&#8221;4_4&#8243;][et_pb_text _builder_version=&#8221;4.0.6&#8243; header_font_size=&#8221;60px&#8221; hover_enabled=&#8221;0&#8243;]<\/p>\n<h1>The compagny<\/h1>\n<p>[\/et_pb_text][\/et_pb_column][\/et_pb_row][et_pb_row admin_label=&#8221;row&#8221; _builder_version=&#8221;4.0.6&#8243; background_size=&#8221;initial&#8221; background_position=&#8221;top_left&#8221; background_repeat=&#8221;repeat&#8221; hover_enabled=&#8221;0&#8243; column_structure=&#8221;1_3,1_3,1_3&#8243; custom_padding=&#8221;0px|||||&#8221;][et_pb_column type=&#8221;1_3&#8243; _builder_version=&#8221;3.25&#8243; custom_padding=&#8221;|||&#8221; custom_padding__hover=&#8221;|||&#8221;][et_pb_text admin_label=&#8221;Text&#8221; _builder_version=&#8221;4.0.6&#8243; background_size=&#8221;initial&#8221; background_position=&#8221;top_left&#8221; background_repeat=&#8221;repeat&#8221; hover_enabled=&#8221;0&#8243; text_font_size=&#8221;14px&#8221; text_line_height=&#8221;1.5em&#8221;]<\/p>\n<p>Elise Vigneron founded the Th\u00e9\u00e2tre de l\u2019Entrouvert company in 2009 with a solo performance, <em>Travers\u00e9es<\/em>, a wordless, ambulatory show designed to inhabit unconventional spaces. Her artistic vision focuses on developing a visual language that speaks directly to the senses and the unconscious, immersing audiences in a shared and intimate experience.<br \/> Developing a visual language that speaks directly to the senses and the unconscious, immersing the audience in a shared and intimate experience, is the artistic vision she pursues.<\/p>\n<p><em>Travers\u00e9es<\/em> laid the foundation for a visual writing style close to installation art, combining a strong presence of the elements (water, earth, fire, air) with unsettling imagery. Its premiere at the World Festival of Puppet Theatres in Charleville-M\u00e9zi\u00e8res led to extensive international touring. The piece received the \u201cInnovative Form\u201d award at the International Puppet Festival in Lleida, Spain.<\/p>\n<p>From 2008 to 2011, she was supported by V\u00e9lo Th\u00e9\u00e2tre, a venue dedicated to object theatre in Apt (84).<\/p>\n<p>In 2011, Elise Vigneron created a short, musical version of <em>Travers\u00e9es<\/em>, titled <em>Travers\u00e9es<\/em> \/ Fragments, in collaboration with musicians \u00c9milie Lesbros (vocals) and Pascal Charrier (guitar).<\/p>\n<p>IMPERMANENCE est cr\u00e9\u00e9 en 2013 avec Eleonora Gimenez, \u00e9quilibriste, autour des po\u00e8mes de Tarjei Vesaas et de l\u2019animation de mat\u00e9riaux \u00e9ph\u00e9m\u00e8res et instables.<\/p>\n<p>From 2014 to 2017, she was an associate artist at Espace J\u00e9liote, a venue for puppet arts in Oloron Sainte-Marie (64).<\/p>\n<p>In <em>Anywhere <\/em>(2016), a piece freely inspired by Henry Bauchau\u2019s novel <em>Oedipus on the Road<\/em> and created with puppeteer H\u00e9l\u00e8ne Barreau, Elise Vigneron deepened her research into the transformation of ice\u2014from solid to gas\u2014by staging a puppet made of ice, representing the figure of Oedipus. This show receives Henry Bauchau&#8217;s prize in 2017 and the first pize at Puppet festivalof Ostrava in Czech republic<\/p>\n<p>In L\u2019<em>enfant<\/em> (2018), premiered at TJP, CDN of Strasbourg, she developed an immersive form adapted from <em>The Death of Tintagiles<\/em> by Maurice Maeterlinck. The audience is guided through a labyrinthine space filled with ephemeral scenography, experiencing the play physically and from within.<\/p>\n<p>From 2015 to 2020 Elise Vigneron is accompanied by Les Th\u00e9\u00e2tres in Marseille and Aix en Provence (13).<\/p>\n<p>Alongside the productions and in collaboration with cultural institutions, the company leads transmission work through labs, workshops, and training sessions.<\/p>\n<p>The company Th\u00e9\u00e2tre de l\u2019Entrouvert is contracted by the DRAC Provence Alpes Cote d\u2019Azur. Often receives support for creation from the town of Apt, the Conseil d\u00e9partemental of Vaucluse, the R\u00e9gion Sud and SPEDIDAM and ADAMI. The company also receives support for touring from ONDA (National Office for Artistic Circulation). She receives regular support from SPEDIDAM and ADAMI.<\/p>\n<p>The company\u2019s productions have been presented at prestigious venues and festivals such as SPAF \u2013 Seoul Performing Arts Festival (South Korea), the World Festival of Puppet Theatres in Charleville-M\u00e9zi\u00e8res (France), the Biennale of Puppet Arts in Paris, the Corps-Objets-Images Biennale at TJP, CDN of Strasbourg, Teatro Nacional de Montevideo (Uruguay), Municipal Theatre of Rosario (Argentina), FIMFA Festival in Lisbon (Portugal), Mime London Festival (UK), UNIDRAM Festival in Potsdam (Germany), Internationales Figurentheaterfestival in Magdeburg (Germany), Lutke Festival in Ljubljana (Slovenia), among others.<\/p>\n<p>&nbsp;<\/p>\n<p>[\/et_pb_text][\/et_pb_column][et_pb_column type=&#8221;1_3&#8243; _builder_version=&#8221;3.25&#8243; custom_padding=&#8221;|||&#8221; custom_padding__hover=&#8221;|||&#8221;][\/et_pb_column][et_pb_column type=&#8221;1_3&#8243; _builder_version=&#8221;3.25&#8243; custom_padding=&#8221;|||&#8221; custom_padding__hover=&#8221;|||&#8221;][\/et_pb_column][\/et_pb_row][\/et_pb_section]<\/p>\n","protected":false},"excerpt":{"rendered":"<p>The compagny Elise Vigneron founded the Th\u00e9\u00e2tre de l\u2019Entrouvert company in 2009 with a solo performance, Travers\u00e9es, a wordless, ambulatory show designed to inhabit unconventional spaces. Her artistic vision focuses [&hellip;]<\/p>\n","protected":false},"author":2,"featured_media":0,"parent":0,"menu_order":0,"comment_status":"closed","ping_status":"closed","template":"","meta":{"_et_pb_use_builder":"on","_et_pb_old_content":"","_et_gb_content_width":"","footnotes":""},"class_list":["post-6136","page","type-page","status-publish","hentry"],"yoast_head":"<!-- This site is optimized with the Yoast SEO plugin v27.2 - https:\/\/yoast.com\/product\/yoast-seo-wordpress\/ -->\n<title>Le Th\u00e9\u00e2tre de l&#039;Entrouvert - Th\u00e9\u00e2tre de l&#039;Entrouvert<\/title>\n<meta name=\"robots\" content=\"index, follow, max-snippet:-1, max-image-preview:large, max-video-preview:-1\" \/>\n<link rel=\"canonical\" href=\"https:\/\/lentrouvert.com\/en\/le-theatre-de-lentrouvert\/\" \/>\n<meta property=\"og:locale\" content=\"en_US\" \/>\n<meta property=\"og:type\" content=\"article\" \/>\n<meta property=\"og:title\" content=\"Le Th\u00e9\u00e2tre de l&#039;Entrouvert - Th\u00e9\u00e2tre de l&#039;Entrouvert\" \/>\n<meta property=\"og:description\" content=\"The compagny Elise Vigneron founded the Th\u00e9\u00e2tre de l\u2019Entrouvert company in 2009 with a solo performance, Travers\u00e9es, a wordless, ambulatory show designed to inhabit unconventional spaces. Her artistic vision focuses [&hellip;]\" \/>\n<meta property=\"og:url\" content=\"https:\/\/lentrouvert.com\/en\/le-theatre-de-lentrouvert\/\" \/>\n<meta property=\"og:site_name\" content=\"Th\u00e9\u00e2tre de l&#039;Entrouvert\" \/>\n<meta property=\"article:modified_time\" content=\"2025-07-29T08:38:55+00:00\" \/>\n<meta name=\"twitter:card\" content=\"summary_large_image\" \/>\n<meta name=\"twitter:label1\" content=\"Est. reading time\" \/>\n\t<meta name=\"twitter:data1\" content=\"3 minutes\" \/>\n<script type=\"application\/ld+json\" class=\"yoast-schema-graph\">{\"@context\":\"https:\/\/schema.org\",\"@graph\":[{\"@type\":\"WebPage\",\"@id\":\"https:\/\/lentrouvert.com\/en\/le-theatre-de-lentrouvert\/\",\"url\":\"https:\/\/lentrouvert.com\/en\/le-theatre-de-lentrouvert\/\",\"name\":\"Le Th\u00e9\u00e2tre de l'Entrouvert - Th\u00e9\u00e2tre de l&#039;Entrouvert\",\"isPartOf\":{\"@id\":\"https:\/\/lentrouvert.com\/en\/#website\"},\"datePublished\":\"2020-02-12T14:19:06+00:00\",\"dateModified\":\"2025-07-29T08:38:55+00:00\",\"breadcrumb\":{\"@id\":\"https:\/\/lentrouvert.com\/en\/le-theatre-de-lentrouvert\/#breadcrumb\"},\"inLanguage\":\"en-US\",\"potentialAction\":[{\"@type\":\"ReadAction\",\"target\":[\"https:\/\/lentrouvert.com\/en\/le-theatre-de-lentrouvert\/\"]}]},{\"@type\":\"BreadcrumbList\",\"@id\":\"https:\/\/lentrouvert.com\/en\/le-theatre-de-lentrouvert\/#breadcrumb\",\"itemListElement\":[{\"@type\":\"ListItem\",\"position\":1,\"name\":\"Accueil\",\"item\":\"https:\/\/lentrouvert.com\/en\/spectacle-de-marionnette-contemporaine\/\"},{\"@type\":\"ListItem\",\"position\":2,\"name\":\"Le Th\u00e9\u00e2tre de l&#8217;Entrouvert\"}]},{\"@type\":\"WebSite\",\"@id\":\"https:\/\/lentrouvert.com\/en\/#website\",\"url\":\"https:\/\/lentrouvert.com\/en\/\",\"name\":\"Th\u00e9\u00e2tre de l&#039;Entrouvert\",\"description\":\"Elise Vigneron\",\"publisher\":{\"@id\":\"https:\/\/lentrouvert.com\/en\/#organization\"},\"potentialAction\":[{\"@type\":\"SearchAction\",\"target\":{\"@type\":\"EntryPoint\",\"urlTemplate\":\"https:\/\/lentrouvert.com\/en\/?s={search_term_string}\"},\"query-input\":{\"@type\":\"PropertyValueSpecification\",\"valueRequired\":true,\"valueName\":\"search_term_string\"}}],\"inLanguage\":\"en-US\"},{\"@type\":\"Organization\",\"@id\":\"https:\/\/lentrouvert.com\/en\/#organization\",\"name\":\"Th\u00e9\u00e2tre de l\u2019Entrouvert\",\"url\":\"https:\/\/lentrouvert.com\/en\/\",\"logo\":{\"@type\":\"ImageObject\",\"inLanguage\":\"en-US\",\"@id\":\"https:\/\/lentrouvert.com\/en\/#\/schema\/logo\/image\/\",\"url\":\"\",\"contentUrl\":\"\",\"caption\":\"Th\u00e9\u00e2tre de l\u2019Entrouvert\"},\"image\":{\"@id\":\"https:\/\/lentrouvert.com\/en\/#\/schema\/logo\/image\/\"}}]}<\/script>\n<!-- \/ Yoast SEO plugin. -->","yoast_head_json":{"title":"Le Th\u00e9\u00e2tre de l'Entrouvert - Th\u00e9\u00e2tre de l&#039;Entrouvert","robots":{"index":"index","follow":"follow","max-snippet":"max-snippet:-1","max-image-preview":"max-image-preview:large","max-video-preview":"max-video-preview:-1"},"canonical":"https:\/\/lentrouvert.com\/en\/le-theatre-de-lentrouvert\/","og_locale":"en_US","og_type":"article","og_title":"Le Th\u00e9\u00e2tre de l'Entrouvert - Th\u00e9\u00e2tre de l&#039;Entrouvert","og_description":"The compagny Elise Vigneron founded the Th\u00e9\u00e2tre de l\u2019Entrouvert company in 2009 with a solo performance, Travers\u00e9es, a wordless, ambulatory show designed to inhabit unconventional spaces. Her artistic vision focuses [&hellip;]","og_url":"https:\/\/lentrouvert.com\/en\/le-theatre-de-lentrouvert\/","og_site_name":"Th\u00e9\u00e2tre de l&#039;Entrouvert","article_modified_time":"2025-07-29T08:38:55+00:00","twitter_card":"summary_large_image","twitter_misc":{"Est. reading time":"3 minutes"},"schema":{"@context":"https:\/\/schema.org","@graph":[{"@type":"WebPage","@id":"https:\/\/lentrouvert.com\/en\/le-theatre-de-lentrouvert\/","url":"https:\/\/lentrouvert.com\/en\/le-theatre-de-lentrouvert\/","name":"Le Th\u00e9\u00e2tre de l'Entrouvert - Th\u00e9\u00e2tre de l&#039;Entrouvert","isPartOf":{"@id":"https:\/\/lentrouvert.com\/en\/#website"},"datePublished":"2020-02-12T14:19:06+00:00","dateModified":"2025-07-29T08:38:55+00:00","breadcrumb":{"@id":"https:\/\/lentrouvert.com\/en\/le-theatre-de-lentrouvert\/#breadcrumb"},"inLanguage":"en-US","potentialAction":[{"@type":"ReadAction","target":["https:\/\/lentrouvert.com\/en\/le-theatre-de-lentrouvert\/"]}]},{"@type":"BreadcrumbList","@id":"https:\/\/lentrouvert.com\/en\/le-theatre-de-lentrouvert\/#breadcrumb","itemListElement":[{"@type":"ListItem","position":1,"name":"Accueil","item":"https:\/\/lentrouvert.com\/en\/spectacle-de-marionnette-contemporaine\/"},{"@type":"ListItem","position":2,"name":"Le Th\u00e9\u00e2tre de l&#8217;Entrouvert"}]},{"@type":"WebSite","@id":"https:\/\/lentrouvert.com\/en\/#website","url":"https:\/\/lentrouvert.com\/en\/","name":"Th\u00e9\u00e2tre de l&#039;Entrouvert","description":"Elise Vigneron","publisher":{"@id":"https:\/\/lentrouvert.com\/en\/#organization"},"potentialAction":[{"@type":"SearchAction","target":{"@type":"EntryPoint","urlTemplate":"https:\/\/lentrouvert.com\/en\/?s={search_term_string}"},"query-input":{"@type":"PropertyValueSpecification","valueRequired":true,"valueName":"search_term_string"}}],"inLanguage":"en-US"},{"@type":"Organization","@id":"https:\/\/lentrouvert.com\/en\/#organization","name":"Th\u00e9\u00e2tre de l\u2019Entrouvert","url":"https:\/\/lentrouvert.com\/en\/","logo":{"@type":"ImageObject","inLanguage":"en-US","@id":"https:\/\/lentrouvert.com\/en\/#\/schema\/logo\/image\/","url":"","contentUrl":"","caption":"Th\u00e9\u00e2tre de l\u2019Entrouvert"},"image":{"@id":"https:\/\/lentrouvert.com\/en\/#\/schema\/logo\/image\/"}}]}},"_links":{"self":[{"href":"https:\/\/lentrouvert.com\/en\/wp-json\/wp\/v2\/pages\/6136","targetHints":{"allow":["GET"]}}],"collection":[{"href":"https:\/\/lentrouvert.com\/en\/wp-json\/wp\/v2\/pages"}],"about":[{"href":"https:\/\/lentrouvert.com\/en\/wp-json\/wp\/v2\/types\/page"}],"author":[{"embeddable":true,"href":"https:\/\/lentrouvert.com\/en\/wp-json\/wp\/v2\/users\/2"}],"replies":[{"embeddable":true,"href":"https:\/\/lentrouvert.com\/en\/wp-json\/wp\/v2\/comments?post=6136"}],"version-history":[{"count":0,"href":"https:\/\/lentrouvert.com\/en\/wp-json\/wp\/v2\/pages\/6136\/revisions"}],"wp:attachment":[{"href":"https:\/\/lentrouvert.com\/en\/wp-json\/wp\/v2\/media?parent=6136"}],"curies":[{"name":"wp","href":"https:\/\/api.w.org\/{rel}","templated":true}]}}