{"id":6151,"date":"2020-02-13T12:15:07","date_gmt":"2020-02-13T11:15:07","guid":{"rendered":"http:\/\/test.lentrouvert.com\/elise-vigneron\/"},"modified":"2025-12-05T17:12:05","modified_gmt":"2025-12-05T16:12:05","slug":"elise-vigneron","status":"publish","type":"page","link":"https:\/\/lentrouvert.com\/en\/elise-vigneron\/","title":{"rendered":"\u00c9lise Vigneron"},"content":{"rendered":"<p>[et_pb_section fb_built=&#8221;1&#8243; admin_label=&#8221;section&#8221; _builder_version=&#8221;4.16&#8243; background_image=&#8221;https:\/\/lentrouvert.com\/wp-content\/uploads\/2020\/01\/elise-vigneron-Pierre_Hybre.jpg&#8221; parallax=&#8221;on&#8221; parallax_method=&#8221;off&#8221; custom_margin=&#8221;||||false|false&#8221; background_color_phone=&#8221;rgba(0,0,0,0)&#8221; background_last_edited=&#8221;on|phone&#8221; background_enable_color_phone=&#8221;on&#8221; background_image_phone=&#8221;https:\/\/lentrouvert.com\/wp-content\/uploads\/2020\/01\/elise-vigneron-Pierre_Hybre.jpg&#8221; background_enable_image_phone=&#8221;on&#8221; global_colors_info=&#8221;{}&#8221;][et_pb_row column_structure=&#8221;1_2,1_2&#8243; admin_label=&#8221;row&#8221; _builder_version=&#8221;4.16&#8243; background_size=&#8221;initial&#8221; background_position=&#8221;top_left&#8221; background_repeat=&#8221;repeat&#8221; width=&#8221;auto&#8221; width_tablet=&#8221;90vw&#8221; width_phone=&#8221;85vw&#8221; width_last_edited=&#8221;on|phone&#8221; custom_margin=&#8221;50px||||false|false&#8221; custom_margin_tablet=&#8221;100px||||false|false&#8221; custom_margin_phone=&#8221;100px||||false|false&#8221; custom_margin_last_edited=&#8221;on|phone&#8221; custom_padding=&#8221;|||0px|false|false&#8221; animation_direction=&#8221;bottom&#8221; global_colors_info=&#8221;{}&#8221;][et_pb_column type=&#8221;1_2&#8243; _builder_version=&#8221;4.16&#8243; custom_padding=&#8221;|||&#8221; global_colors_info=&#8221;{}&#8221; custom_padding__hover=&#8221;|||&#8221;][et_pb_text content_tablet=&#8221;<\/p>\n<h1>\u00c9lise<br \/> Vigneron<\/h1>\n<h2>Director, puppeteer, visual artist<\/h2>\n<p>&#8221; content_phone=&#8221;<\/p>\n<h1>\u00c9lise<br \/> Vigneron<\/h1>\n<h2>Director, puppeteer, visual artist<\/h2>\n<p>&#8221; content_last_edited=&#8221;on|phone&#8221; _builder_version=&#8221;4.22.1&#8243; header_font=&#8221;Work Sans|100||on|||||&#8221; header_text_color=&#8221;#e3eef2&#8243; header_font_size=&#8221;90px&#8221; header_letter_spacing=&#8221;-2px&#8221; header_line_height=&#8221;0.9em&#8221; header_2_font=&#8221;Muli|300|||||||&#8221; header_2_text_color=&#8221;#ffffff&#8221; header_2_font_size=&#8221;21px&#8221; header_3_font=&#8221;|300|||||||&#8221; header_3_text_color=&#8221;#e3eef2&#8243; header_3_font_size=&#8221;21px&#8221; custom_margin=&#8221;||10px||false|false&#8221; custom_padding=&#8221;||0px|||&#8221; header_font_tablet=&#8221;&#8221; header_font_phone=&#8221;Mulish|200||on|||||&#8221; header_font_last_edited=&#8221;on|phone&#8221; header_font_size_tablet=&#8221;&#8221; header_font_size_phone=&#8221;50px&#8221; header_font_size_last_edited=&#8221;on|phone&#8221; global_colors_info=&#8221;{}&#8221;]<\/p>\n<h1>\u00c9lise<br \/>Vigneron<\/h1>\n<h2>Director, puppeteer, visual artist<\/h2>\n<p>[\/et_pb_text][et_pb_text quote_border_color=&#8221;rgba(102,102,102,0.73)&#8221; admin_label=&#8221;Text&#8221; _builder_version=&#8221;4.27.4&#8243; text_font=&#8221;||||||||&#8221; text_line_height=&#8221;1.6em&#8221; quote_font=&#8221;||on||||||&#8221; header_3_font=&#8221;Work Sans|300|||||||&#8221; header_3_font_size=&#8221;20px&#8221; background_color=&#8221;rgba(255,255,255,0.84)&#8221; background_size=&#8221;initial&#8221; background_position=&#8221;top_left&#8221; background_repeat=&#8221;repeat&#8221; width_tablet=&#8221;90vw&#8221; width_phone=&#8221;85vw&#8221; width_last_edited=&#8221;on|phone&#8221; module_alignment=&#8221;left&#8221; custom_padding=&#8221;15px|15px|15px|15px|false|false&#8221; hover_enabled=&#8221;0&#8243; module_alignment_tablet=&#8221;&#8221; module_alignment_phone=&#8221;&#8221; module_alignment_last_edited=&#8221;on|desktop&#8221; global_colors_info=&#8221;{}&#8221; sticky_enabled=&#8221;0&#8243;]<\/p>\n<blockquote>\n<p>&nbsp;<\/p>\n<p>\u00abBy highlighting the fragility and metamorphosis of matter, by bringing bodies and pictures to life, I invite the audience to participate in a sensitive experience, and to enter the metaphoric language of a silent theatre.\u00bb<\/p>\n<p>\u00c9lise Vigneron<\/p>\n<\/blockquote>\n<p data-start=\"216\" data-end=\"463\">Trained in visual arts, circus, and puppetry at the <em data-start=\"272\" data-end=\"327\">\u00c9cole nationale sup\u00e9rieure des arts de la marionnette<\/em> in Charleville-M\u00e9zi\u00e8res, \u00c9lise Vigneron has developed a creative language at the crossroads of visual art, theatre, and movement.<\/p>\n<p data-start=\"465\" data-end=\"959\">Her performances often draw inspiration from emblematic literary works, which she translates for the stage through a poetic, visual, and metaphorical language made of images, materials, sounds, gestures, and sometimes words. The notions of metamorphosis and in-betweenness inhabit her work, taking shape through the staging of ephemeral materials. Each project questions anew the audience\u2019s perception and place through specific scenic setups that foster a shared, sensory experience.<\/p>\n<p data-start=\"465\" data-end=\"959\">Elise Vigneron is the 2026 laureate of the Villa Kujoyama in Kyoto for a residency in collaboration with dancer and choreographer Azusa Takeuchi.<\/p>\n<p data-start=\"991\" data-end=\"1477\">She regularly collaborates with artists and researchers from diverse backgrounds: theatre directors Argyro Chioti, Tibo Gebert, and Julika Mayer; choreographers Anne Nguyen and Satchie Noro; circus artists Eleonora Gimenez, Marion Collet, and Fanny Soriano; dramaturgs Marion Stoufflet and Manon Worms; musicians Thibault Perriard, \u00c9milie Lesbros, Pascal Charrier, Robin Finker, and Julien Tamisier; and scientists such as glaciologist Maurine Montagnat and climatologist Xavier Fain<\/p>\n<p data-start=\"1512\" data-end=\"1906\">She is currently an associated artist at <em data-start=\"1557\" data-end=\"1609\">La Halle aux grains, sc\u00e8ne nationale de Blois (41)<\/em> and at <em data-start=\"1617\" data-end=\"1644\">Th\u00e9\u00e2tre de Ch\u00e2tillon (92)<\/em>.<br data-start=\"1645\" data-end=\"1648\" \/>She is also an artiste compagnon at <em data-start=\"1688\" data-end=\"1785\">Th\u00e9\u00e2tre Joliette, sc\u00e8ne conventionn\u00e9e art et cr\u00e9ation \u2013 expressions et \u00e9critures contemporaines<\/em> in <em data-start=\"1789\" data-end=\"1805\">Marseille (13)<\/em>, and an artiste complice at <em data-start=\"1838\" data-end=\"1889\">Le V\u00e9lo Th\u00e9\u00e2tre, ann\u00e9es n+1 \u2013 sc\u00e8ne conventionn\u00e9e<\/em> in <em data-start=\"1893\" data-end=\"1903\">Apt (84)<\/em>.<\/p>\n<p data-start=\"1930\" data-end=\"2609\">\u00c9lise Vigneron has received several major distinctions for her work as a puppeteer and director:<br \/>&gt; 2025 \u2013 Satchie Noro \/ Cie Furinka\u00ef &amp; \u00c9lise Vigneron &#8211; Th\u00e9\u00e2tre de l\u2019Entrouvert have been selected by the European platform Aerowaves for the work Mizu.\u00a0<br data-start=\"2026\" data-end=\"2029\" \/>&gt; 2022 \u2013 <em data-start=\"2036\" data-end=\"2048\">TRAVERS\u00c9ES<\/em> received the Young Critics Award at the <em data-start=\"2093\" data-end=\"2129\">21st International Puppet Festival<\/em> in Bielsko-Bia\u0142a, Poland.<br data-start=\"2155\" data-end=\"2158\" \/>&gt; 2019 \u2013 She was awarded the International Creation \/ Experimentation Prize by the <em data-start=\"2243\" data-end=\"2285\">Institut International de la Marionnette<\/em>.<br data-start=\"2286\" data-end=\"2289\" \/>&gt; 2018 \u2013 <em data-start=\"2296\" data-end=\"2306\">ANYWHERE<\/em> received the Henry Bauchau Prize.<br data-start=\"2344\" data-end=\"2347\" \/>&gt; 2017 \u2013 <em data-start=\"2354\" data-end=\"2364\">ANYWHERE<\/em> won the Vice Major Award at the <em data-start=\"2401\" data-end=\"2436\">International Festival of Ostrava<\/em> in the Czech Republic.<br data-start=\"2459\" data-end=\"2462\" \/>&gt; 2011 \u2013 <em data-start=\"2469\" data-end=\"2481\">TRAVERS\u00c9ES<\/em> received both the Innovative Show Award and the Scenography Award at the <em data-start=\"2563\" data-end=\"2597\">International Festival of Lleida<\/em> in Spain.<\/p>\n<p>[\/et_pb_text][\/et_pb_column][et_pb_column type=&#8221;1_2&#8243; _builder_version=&#8221;4.16&#8243; custom_padding=&#8221;|||&#8221; global_colors_info=&#8221;{}&#8221; custom_padding__hover=&#8221;|||&#8221;][\/et_pb_column][\/et_pb_row][\/et_pb_section]<\/p>\n","protected":false},"excerpt":{"rendered":"<p>\u00c9liseVigneron Director, puppeteer, visual artist &nbsp; \u00abBy highlighting the fragility and metamorphosis of matter, by bringing bodies and pictures to life, I invite the audience to participate in a sensitive [&hellip;]<\/p>\n","protected":false},"author":2,"featured_media":0,"parent":0,"menu_order":0,"comment_status":"closed","ping_status":"open","template":"","meta":{"_et_pb_use_builder":"on","_et_pb_old_content":"[:fr]<a href=\"http:\/\/test.lentrouvert.com\/wp-content\/uploads\/2017\/04\/DSC_0032-e1492552425478.jpg\"><img class=\" wp-image-1700 aligncenter\" src=\"http:\/\/test.lentrouvert.com\/wp-content\/uploads\/2017\/04\/DSC_0032-e1492552425478.jpg\" alt=\"\" width=\"496\" height=\"330\"><\/a>\n<p style=\"text-align: justify;\"><strong>ELISE VIGNERON<\/strong><\/p>\n\n<h6 style=\"text-align: justify;\"><strong>Director, puppeteer, visual artist<\/strong><\/h6>\n<em>\u00ab By highlighting the fragility and metamorphosis of matter, by bringing bodies and pictures to life, I invite the audience to participate in a sensitive experience, and to enter the metaphoric language of a silent theatre. \u00bb Elise Vigneron<\/em>\n\nElise Vigneron graduated in plastic arts and attended drama classes. At the same time, she unremittingly followed circus training courses. She got a diploma at the ESNAM (\u00c9cole Sup\u00e9rieure Nationale des Arts de la Marionnette, Charleville-M\u00e9zi\u00e8res) in 2005.\n\nHer interest in transversal forms led her to work with different artists : Puppeteers, dancers, writers, visual artists, circus artists, musicians.\n\nShe works with the puppeteer Aur\u00e9lie Morin and the company \"Th\u00e9\u00e2tre de Nuit\" on shows such as \"Perpetuum Mobile\" in 2005, \"Mystoires\" in 2007 and \"La Loba\" in 2011. She collaborated, as director and pupetteer with the chinese choreographer Gang Peng on a Hip Hop danse show called \"Sur le Fil\" (Suresnes Danse 2007). She, then, made the scenography for the show \"L'Intruse\" from Maurice Maeterlinck (Festival international de la Marionnette in Tournai 2006).\n\nSupported from 2008 to 2011 from the V\u00e9lo Th\u00e9\u00e2tre - Object Theatre in Apt (France), she created a solo <em>TRAVERSEES<\/em>, ambulatory theatre created to invest spaces undedicated to theatre, freely inspired by \"Seuils\" from Patrick Kerman. This show marks the first step of a visual writing involving both, natural elements and disturbing images. Its creation in Festival Mondial des Th\u00e9\u00e2tres de marionnette \u00e0 Charleville-M\u00e9zi\u00e8res immediately led to an international diffusion. Elise Vigneron created the TH\u00c9\u00c2TRE DE L'ENTROUVERT in January 2010. Travers\u00e9e receved the price for innovative performance in the international festival of puppet in Lleida (Spain).\n\n<em>\u00abTravers\u00e9es\/Fragments\u00bb<\/em>is a short form created in May 2011 together with muscians Emilie Lesbros (song) and Pascal Charrier (guitar).\n\n<em>IMPERMANENCE<\/em> is created in 2013 together wth Eleonora Gimenez (equilibrist and dancer) about poems written by Tarjei Versaas. It is along this Novergian work that her work on unstable, ephemerial elements has started, such as her work on ice.\n\nFrom 2014 - 2017 she is an associated artist with Espace J\u00e9liote in Oloron Sainte-Marie (France).\n\nFrom 2015 to 2020 she is accompanied by Les Th\u00e9\u00e2tres, directing by Dominique Bluzet in Marseille and Aix-en-Provence (France).\n\nIn <em>ANYWHERE <\/em>a play freely inspired by Henry Bauchau\u2019s novel \u00ab \u0152dipe sur la route \u00bb, Elise Vigneron, in collaboration with H\u00e9l\u00e8ne Barreau, carries on her research on the transformation of ice, from the solid to the vapour state, staging an ice puppet representing \u0152dipus. This show receives the Henry Bauchau Price dedicated by the jury member of the Universty of Louvain-La-Neuve (Belgium) in 2018, as well as the Major Price in Ostrava during the international festival of puppet in 2017 (Tcheq Republic).\n\nL'ENFANT (creation in November 2018) is an immersive form adpated from The Death of Tintagiles from Maurice Maeterlinck which conduct the onlooker through a labyrinthine space and animated elements to participate physically and from the inside.\n\nFrom time to time, she multiplied the collaborations wth artists and researchers from different fields : St\u00e9phanie Farison and Julie Denisse, actress, Argyro Chioti, director, Manon Worms, Beno\u00eet Vreux and Eloi Recoing playwrights, Pascal Charrier, Emilie Lesbros, Julien Tamieiser, Sylvain Darrfourq, Robin Fincker, musicians, Eleonora Gimenez, Marion Coll\u00e9 circassians, H\u00e9l\u00e8ne Barreau, Arnaud Louskipane, Uta Gebert, Sarah Lascar, pupetteers, Anne Charrier and Maurine Montagnat scientists.\n\nShe co-created in collaboration with the dancer Anne Nguyen \"Axis Mundi\" which was presented for \"Vive le Sujet!\" (SACD\/festival d'Avignon) in Avignon in July 2019.\n\nIn 2019, she is granted by the International institut of puppetry art through the Award of Creation \/ Experimentation.\n\nWhile pursuing her artistic research, in collaboration with national and international cultural structures, Elise Vigneron transmits her skills through theatre labs, training courses, and workshops. She has been working since 2017 with theater students from Aix en Provence University through puppetry art workshops.\n\n[:en]<a href=\"http:\/\/test.lentrouvert.com\/wp-content\/uploads\/2015\/03\/iElise.jpg\"><img class=\"wp-image-157 aligncenter\" src=\"http:\/\/test.lentrouvert.com\/wp-content\/uploads\/2015\/03\/iElise-1024x683.jpg\" alt=\"iElise\" width=\"500\" height=\"334\"><\/a>\n<h1 style=\"text-align: center;\"><strong>ELISE VIGNERON<\/strong><\/h1>\n<h6 style=\"text-align: center;\"><strong>Director, puppeteer, visual artist<\/strong><\/h6>\n<p style=\"text-align: justify;\">\u00ab <em>By highlighting the fragility and metamorphosis of matter, by bringing bodies and pictures to life, I invite the audience to participate in a sensitive experience, and to enter the metaphoric language of a silent theatre.<\/em> \u00bb Elise Vigneron<\/p>\n<p style=\"text-align: justify;\">Elise Vigneron graduated in plastic arts and attended drama classes. At the same time, she unremittingly followed circus training courses. She got a diploma at the ESNAM (\u00c9cole Sup\u00e9rieure Nationale des Arts de la Marionnette, Charleville-M\u00e9zi\u00e8res) in 2005.<\/p>\n<p style=\"text-align: justify;\">Her interest in transversal forms led her to work with different artists : puppeteers, dancers, writers, visual artists, circus artists, musicians.<\/p>\n<p style=\"text-align: justify;\">She works with the puppeteer Aur\u00e9lie Morin and the company \"Th\u00e9\u00e2tre de Nuit\" on shows such as \"Perpetuum Mobile\" in 2005, \"Mystoires\" in 2007 and \"La Loba\" in 2011. She collaborated, as director and pupetteer with the chinese choreographer Gang Peng on a Hip Hop danse show called \"Sur le Fil\" (Suresnes Danse 2007). She, then, made the scenography for the show \"L'Intruse\" from Maurice Maeterlinck (Festival international de la Marionnette in Tournai 2006).<\/p>\nSupported from 2008 to 2011 from the V\u00e9lo Th\u00e9\u00e2tre - Object Theatre in Apt (France), she created a solo TRAVERSEES, ambulatory theatre created to invest spaces undedicated to theatre, freely inspired by \"Seuils\" from Patrick Kerman. This show marks the first step of a visual writing involving both, natural elements and disturbing images. Its creation in Festival Mondial des Th\u00e9\u00e2tres de marionnette \u00e0 Charleville-M\u00e9zi\u00e8res immediately led to an international diffusion. Elise Vigneron created the TH\u00c9\u00c2TRE DE L'ENTROUVERT in January 2010. Travers\u00e9e receved the price for innovative performance in the international festival of puppet in Lleida (Spain).\n\n\u00abTravers\u00e9es\/Fragments\u00bb is a short form created in May 2011 together with muscians Emilie Lesbros (song) and Pascal Charrier (guitar).\n\nIMPERMANENCE is created in 2013 together wth Eleonora Gimenez (equilibrist and dancer) about poems written by Tarjei Versaas. It is along this Novergian work that her work on unstable, ephemerial elements has started, such as her work on ice.\n\nFrom 2014 - 2017 she is an associated artist with Espace J\u00e9liote in Oloron Sainte-Marie (France).\n\nFrom 2015 to 2020 she is accompanied by Les Th\u00e9\u00e2tres, directing by Dominique Bluzet in Marseille and Aix-en-Provence (France).\n\nIn <em>ANYWHERE<\/em>, a play freely inspired by Henry Bauchau\u2019s novel \u00ab \u0152dipe sur la route \u00bb, Elise Vigneron, in collaboration with H\u00e9l\u00e8ne Barreau, carries on her research on the transformation of ice, from the solid to the vapour state, staging an ice puppet representing \u0152dipus. This show receives the Henry Bauchau Price dedicated by the jury member of the Universty of Louvain-La-Neuve (Belgium) in 2018, as well as the Major Price in Ostrava during the international festival of puppet in 2017 (Tcheq Republic).\n\nL'ENFANT (creation in November 2018) is an immersive form adpated from The Death of Tintagiles from Maurice Maeterlinck which conduct the onlooker through a labyrinthine space and animated elements to participate physically and from the inside.\n\nFrom time to time, she multiplied the collaborations wth artists and researchers from different fields : St\u00e9phanie Farison and Julie Denisse, actress, Argyro Chioti, director, Manon Worms, Beno\u00eet Vreux and Eloi Recoing playwrights, Pascal Charrier, Emilie Lesbros, Julien Tamieiser, Sylvain Darrfourq, Robin Fincker, musicians, Eleonora Gimenez, Marion Coll\u00e9 circassians, H\u00e9l\u00e8ne Barreau, Arnaud Louskipane, Uta Gebert, Sarah Lascar, pupetteers, Anne Charrier and Maurine Montagnat scientists.\n\nShe co-created in collaboration with the dancer Anne Nguyen \"Axis Mundi\" which was presented for \"Vive le Sujet!\" (SACD\/festival d'Avignon) in Avignon in July 2019.\n\nIn 2019, she is granted by the International institut of puppetry art through the Award of Creation \/ Experimentation.\n<p style=\"text-align: justify;\">While pursuing her artistic research, in collaboration with national and international cultural structures, Elise Vigneron transmits her skills through theatre labs, training courses, and workshops. She has been working since 2017 with theater students from Aix en Provence University through puppetry art workshops.<\/p>\n[:]","_et_gb_content_width":"","footnotes":""},"class_list":["post-6151","page","type-page","status-publish","hentry"],"yoast_head":"<!-- This site is optimized with the Yoast SEO plugin v27.5 - https:\/\/yoast.com\/product\/yoast-seo-wordpress\/ -->\n<title>\u00c9lise Vigneron - Th\u00e9\u00e2tre de l&#039;Entrouvert<\/title>\n<meta name=\"robots\" content=\"index, follow, max-snippet:-1, max-image-preview:large, max-video-preview:-1\" \/>\n<link rel=\"canonical\" href=\"https:\/\/lentrouvert.com\/en\/elise-vigneron\/\" \/>\n<meta property=\"og:locale\" content=\"en_US\" \/>\n<meta property=\"og:type\" content=\"article\" \/>\n<meta property=\"og:title\" content=\"\u00c9lise Vigneron - Th\u00e9\u00e2tre de l&#039;Entrouvert\" \/>\n<meta property=\"og:description\" content=\"\u00c9liseVigneron Director, puppeteer, visual artist &nbsp; \u00abBy highlighting the fragility and metamorphosis of matter, by bringing bodies and pictures to life, I invite the audience to participate in a sensitive [&hellip;]\" \/>\n<meta property=\"og:url\" content=\"https:\/\/lentrouvert.com\/en\/elise-vigneron\/\" \/>\n<meta property=\"og:site_name\" content=\"Th\u00e9\u00e2tre de l&#039;Entrouvert\" \/>\n<meta property=\"article:modified_time\" content=\"2025-12-05T16:12:05+00:00\" \/>\n<meta name=\"twitter:card\" content=\"summary_large_image\" \/>\n<meta name=\"twitter:label1\" content=\"Est. reading time\" \/>\n\t<meta name=\"twitter:data1\" content=\"4 minutes\" \/>\n<script type=\"application\/ld+json\" class=\"yoast-schema-graph\">{\"@context\":\"https:\\\/\\\/schema.org\",\"@graph\":[{\"@type\":\"WebPage\",\"@id\":\"https:\\\/\\\/lentrouvert.com\\\/en\\\/elise-vigneron\\\/\",\"url\":\"https:\\\/\\\/lentrouvert.com\\\/en\\\/elise-vigneron\\\/\",\"name\":\"\u00c9lise Vigneron - Th\u00e9\u00e2tre de l&#039;Entrouvert\",\"isPartOf\":{\"@id\":\"https:\\\/\\\/lentrouvert.com\\\/en\\\/#website\"},\"datePublished\":\"2020-02-13T11:15:07+00:00\",\"dateModified\":\"2025-12-05T16:12:05+00:00\",\"breadcrumb\":{\"@id\":\"https:\\\/\\\/lentrouvert.com\\\/en\\\/elise-vigneron\\\/#breadcrumb\"},\"inLanguage\":\"en-US\",\"potentialAction\":[{\"@type\":\"ReadAction\",\"target\":[\"https:\\\/\\\/lentrouvert.com\\\/en\\\/elise-vigneron\\\/\"]}]},{\"@type\":\"BreadcrumbList\",\"@id\":\"https:\\\/\\\/lentrouvert.com\\\/en\\\/elise-vigneron\\\/#breadcrumb\",\"itemListElement\":[{\"@type\":\"ListItem\",\"position\":1,\"name\":\"Accueil\",\"item\":\"https:\\\/\\\/lentrouvert.com\\\/en\\\/spectacle-de-marionnette-contemporaine\\\/\"},{\"@type\":\"ListItem\",\"position\":2,\"name\":\"\u00c9lise Vigneron\"}]},{\"@type\":\"WebSite\",\"@id\":\"https:\\\/\\\/lentrouvert.com\\\/en\\\/#website\",\"url\":\"https:\\\/\\\/lentrouvert.com\\\/en\\\/\",\"name\":\"Th\u00e9\u00e2tre de l&#039;Entrouvert\",\"description\":\"Elise Vigneron\",\"publisher\":{\"@id\":\"https:\\\/\\\/lentrouvert.com\\\/en\\\/#organization\"},\"potentialAction\":[{\"@type\":\"SearchAction\",\"target\":{\"@type\":\"EntryPoint\",\"urlTemplate\":\"https:\\\/\\\/lentrouvert.com\\\/en\\\/?s={search_term_string}\"},\"query-input\":{\"@type\":\"PropertyValueSpecification\",\"valueRequired\":true,\"valueName\":\"search_term_string\"}}],\"inLanguage\":\"en-US\"},{\"@type\":\"Organization\",\"@id\":\"https:\\\/\\\/lentrouvert.com\\\/en\\\/#organization\",\"name\":\"Th\u00e9\u00e2tre de l\u2019Entrouvert\",\"url\":\"https:\\\/\\\/lentrouvert.com\\\/en\\\/\",\"logo\":{\"@type\":\"ImageObject\",\"inLanguage\":\"en-US\",\"@id\":\"https:\\\/\\\/lentrouvert.com\\\/en\\\/#\\\/schema\\\/logo\\\/image\\\/\",\"url\":\"\",\"contentUrl\":\"\",\"caption\":\"Th\u00e9\u00e2tre de l\u2019Entrouvert\"},\"image\":{\"@id\":\"https:\\\/\\\/lentrouvert.com\\\/en\\\/#\\\/schema\\\/logo\\\/image\\\/\"}}]}<\/script>\n<!-- \/ Yoast SEO plugin. -->","yoast_head_json":{"title":"\u00c9lise Vigneron - Th\u00e9\u00e2tre de l&#039;Entrouvert","robots":{"index":"index","follow":"follow","max-snippet":"max-snippet:-1","max-image-preview":"max-image-preview:large","max-video-preview":"max-video-preview:-1"},"canonical":"https:\/\/lentrouvert.com\/en\/elise-vigneron\/","og_locale":"en_US","og_type":"article","og_title":"\u00c9lise Vigneron - Th\u00e9\u00e2tre de l&#039;Entrouvert","og_description":"\u00c9liseVigneron Director, puppeteer, visual artist &nbsp; \u00abBy highlighting the fragility and metamorphosis of matter, by bringing bodies and pictures to life, I invite the audience to participate in a sensitive [&hellip;]","og_url":"https:\/\/lentrouvert.com\/en\/elise-vigneron\/","og_site_name":"Th\u00e9\u00e2tre de l&#039;Entrouvert","article_modified_time":"2025-12-05T16:12:05+00:00","twitter_card":"summary_large_image","twitter_misc":{"Est. reading time":"4 minutes"},"schema":{"@context":"https:\/\/schema.org","@graph":[{"@type":"WebPage","@id":"https:\/\/lentrouvert.com\/en\/elise-vigneron\/","url":"https:\/\/lentrouvert.com\/en\/elise-vigneron\/","name":"\u00c9lise Vigneron - Th\u00e9\u00e2tre de l&#039;Entrouvert","isPartOf":{"@id":"https:\/\/lentrouvert.com\/en\/#website"},"datePublished":"2020-02-13T11:15:07+00:00","dateModified":"2025-12-05T16:12:05+00:00","breadcrumb":{"@id":"https:\/\/lentrouvert.com\/en\/elise-vigneron\/#breadcrumb"},"inLanguage":"en-US","potentialAction":[{"@type":"ReadAction","target":["https:\/\/lentrouvert.com\/en\/elise-vigneron\/"]}]},{"@type":"BreadcrumbList","@id":"https:\/\/lentrouvert.com\/en\/elise-vigneron\/#breadcrumb","itemListElement":[{"@type":"ListItem","position":1,"name":"Accueil","item":"https:\/\/lentrouvert.com\/en\/spectacle-de-marionnette-contemporaine\/"},{"@type":"ListItem","position":2,"name":"\u00c9lise Vigneron"}]},{"@type":"WebSite","@id":"https:\/\/lentrouvert.com\/en\/#website","url":"https:\/\/lentrouvert.com\/en\/","name":"Th\u00e9\u00e2tre de l&#039;Entrouvert","description":"Elise Vigneron","publisher":{"@id":"https:\/\/lentrouvert.com\/en\/#organization"},"potentialAction":[{"@type":"SearchAction","target":{"@type":"EntryPoint","urlTemplate":"https:\/\/lentrouvert.com\/en\/?s={search_term_string}"},"query-input":{"@type":"PropertyValueSpecification","valueRequired":true,"valueName":"search_term_string"}}],"inLanguage":"en-US"},{"@type":"Organization","@id":"https:\/\/lentrouvert.com\/en\/#organization","name":"Th\u00e9\u00e2tre de l\u2019Entrouvert","url":"https:\/\/lentrouvert.com\/en\/","logo":{"@type":"ImageObject","inLanguage":"en-US","@id":"https:\/\/lentrouvert.com\/en\/#\/schema\/logo\/image\/","url":"","contentUrl":"","caption":"Th\u00e9\u00e2tre de l\u2019Entrouvert"},"image":{"@id":"https:\/\/lentrouvert.com\/en\/#\/schema\/logo\/image\/"}}]}},"_links":{"self":[{"href":"https:\/\/lentrouvert.com\/en\/wp-json\/wp\/v2\/pages\/6151","targetHints":{"allow":["GET"]}}],"collection":[{"href":"https:\/\/lentrouvert.com\/en\/wp-json\/wp\/v2\/pages"}],"about":[{"href":"https:\/\/lentrouvert.com\/en\/wp-json\/wp\/v2\/types\/page"}],"author":[{"embeddable":true,"href":"https:\/\/lentrouvert.com\/en\/wp-json\/wp\/v2\/users\/2"}],"replies":[{"embeddable":true,"href":"https:\/\/lentrouvert.com\/en\/wp-json\/wp\/v2\/comments?post=6151"}],"version-history":[{"count":0,"href":"https:\/\/lentrouvert.com\/en\/wp-json\/wp\/v2\/pages\/6151\/revisions"}],"wp:attachment":[{"href":"https:\/\/lentrouvert.com\/en\/wp-json\/wp\/v2\/media?parent=6151"}],"curies":[{"name":"wp","href":"https:\/\/api.w.org\/{rel}","templated":true}]}}