{"id":6153,"date":"2020-02-13T12:29:39","date_gmt":"2020-02-13T11:29:39","guid":{"rendered":"http:\/\/test.lentrouvert.com\/impermanence\/"},"modified":"2026-01-06T10:14:33","modified_gmt":"2026-01-06T09:14:33","slug":"impermanence","status":"publish","type":"page","link":"https:\/\/lentrouvert.com\/en\/impermanence\/","title":{"rendered":"IMPERMANENCE"},"content":{"rendered":"<p>[et_pb_section fb_built=&#8221;1&#8243; custom_padding_last_edited=&#8221;on|phone&#8221; admin_label=&#8221;section&#8221; _builder_version=&#8221;4.27.5&#8243; background_image=&#8221;https:\/\/lentrouvert.com\/wp-content\/uploads\/2023\/09\/fond-Impermanence.jpg&#8221; parallax=&#8221;on&#8221; parallax_method=&#8221;off&#8221; z_index=&#8221;2&#8243; module_alignment=&#8221;right&#8221; custom_margin=&#8221;||||false|false&#8221; custom_margin_tablet=&#8221;&#8221; custom_margin_phone=&#8221;10px||||false|false&#8221; custom_margin_last_edited=&#8221;on|phone&#8221; custom_padding=&#8221;40vh|||12vw|false|false&#8221; custom_padding_tablet=&#8221;45vh|||0vw|false|false&#8221; custom_padding_phone=&#8221;0vh||||false|false&#8221; hover_enabled=&#8221;0&#8243; background_enable_image_phone=&#8221;off&#8221; custom_css_main_element=&#8221;\t&#8221; global_colors_info=&#8221;{}&#8221; background_last_edited=&#8221;on|phone&#8221; sticky_enabled=&#8221;0&#8243; parallax_phone=&#8221;off&#8221; background_size_phone=&#8221;custom&#8221; background_position_phone=&#8221;top_center&#8221; background_color=&#8221;#003E3F&#8221;][et_pb_row _builder_version=&#8221;4.27.5&#8243; _module_preset=&#8221;default&#8221; disabled_on=&#8221;off|on|on&#8221; width=&#8221;100%&#8221; custom_padding=&#8221;0px|0px|0px|0px|false|false&#8221; hover_enabled=&#8221;0&#8243; sticky_enabled=&#8221;0&#8243;][et_pb_column _builder_version=&#8221;4.27.5&#8243; _module_preset=&#8221;default&#8221; type=&#8221;4_4&#8243;][et_pb_image _builder_version=&#8221;4.27.5&#8243; _module_preset=&#8221;default&#8221; alt=&#8221;Fond Impermanence&#8221; title_text=&#8221;Elise Vigneron&#8221; src=&#8221;https:\/\/lentrouvert.com\/wp-content\/uploads\/2023\/09\/fond-Impermanence-1024&#215;682.jpg&#8221; disabled_on=&#8221;off|on|on&#8221; align=&#8221;center&#8221; force_fullwidth=&#8221;on&#8221; custom_margin=&#8221;0px|0px|0px|0px|false|false&#8221; hover_enabled=&#8221;0&#8243; sticky_enabled=&#8221;0&#8243;][\/et_pb_image][\/et_pb_column][\/et_pb_row][et_pb_row use_custom_gutter=&#8221;on&#8221; module_id=&#8221;content&#8221; _builder_version=&#8221;4.27.5&#8243; width=&#8221;60%&#8221; width_tablet=&#8221;90%&#8221; width_phone=&#8221;90%&#8221; width_last_edited=&#8221;on|phone&#8221; module_alignment=&#8221;left&#8221; custom_padding=&#8221;0px||0px||false|false&#8221; animation_direction=&#8221;bottom&#8221; hover_enabled=&#8221;0&#8243; module_alignment_tablet=&#8221;center&#8221; module_alignment_phone=&#8221;center&#8221; module_alignment_last_edited=&#8221;on|desktop&#8221; global_colors_info=&#8221;{}&#8221; sticky_enabled=&#8221;0&#8243;][et_pb_column type=&#8221;4_4&#8243; _builder_version=&#8221;4.16&#8243; global_colors_info=&#8221;{}&#8221;][et_pb_icon font_icon=&#8221;&#x22;||divi||400&#8243; icon_color=&#8221;#FFFFFF&#8221; icon_width=&#8221;56px&#8221; url=&#8221;#content&#8221; align=&#8221;left&#8221; _builder_version=&#8221;4.21.0&#8243; _module_preset=&#8221;default&#8221; locked=&#8221;off&#8221; global_colors_info=&#8221;{}&#8221;][\/et_pb_icon][et_pb_text content_tablet=&#8221;<\/p>\n<h1>Impermanence<\/h1>\n<h2>Picture theater,<br \/>circus and animated objects<\/h2>\n<p>&#8221; content_phone=&#8221;<\/p>\n<h1>Impermanence<\/h1>\n<h2>Picture theater,<br \/>circus and animated objects<\/h2>\n<p>&#8221; content_last_edited=&#8221;on|phone&#8221; _builder_version=&#8221;4.27.5&#8243; text_font=&#8221;Work Sans||||||||&#8221; text_text_color=&#8221;#FFFFFF&#8221; header_font=&#8221;Work Sans|200||on|||||&#8221; header_text_color=&#8221;#FFFFFF&#8221; header_font_size=&#8221;6vw&#8221; header_letter_spacing=&#8221;-2px&#8221; header_2_font=&#8221;Work Sans|300|||||||&#8221; header_2_text_color=&#8221;#FFFFFF&#8221; header_2_font_size=&#8221;2em&#8221; header_2_line_height=&#8221;1.1em&#8221; header_3_font=&#8221;||||||||&#8221; header_4_font=&#8221;||||||||&#8221; header_6_font=&#8221;|500|||||||&#8221; custom_margin=&#8221;||||false|false&#8221; hover_enabled=&#8221;0&#8243; header_font_size_tablet=&#8221;70px&#8221; header_font_size_phone=&#8221;40px&#8221; header_font_size_last_edited=&#8221;on|phone&#8221; header_2_text_color_tablet=&#8221;#FFFFFF&#8221; header_2_text_color_phone=&#8221;#FFFFFF&#8221; header_2_text_color_last_edited=&#8221;on|phone&#8221; global_colors_info=&#8221;{}&#8221; sticky_enabled=&#8221;0&#8243;]<\/p>\n<h1>Impermanence<\/h1>\n<h2>Picture theater,<br \/>circus and animated objects<\/h2>\n<p>[\/et_pb_text][\/et_pb_column][\/et_pb_row][et_pb_row column_structure=&#8221;2_3,1_3&#8243; use_custom_gutter=&#8221;on&#8221; admin_label=&#8221;row&#8221; module_id=&#8221;content&#8221; _builder_version=&#8221;4.22.1&#8243; z_index=&#8221;996&#8243; width=&#8221;60%&#8221; width_tablet=&#8221;90%&#8221; width_phone=&#8221;90%&#8221; width_last_edited=&#8221;on|desktop&#8221; module_alignment=&#8221;left&#8221; custom_padding=&#8221;0px||0px||false|false&#8221; animation_direction=&#8221;bottom&#8221; module_alignment_tablet=&#8221;center&#8221; module_alignment_phone=&#8221;center&#8221; module_alignment_last_edited=&#8221;on|phone&#8221; collapsed=&#8221;off&#8221; global_colors_info=&#8221;{}&#8221;][et_pb_column type=&#8221;2_3&#8243; _builder_version=&#8221;4.16&#8243; background_enable_color=&#8221;off&#8221; border_radii=&#8221;off||||&#8221; global_colors_info=&#8221;{}&#8221; custom_padding__hover=&#8221;|||&#8221;][et_pb_video src=&#8221;https:\/\/vimeo.com\/theatredelentrouvert\/impermanenceteaser&#8221; image_src=&#8221;\/\/i.vimeocdn.com\/video\/474829708-d8dc96604b441494cc2bd200aa337af981ab979aba29d7ad41ea6d4537e714a0-d_960&#8243; thumbnail_overlay_color=&#8221;rgba(15,50,66,0.66)&#8221; _builder_version=&#8221;4.23.4&#8243; width_tablet=&#8221;70vw&#8221; width_phone=&#8221;85vw&#8221; width_last_edited=&#8221;on|tablet&#8221; custom_margin=&#8221;10px||||false|false&#8221; global_colors_info=&#8221;{}&#8221;][\/et_pb_video][et_pb_text quote_border_color=&#8221;rgba(102,102,102,0.5)&#8221; admin_label=&#8221;Text&#8221; _builder_version=&#8221;4.16&#8243; text_font=&#8221;||||||||&#8221; text_text_color=&#8221;#666666&#8243; text_line_height=&#8221;1.6em&#8221; quote_text_color=&#8221;#666666&#8243; header_font=&#8221;|100|||||||&#8221; header_line_height=&#8221;1.1em&#8221; header_2_font=&#8221;|300||||||#f2e200|&#8221; header_2_font_size=&#8221;23px&#8221; header_3_font=&#8221;|300|||||||&#8221; header_3_font_size=&#8221;21px&#8221; header_3_line_height=&#8221;1.2em&#8221; header_4_font=&#8221;|||on|||||&#8221; header_4_font_size=&#8221;15px&#8221; header_4_line_height=&#8221;2em&#8221; header_5_font=&#8221;||||||||&#8221; header_5_font_size=&#8221;13px&#8221; header_5_line_height=&#8221;1.6em&#8221; header_6_font=&#8221;|500|||||||&#8221; header_6_text_color=&#8221;#666666&#8243; header_6_font_size=&#8221;13px&#8221; header_6_line_height=&#8221;1.3em&#8221; background_color=&#8221;rgba(255,255,255,0.9)&#8221; background_size=&#8221;initial&#8221; background_position=&#8221;top_left&#8221; background_repeat=&#8221;repeat&#8221; custom_margin=&#8221;15px||||false|false&#8221; custom_padding=&#8221;20px|20px|20px|20px|true|false&#8221; header_font_tablet=&#8221;&#8221; header_font_phone=&#8221;&#8221; header_font_last_edited=&#8221;on|phone&#8221; header_2_font_tablet=&#8221;&#8221; header_2_font_phone=&#8221;&#8221; header_2_font_last_edited=&#8221;on|desktop&#8221; global_colors_info=&#8221;{}&#8221;]<\/p>\n<div class=\"QmZWSe\">\n<h4 class=\"DHcWmd\">creation 2013<br \/> This show is not available anymore for diffusion<\/h4>\n<\/div>\n<h5>TRANSLATED INTO SPANISH &amp; ENGLISH<br \/> For all ages over 10<br \/> Duration 55 min<\/h5>\n<h3 class=\"tw-data-text tw-text-large tw-ta\" data-placeholder=\"Traduction\" id=\"tw-target-text\" style=\"text-align: left;\" dir=\"ltr\"><span lang=\"en\">A cut image theater<br \/> from the material,<br \/> closer to the elements.<\/span><\/h3>\n<p>Every living creature, every thing, matter or phenomenon, goes through its existence in perpetual motion between appearance, disappearance and transformation. What if we could comprehend reality in this unstable equilibrium ? Let us cast our eyes on the shadow instead of the object itself, on emptiness instead of fullness, on the infinite space instead of the finite space, so that presence would be combined to absence, life to death.<\/p>\n<p>In <em>Impermanence<\/em> we will try to position ourselves in this in-between space, as a figure progressing on a tightrope, as ice melting into water, then into vapour, along the fragile border between dreams and reality, horizontality and verticality, visible and invisible, in perpetual unstable equilibrium.<\/p>\n<blockquote>\n<p>\u00abWhom do we speak to<br \/> when we keep quiet ?\u00bb<\/p>\n<p>Tarjei Vesaas (1897-1970).<\/p>\n<\/blockquote>\n<p>[\/et_pb_text][et_pb_toggle title=&#8221;Distribution&#8221; open_toggle_text_color=&#8221;#333333&#8243; open_toggle_background_color=&#8221;rgba(255,255,255,0.91)&#8221; closed_toggle_text_color=&#8221;#333333&#8243; closed_toggle_background_color=&#8221;rgba(255,255,255,0.91)&#8221; icon_color=&#8221;#333333&#8243; open_icon_color=&#8221;#333333&#8243; _builder_version=&#8221;4.16&#8243; title_text_color=&#8221;#333333&#8243; title_level=&#8221;h3&#8243; title_font=&#8221;Work Sans|600||on|||||&#8221; closed_title_font=&#8221;Work Sans|600||on|||||&#8221; body_font_size=&#8221;14px&#8221; body_line_height=&#8221;1.6em&#8221; z_index=&#8221;999&#8243; custom_margin=&#8221;10px|||0px|false|false&#8221; global_colors_info=&#8221;{}&#8221;]<\/p>\n<p>Conception and scenography <strong>\u00c9lise Vigneron<\/strong><br \/> Text <strong>Tarjei Vesaas<\/strong><br \/> With <strong>Eleonora Gimenez<\/strong> and <strong>\u00c9lise Vigneron<\/strong><br \/> Sound and lighting management and scenery construction <strong>Cyril Monteil<\/strong>, Stage manager and scenery construction <strong>Messaoud Ferhat<\/strong><br \/> Installation et cr\u00e9ation lumi\u00e8re <strong>Sylvie M\u00e9lis<\/strong><br \/> Dramaturgy <strong>St\u00e9phanie Farison<\/strong><br \/> Collaboration artistique <strong>Marion Coll\u00e9<br \/> <\/strong>Advice on working the puppets <strong>Aur\u00e9lie Morin<\/strong><br \/> Construction of objects <strong>H\u00e9l\u00e8ne Barreau<\/strong> et l\u2019<strong>Atelier Mazette !<br \/> <\/strong>Costume <strong>Louise Hochet<\/strong>, <strong>Mathilde Brette<\/strong><br \/> Photographie <strong>Eric Bourret<\/strong> Vid\u00e9o <strong>Vasil Tasevski<\/strong><br \/> Design of the trays <strong>Beno\u00eet Fincker<\/strong>, <strong>Patrick Vindimian<\/strong>.<br \/> Artistic accompaniment <strong>Eloi Recoing<\/strong><br \/> Text translation from French to English<strong> Genevieve Knibiehler <\/strong><strong><\/strong><\/p>\n<p>[\/et_pb_toggle][et_pb_toggle title=&#8221;Production &#038; Support&#8221; open_toggle_text_color=&#8221;#333333&#8243; open_toggle_background_color=&#8221;rgba(255,255,255,0.91)&#8221; closed_toggle_text_color=&#8221;#333333&#8243; closed_toggle_background_color=&#8221;rgba(255,255,255,0.91)&#8221; icon_color=&#8221;#333333&#8243; open_icon_color=&#8221;#333333&#8243; _builder_version=&#8221;4.22.1&#8243; title_text_color=&#8221;#333333&#8243; title_level=&#8221;h3&#8243; title_font=&#8221;Work Sans|600||on|||||&#8221; closed_title_font=&#8221;Work Sans|600||on|||||&#8221; body_font_size=&#8221;14px&#8221; body_line_height=&#8221;1.6em&#8221; z_index=&#8221;999&#8243; custom_margin=&#8221;3px|||0px|false|false&#8221; global_colors_info=&#8221;{}&#8221;]<\/p>\n<p class=\"tw-data-text tw-text-large tw-ta\" data-placeholder=\"Traduction\" id=\"tw-target-text\" style=\"text-align: left;\" dir=\"ltr\"><strong>Production:<\/strong> Th\u00e9\u00e2tre de l&#8217;Entrouvert<br \/><strong>Coproductions:<\/strong> Espace J\u00e9liote in Oloron St Marie (64) \u2013 Theatre d&#8217;Arles (13) \u2013 La ville de Mende (48) \u2013 Velo Theater in Apt (84) \u2013 Sc\u00e8ne nationale de Cavaillon (84).<br \/><strong>With the support from:<\/strong> The city of Apt, the SPEDIDAM, the general council of Vaucluse, the DRAC Provence Alpes C\u00f4te d\u2019Azur, the R\u00e9gion Provence Alpes C\u00f4te d\u2019Azur.<br \/><span lang=\"en\">The creation of IMPERMANENCE received aid for the creation of the City of Apt, the General Council of Vaucluse, DRAC and the Provence Alpes C\u00f4te d&#8217;Azur region, as well as SPEDIDAM. Diffusion is supported by the ONDA (National Artistic Diffusion Office). The tour of Argentina and Uruguay was supported by the French Institute, the French Embassy in Argentina, the Alliance Fran\u00e7aise in Buenos Aires and the French Embassy in Uruguay.<\/span><\/p>\n<p>[\/et_pb_toggle][et_pb_gallery gallery_ids=&#8221;4576,4577,4578,4579,4580,4581&#8243; fullwidth=&#8221;on&#8221; _builder_version=&#8221;4.16&#8243; background_layout=&#8221;dark&#8221; width=&#8221;auto&#8221; width_tablet=&#8221;70vw&#8221; width_phone=&#8221;85vw&#8221; width_last_edited=&#8221;on|phone&#8221; custom_margin=&#8221;||0px|0px|false|false&#8221; custom_padding=&#8221;0px|||0px|false|false&#8221; global_colors_info=&#8221;{}&#8221;][\/et_pb_gallery][\/et_pb_column][et_pb_column type=&#8221;1_3&#8243; _builder_version=&#8221;4.22.1&#8243; background_enable_color=&#8221;off&#8221; custom_padding=&#8221;||||true|true&#8221; global_colors_info=&#8221;{}&#8221; custom_padding__hover=&#8221;|||&#8221;][\/et_pb_column][\/et_pb_row][et_pb_row column_structure=&#8221;2_3,1_3&#8243; use_custom_gutter=&#8221;on&#8221; admin_label=&#8221;row&#8221; _builder_version=&#8221;4.21.0&#8243; width=&#8221;60%&#8221; width_tablet=&#8221;90%&#8221; width_phone=&#8221;90%&#8221; width_last_edited=&#8221;on|tablet&#8221; module_alignment=&#8221;left&#8221; custom_padding=&#8221;0px||0px||false|false&#8221; animation_direction=&#8221;bottom&#8221; module_alignment_tablet=&#8221;center&#8221; module_alignment_phone=&#8221;center&#8221; module_alignment_last_edited=&#8221;on|desktop&#8221; locked=&#8221;off&#8221; collapsed=&#8221;off&#8221; global_colors_info=&#8221;{}&#8221;][et_pb_column type=&#8221;2_3&#8243; _builder_version=&#8221;4.21.0&#8243; background_enable_color=&#8221;off&#8221; border_radii=&#8221;off||||&#8221; global_colors_info=&#8221;{}&#8221; custom_padding__hover=&#8221;|||&#8221;][et_pb_gallery gallery_ids=&#8221;10937,10939,10945,10943,10941&#8243; fullwidth=&#8221;on&#8221; _builder_version=&#8221;4.27.5&#8243; background_layout=&#8221;dark&#8221; width_tablet=&#8221;&#8221; width_phone=&#8221;&#8221; width_last_edited=&#8221;on|phone&#8221; custom_margin=&#8221;5px||0px|0px|false|false&#8221; custom_padding=&#8221;0px|||0px|false|false&#8221; hover_enabled=&#8221;0&#8243; global_colors_info=&#8221;{}&#8221; sticky_enabled=&#8221;0&#8243; width=&#8221;auto&#8221;][\/et_pb_gallery][\/et_pb_column][et_pb_column type=&#8221;1_3&#8243; _builder_version=&#8221;4.16&#8243; background_enable_color=&#8221;off&#8221; custom_padding=&#8221;20px|20px|20px|20px|true|true&#8221; border_radii=&#8221;off||10px||&#8221; global_colors_info=&#8221;{}&#8221; custom_padding__hover=&#8221;|||&#8221;][\/et_pb_column][\/et_pb_row][\/et_pb_section]<\/p>\n","protected":false},"excerpt":{"rendered":"<p>Impermanence Picture theater,circus and animated objects creation 2013 This show is not available anymore for diffusion TRANSLATED INTO SPANISH &amp; ENGLISH For all ages over 10 Duration 55 min A [&hellip;]<\/p>\n","protected":false},"author":2,"featured_media":0,"parent":0,"menu_order":0,"comment_status":"closed","ping_status":"open","template":"","meta":{"_et_pb_use_builder":"on","_et_pb_old_content":"","_et_gb_content_width":"","footnotes":""},"class_list":["post-6153","page","type-page","status-publish","hentry"],"yoast_head":"<!-- This site is optimized with the Yoast SEO plugin v27.5 - https:\/\/yoast.com\/product\/yoast-seo-wordpress\/ -->\n<title>IMPERMANENCE - Th\u00e9\u00e2tre de l&#039;Entrouvert<\/title>\n<meta name=\"robots\" content=\"index, follow, max-snippet:-1, max-image-preview:large, max-video-preview:-1\" \/>\n<link rel=\"canonical\" href=\"https:\/\/lentrouvert.com\/en\/impermanence\/\" \/>\n<meta property=\"og:locale\" content=\"en_US\" \/>\n<meta property=\"og:type\" content=\"article\" \/>\n<meta property=\"og:title\" content=\"IMPERMANENCE - Th\u00e9\u00e2tre de l&#039;Entrouvert\" \/>\n<meta property=\"og:description\" content=\"Impermanence Picture theater,circus and animated objects creation 2013 This show is not available anymore for diffusion TRANSLATED INTO SPANISH &amp; ENGLISH For all ages over 10 Duration 55 min A [&hellip;]\" \/>\n<meta property=\"og:url\" content=\"https:\/\/lentrouvert.com\/en\/impermanence\/\" \/>\n<meta property=\"og:site_name\" content=\"Th\u00e9\u00e2tre de l&#039;Entrouvert\" \/>\n<meta property=\"article:modified_time\" content=\"2026-01-06T09:14:33+00:00\" \/>\n<meta name=\"twitter:card\" content=\"summary_large_image\" \/>\n<meta name=\"twitter:label1\" content=\"Est. reading time\" \/>\n\t<meta name=\"twitter:data1\" content=\"7 minutes\" \/>\n<script type=\"application\/ld+json\" class=\"yoast-schema-graph\">{\"@context\":\"https:\\\/\\\/schema.org\",\"@graph\":[{\"@type\":\"WebPage\",\"@id\":\"https:\\\/\\\/lentrouvert.com\\\/en\\\/impermanence\\\/\",\"url\":\"https:\\\/\\\/lentrouvert.com\\\/en\\\/impermanence\\\/\",\"name\":\"IMPERMANENCE - Th\u00e9\u00e2tre de l&#039;Entrouvert\",\"isPartOf\":{\"@id\":\"https:\\\/\\\/lentrouvert.com\\\/en\\\/#website\"},\"datePublished\":\"2020-02-13T11:29:39+00:00\",\"dateModified\":\"2026-01-06T09:14:33+00:00\",\"breadcrumb\":{\"@id\":\"https:\\\/\\\/lentrouvert.com\\\/en\\\/impermanence\\\/#breadcrumb\"},\"inLanguage\":\"en-US\",\"potentialAction\":[{\"@type\":\"ReadAction\",\"target\":[\"https:\\\/\\\/lentrouvert.com\\\/en\\\/impermanence\\\/\"]}]},{\"@type\":\"BreadcrumbList\",\"@id\":\"https:\\\/\\\/lentrouvert.com\\\/en\\\/impermanence\\\/#breadcrumb\",\"itemListElement\":[{\"@type\":\"ListItem\",\"position\":1,\"name\":\"Accueil\",\"item\":\"https:\\\/\\\/lentrouvert.com\\\/en\\\/spectacle-de-marionnette-contemporaine\\\/\"},{\"@type\":\"ListItem\",\"position\":2,\"name\":\"IMPERMANENCE\"}]},{\"@type\":\"WebSite\",\"@id\":\"https:\\\/\\\/lentrouvert.com\\\/en\\\/#website\",\"url\":\"https:\\\/\\\/lentrouvert.com\\\/en\\\/\",\"name\":\"Th\u00e9\u00e2tre de l&#039;Entrouvert\",\"description\":\"Elise Vigneron\",\"publisher\":{\"@id\":\"https:\\\/\\\/lentrouvert.com\\\/en\\\/#organization\"},\"potentialAction\":[{\"@type\":\"SearchAction\",\"target\":{\"@type\":\"EntryPoint\",\"urlTemplate\":\"https:\\\/\\\/lentrouvert.com\\\/en\\\/?s={search_term_string}\"},\"query-input\":{\"@type\":\"PropertyValueSpecification\",\"valueRequired\":true,\"valueName\":\"search_term_string\"}}],\"inLanguage\":\"en-US\"},{\"@type\":\"Organization\",\"@id\":\"https:\\\/\\\/lentrouvert.com\\\/en\\\/#organization\",\"name\":\"Th\u00e9\u00e2tre de l\u2019Entrouvert\",\"url\":\"https:\\\/\\\/lentrouvert.com\\\/en\\\/\",\"logo\":{\"@type\":\"ImageObject\",\"inLanguage\":\"en-US\",\"@id\":\"https:\\\/\\\/lentrouvert.com\\\/en\\\/#\\\/schema\\\/logo\\\/image\\\/\",\"url\":\"\",\"contentUrl\":\"\",\"caption\":\"Th\u00e9\u00e2tre de l\u2019Entrouvert\"},\"image\":{\"@id\":\"https:\\\/\\\/lentrouvert.com\\\/en\\\/#\\\/schema\\\/logo\\\/image\\\/\"}}]}<\/script>\n<!-- \/ Yoast SEO plugin. -->","yoast_head_json":{"title":"IMPERMANENCE - Th\u00e9\u00e2tre de l&#039;Entrouvert","robots":{"index":"index","follow":"follow","max-snippet":"max-snippet:-1","max-image-preview":"max-image-preview:large","max-video-preview":"max-video-preview:-1"},"canonical":"https:\/\/lentrouvert.com\/en\/impermanence\/","og_locale":"en_US","og_type":"article","og_title":"IMPERMANENCE - Th\u00e9\u00e2tre de l&#039;Entrouvert","og_description":"Impermanence Picture theater,circus and animated objects creation 2013 This show is not available anymore for diffusion TRANSLATED INTO SPANISH &amp; ENGLISH For all ages over 10 Duration 55 min A [&hellip;]","og_url":"https:\/\/lentrouvert.com\/en\/impermanence\/","og_site_name":"Th\u00e9\u00e2tre de l&#039;Entrouvert","article_modified_time":"2026-01-06T09:14:33+00:00","twitter_card":"summary_large_image","twitter_misc":{"Est. reading time":"7 minutes"},"schema":{"@context":"https:\/\/schema.org","@graph":[{"@type":"WebPage","@id":"https:\/\/lentrouvert.com\/en\/impermanence\/","url":"https:\/\/lentrouvert.com\/en\/impermanence\/","name":"IMPERMANENCE - Th\u00e9\u00e2tre de l&#039;Entrouvert","isPartOf":{"@id":"https:\/\/lentrouvert.com\/en\/#website"},"datePublished":"2020-02-13T11:29:39+00:00","dateModified":"2026-01-06T09:14:33+00:00","breadcrumb":{"@id":"https:\/\/lentrouvert.com\/en\/impermanence\/#breadcrumb"},"inLanguage":"en-US","potentialAction":[{"@type":"ReadAction","target":["https:\/\/lentrouvert.com\/en\/impermanence\/"]}]},{"@type":"BreadcrumbList","@id":"https:\/\/lentrouvert.com\/en\/impermanence\/#breadcrumb","itemListElement":[{"@type":"ListItem","position":1,"name":"Accueil","item":"https:\/\/lentrouvert.com\/en\/spectacle-de-marionnette-contemporaine\/"},{"@type":"ListItem","position":2,"name":"IMPERMANENCE"}]},{"@type":"WebSite","@id":"https:\/\/lentrouvert.com\/en\/#website","url":"https:\/\/lentrouvert.com\/en\/","name":"Th\u00e9\u00e2tre de l&#039;Entrouvert","description":"Elise Vigneron","publisher":{"@id":"https:\/\/lentrouvert.com\/en\/#organization"},"potentialAction":[{"@type":"SearchAction","target":{"@type":"EntryPoint","urlTemplate":"https:\/\/lentrouvert.com\/en\/?s={search_term_string}"},"query-input":{"@type":"PropertyValueSpecification","valueRequired":true,"valueName":"search_term_string"}}],"inLanguage":"en-US"},{"@type":"Organization","@id":"https:\/\/lentrouvert.com\/en\/#organization","name":"Th\u00e9\u00e2tre de l\u2019Entrouvert","url":"https:\/\/lentrouvert.com\/en\/","logo":{"@type":"ImageObject","inLanguage":"en-US","@id":"https:\/\/lentrouvert.com\/en\/#\/schema\/logo\/image\/","url":"","contentUrl":"","caption":"Th\u00e9\u00e2tre de l\u2019Entrouvert"},"image":{"@id":"https:\/\/lentrouvert.com\/en\/#\/schema\/logo\/image\/"}}]}},"_links":{"self":[{"href":"https:\/\/lentrouvert.com\/en\/wp-json\/wp\/v2\/pages\/6153","targetHints":{"allow":["GET"]}}],"collection":[{"href":"https:\/\/lentrouvert.com\/en\/wp-json\/wp\/v2\/pages"}],"about":[{"href":"https:\/\/lentrouvert.com\/en\/wp-json\/wp\/v2\/types\/page"}],"author":[{"embeddable":true,"href":"https:\/\/lentrouvert.com\/en\/wp-json\/wp\/v2\/users\/2"}],"replies":[{"embeddable":true,"href":"https:\/\/lentrouvert.com\/en\/wp-json\/wp\/v2\/comments?post=6153"}],"version-history":[{"count":0,"href":"https:\/\/lentrouvert.com\/en\/wp-json\/wp\/v2\/pages\/6153\/revisions"}],"wp:attachment":[{"href":"https:\/\/lentrouvert.com\/en\/wp-json\/wp\/v2\/media?parent=6153"}],"curies":[{"name":"wp","href":"https:\/\/api.w.org\/{rel}","templated":true}]}}