{"id":6174,"date":"2020-02-13T13:45:40","date_gmt":"2020-02-13T12:45:40","guid":{"rendered":"http:\/\/test.lentrouvert.com\/la-compagnie\/"},"modified":"2026-03-30T19:09:17","modified_gmt":"2026-03-30T17:09:17","slug":"the-company","status":"publish","type":"page","link":"https:\/\/lentrouvert.com\/en\/the-company\/","title":{"rendered":"The company"},"content":{"rendered":"<p>[et_pb_section fb_built=&#8221;1&#8243; custom_padding_last_edited=&#8221;on|tablet&#8221; admin_label=&#8221;section&#8221; _builder_version=&#8221;4.27.5&#8243; background_color=&#8221;#003E3F&#8221; background_image=&#8221;https:\/\/lentrouvert.com\/wp-content\/uploads\/2020\/01\/elise-vigneron-Pierre_Hybre.jpg&#8221; parallax=&#8221;on&#8221; parallax_method=&#8221;off&#8221; module_alignment=&#8221;right&#8221; min_height=&#8221;0px&#8221; custom_margin=&#8221;0px||||false|false&#8221; custom_padding=&#8221;30vh||||false|false&#8221; custom_padding_tablet=&#8221;30vh||||false|false&#8221; custom_padding_phone=&#8221;5vh||||false|false&#8221; background_color_tablet=&#8221;#003E3F&#8221; background_color_phone=&#8221;#003E3F&#8221; background_last_edited=&#8221;on|phone&#8221; background_enable_color_tablet=&#8221;on&#8221; background_enable_color_phone=&#8221;on&#8221; background_enable_image_phone=&#8221;off&#8221; parallax_tablet=&#8221;off&#8221; background_size_tablet=&#8221;custom&#8221; background_image_width_tablet=&#8221;100%&#8221; background_position_tablet=&#8221;top_center&#8221; global_colors_info=&#8221;{}&#8221;][et_pb_row disabled_on=&#8221;off|on|on&#8221; _builder_version=&#8221;4.27.5&#8243; _module_preset=&#8221;default&#8221; width=&#8221;100%&#8221; custom_padding=&#8221;0px|0px|0px|0px|false|false&#8221; global_colors_info=&#8221;{}&#8221;][et_pb_column type=&#8221;4_4&#8243; _builder_version=&#8221;4.27.5&#8243; _module_preset=&#8221;default&#8221; global_colors_info=&#8221;{}&#8221;][et_pb_image src=&#8221;https:\/\/lentrouvert.com\/wp-content\/uploads\/2020\/01\/elise-vigneron-Pierre_Hybre.jpg&#8221; alt=&#8221;Elise Vigneron, Th\u00e9\u00e2tre de l&#8217;Entrouvert&#8221; title_text=&#8221;Elise Vigneron, th\u00c8\u201atre de l&#8217;Entrouvert, Grenoble.photo extraite de ma s\u00c8rie Prologue, 2016\u00a9 Pierre Hybre&#8221; align=&#8221;center&#8221; force_fullwidth=&#8221;on&#8221; disabled_on=&#8221;off|on|on&#8221; _builder_version=&#8221;4.27.5&#8243; _module_preset=&#8221;default&#8221; module_alignment=&#8221;center&#8221; global_colors_info=&#8221;{}&#8221;][\/et_pb_image][\/et_pb_column][\/et_pb_row][et_pb_row column_structure=&#8221;1_2,1_2&#8243; admin_label=&#8221;row&#8221; _builder_version=&#8221;4.16&#8243; width=&#8221;85vw&#8221; custom_margin=&#8221;20px||||false|false&#8221; custom_margin_tablet=&#8221;20px||||false|false&#8221; custom_margin_phone=&#8221;20px||||false|false&#8221; custom_margin_last_edited=&#8221;on|phone&#8221; custom_padding=&#8221;20px||||false|false&#8221; animation_direction=&#8221;bottom&#8221; global_colors_info=&#8221;{}&#8221;][et_pb_column type=&#8221;1_2&#8243; _builder_version=&#8221;4.16&#8243; custom_padding=&#8221;|||&#8221; global_colors_info=&#8221;{}&#8221; custom_padding__hover=&#8221;|||&#8221;][et_pb_text content_tablet=&#8221;<\/p>\n<h1><span style=%22color: #ffffff;%22>la compagnie<\/span><\/h1>\n<p>&#8221; content_phone=&#8221;<\/p>\n<h2><span style=%22color: #333333;%22>THE COMPANY<\/span><\/h2>\n<p>&#8221; content_last_edited=&#8221;off|desktop&#8221; _builder_version=&#8221;4.27.5&#8243; header_font=&#8221;Work Sans|200||on|||||&#8221; header_text_color=&#8221;#ffffff&#8221; header_font_size=&#8221;70px&#8221; header_letter_spacing=&#8221;-2px&#8221; header_line_height=&#8221;0.9em&#8221; header_font_size_tablet=&#8221;&#8221; header_font_size_phone=&#8221;40px&#8221; header_font_size_last_edited=&#8221;on|phone&#8221; global_colors_info=&#8221;{}&#8221;]<\/p>\n<h1>TH\u00c9\u00c2TRE DE L\u2019ENTROUVERT<br \/>\u00c9LISE VIGNERON<\/h1>\n<p>[\/et_pb_text][et_pb_text quote_border_color=&#8221;rgba(102,102,102,0.87)&#8221; admin_label=&#8221;Text&#8221; _builder_version=&#8221;4.27.5&#8243; text_font=&#8221;||||||||&#8221; text_text_color=&#8221;#666666&#8243; text_font_size=&#8221;18px&#8221; text_line_height=&#8221;1.6em&#8221; background_color=&#8221;rgba(255,255,255,0.92)&#8221; background_size=&#8221;initial&#8221; background_position=&#8221;top_left&#8221; background_repeat=&#8221;repeat&#8221; width_tablet=&#8221;90vw&#8221; width_phone=&#8221;auto&#8221; width_last_edited=&#8221;on|phone&#8221; custom_padding=&#8221;15px|15px|15px|15px|false|false&#8221; module_alignment_tablet=&#8221;&#8221; module_alignment_phone=&#8221;&#8221; module_alignment_last_edited=&#8221;on|tablet&#8221; locked=&#8221;off&#8221; global_colors_info=&#8221;{}&#8221;]<\/p>\n<p><em>\u201cThrough the fragility of matter, through the animation of bodies and images, I invite the audience to experience a sensory journey that enters into the metaphorical language of a silent theater.\u201d<\/em><\/p>\n<p>\u00c9lise Vigneron<\/p>\n<p>[\/et_pb_text][et_pb_text quote_border_color=&#8221;rgba(102,102,102,0.87)&#8221; admin_label=&#8221;Text&#8221; _builder_version=&#8221;4.27.6&#8243; text_font=&#8221;||||||||&#8221; text_text_color=&#8221;#666666&#8243; text_line_height=&#8221;1.6em&#8221; background_color=&#8221;rgba(255,255,255,0.92)&#8221; background_size=&#8221;initial&#8221; background_position=&#8221;top_left&#8221; background_repeat=&#8221;repeat&#8221; width_tablet=&#8221;90vw&#8221; width_phone=&#8221;auto&#8221; width_last_edited=&#8221;on|phone&#8221; custom_margin=&#8221;3px||||false|false&#8221; custom_padding=&#8221;15px|15px|15px|15px|false|false&#8221; hover_enabled=&#8221;0&#8243; module_alignment_tablet=&#8221;&#8221; module_alignment_phone=&#8221;&#8221; module_alignment_last_edited=&#8221;on|tablet&#8221; locked=&#8221;off&#8221; global_colors_info=&#8221;{}&#8221; sticky_enabled=&#8221;0&#8243;]<\/p>\n<p class=\"my-2 [&amp;+p]:mt-4 [&amp;_strong:has(+br)]:inline-block [&amp;_strong:has(+br)]:pb-2\">The Th\u00e9\u00e2tre de l\u2019Entrouvert company was founded in 2010 by \u00c9lise Vigneron, who trained in visual arts, circus arts, and puppetry (she graduated from the \u00c9cole Nationale Sup\u00e9rieure des Arts de la Marionnette in Charleville-M\u00e9zi\u00e8res).<\/p>\n<p class=\"my-2 [&amp;+p]:mt-4 [&amp;_strong:has(+br)]:inline-block [&amp;_strong:has(+br)]:pb-2\">At the crossroads of disciplines, the company upholds a contemporary vision of the art of puppetry while drawing inspiration from its origins. The Th\u00e9\u00e2tre de l\u2019Entrouvert\u2019s creations take many forms: stage performances, site-specific projects, processional works, participatory or immersive pieces, art-and-science collaborations, or visual installations.<\/p>\n<p class=\"my-2 [&amp;+p]:mt-4 [&amp;_strong:has(+br)]:inline-block [&amp;_strong:has(+br)]:pb-2\">\u00c9lise Vigneron often draws inspiration from a literary work, translating it to the stage through a visual language composed of images, materials, sounds, movements, and sometimes words. The themes of metamorphosis and the \u201cin-between,\u201d central to her work, emerge through the staging of ephemeral materials.<\/p>\n<p class=\"my-2 [&amp;+p]:mt-4 [&amp;_strong:has(+br)]:inline-block [&amp;_strong:has(+br)]:pb-2\">Each project reexamines how audiences engage with the performance, using specific setups that encourage a shared sensory experience.<\/p>\n<p class=\"my-2 [&amp;+p]:mt-4 [&amp;_strong:has(+br)]:inline-block [&amp;_strong:has(+br)]:pb-2\">The Th\u00e9\u00e2tre de l\u2019Entrouvert\u2019s projects are presented on multidisciplinary stages and in major international festivals, such as the Festival d\u2019Avignon, the World Festival of Puppet Theatres in Charleville-M\u00e9zi\u00e8res, the Seoul Performing Arts Festival, Mime London, the Chicago International Puppet Theater Festival, Down to Earth Festival in New York, and the Dialangshan Festival in China.<\/p>\n<p class=\"my-2 [&amp;+p]:mt-4 [&amp;_strong:has(+br)]:inline-block [&amp;_strong:has(+br)]:pb-2\">\u00c9lise Vigneron is currently an associate artist at <a rel=\"nofollow noopener\" class=\"reset interactable cursor-pointer decoration-1 underline-offset-1 text-super hover:underline font-semibold\" target=\"_blank\" href=\"https:\/\/www.halleauxgrains.com\/site\/\"><span class=\"text-box-trim-both\">La Halle aux grains \u2013 Sc\u00e8ne nationale de Blois<\/span><\/a> (41), the <a rel=\"nofollow noopener\" class=\"reset interactable cursor-pointer decoration-1 underline-offset-1 text-super hover:underline font-semibold\" target=\"_blank\" href=\"https:\/\/www.theatreachatillon.com\/\"><span class=\"text-box-trim-both\">Th\u00e9\u00e2tre de Ch\u00e2tillon<\/span><\/a> (92), and the <a rel=\"nofollow noopener\" class=\"reset interactable cursor-pointer decoration-1 underline-offset-1 text-super hover:underline font-semibold\" target=\"_blank\" href=\"https:\/\/www.theatrejoliette.fr\/\"><span class=\"text-box-trim-both\">Th\u00e9\u00e2tre Joliette in Marseille<\/span><\/a> (13).<\/p>\n<p class=\"my-2 [&amp;+p]:mt-4 [&amp;_strong:has(+br)]:inline-block [&amp;_strong:has(+br)]:pb-2\">She is the 2026 laureate of the <a rel=\"nofollow noopener\" class=\"reset interactable cursor-pointer decoration-1 underline-offset-1 text-super hover:underline font-semibold\" target=\"_blank\" href=\"https:\/\/villakujoyama.jp\/\"><span class=\"text-box-trim-both\">Villa Kujoyama<\/span><\/a> residency program, where she will collaborate with dancer and choreographer <a rel=\"nofollow noopener\" class=\"reset interactable cursor-pointer decoration-1 underline-offset-1 text-super hover:underline font-semibold\" target=\"_blank\" href=\"https:\/\/lentrouvert.com\/en\/azusa-takeuchi\/\"><span class=\"text-box-trim-both\">Azusa Takeuchi<\/span><\/a>.<\/p>\n<p class=\"my-2 [&amp;+p]:mt-4 [&amp;_strong:has(+br)]:inline-block [&amp;_strong:has(+br)]:pb-2\">The Th\u00e9\u00e2tre de l\u2019Entrouvert company is supported by the French Ministry of Culture, the R\u00e9gion Sud, and the Vaucluse Departmental Council.<\/p>\n<p class=\"my-2 [&amp;+p]:mt-4 [&amp;_strong:has(+br)]:inline-block [&amp;_strong:has(+br)]:pb-2\">Its creations receive additional support from the City of Apt (84), SPEDIDAM, and ADAMI. The company\u2019s touring activities are supported by ONDA, and its international projects by the Institut Fran\u00e7ais.<\/p>\n<p>&nbsp;<\/p>\n<p>[\/et_pb_text][et_pb_text quote_border_color=&#8221;rgba(102,102,102,0.87)&#8221; admin_label=&#8221;Text&#8221; _builder_version=&#8221;4.27.5&#8243; text_font=&#8221;||||||||&#8221; text_text_color=&#8221;#666666&#8243; text_line_height=&#8221;1.6em&#8221; link_font=&#8221;||||on||||&#8221; header_3_font=&#8221;Mulish||||||||&#8221; header_3_font_size=&#8221;19px&#8221; header_3_line_height=&#8221;1.5em&#8221; background_color=&#8221;rgba(255,255,255,0.92)&#8221; background_size=&#8221;initial&#8221; background_position=&#8221;top_left&#8221; background_repeat=&#8221;repeat&#8221; width_tablet=&#8221;90vw&#8221; width_phone=&#8221;auto&#8221; width_last_edited=&#8221;on|phone&#8221; custom_margin=&#8221;3px||||false|false&#8221; custom_padding=&#8221;15px|15px|15px|15px|false|false&#8221; module_alignment_tablet=&#8221;&#8221; module_alignment_phone=&#8221;&#8221; module_alignment_last_edited=&#8221;on|tablet&#8221; locked=&#8221;off&#8221; global_colors_info=&#8221;{}&#8221;]<\/p>\n<h2>AWARD<\/h2>\n<h3>\u00c9lise Vigneron has received several major distinctions as a puppeteer and stage director.<\/h3>\n<p><strong>2025<\/strong>, \u2018Aerowaves Twenty26 Artist\u2019\u00a0\u00a0Satchie Noro \u2013 Cie Furinka\u00ef and Elise Vigneron \u2013 Th\u00e9\u00e2tre de l\u2019Entrouvert were selected by the European platform Aerowaves for <a href=\"https:\/\/lentrouvert.com\/en\/mizu\/\">MIZU<\/a>.\u200b<\/p>\n<p><strong>2022<\/strong>, <a href=\"https:\/\/lentrouvert.com\/en\/traversees\/\">TRAVERS\u00c9ES<\/a> received the \u201cYoung Critics\u2019 Prize\u201d at the 21st International Puppet Festival in Bielsko-Biala, Poland.\u200b<\/p>\n<p><strong>2019<\/strong>, \u00c9lise Vigneron received the \u201cInternational Creation \/ Experimentation Prize\u201d awarded by the International Institute of Puppetry.\u200b<\/p>\n<p><strong>2018<\/strong>, <a href=\"https:\/\/lentrouvert.com\/en\/anywhere\/\">ANYWHERE<\/a> received the \u201cHenry Bauchau Prize\u201d.\u200b<\/p>\n<p><strong>2017<\/strong>, <a href=\"https:\/\/lentrouvert.com\/en\/anywhere\/\">ANYWHERE<\/a> won the \u201cVice Major Award\u201d at the international festival of Ostrava in the Czech Republic.\u200b<\/p>\n<p><strong>2011<\/strong>, <a href=\"https:\/\/lentrouvert.com\/en\/traversees\/\">TRAVERS\u00c9ES<\/a> received the \u201cInnovative Performance Prize\u201d and the \u201cScenography Prize\u201d at the international festival of Lleida in Spain.<\/p>\n<p>[\/et_pb_text][\/et_pb_column][et_pb_column type=&#8221;1_2&#8243; _builder_version=&#8221;4.16&#8243; custom_padding=&#8221;|||&#8221; global_colors_info=&#8221;{}&#8221; custom_padding__hover=&#8221;|||&#8221;][\/et_pb_column][\/et_pb_row][\/et_pb_section]<\/p>\n","protected":false},"excerpt":{"rendered":"<p>TH\u00c9\u00c2TRE DE L\u2019ENTROUVERT\u00c9LISE VIGNERON\u201cThrough the fragility of matter, through the animation of bodies and images, I invite the audience to experience a sensory journey that enters into the metaphorical language [&hellip;]<\/p>\n","protected":false},"author":2,"featured_media":0,"parent":0,"menu_order":0,"comment_status":"closed","ping_status":"closed","template":"","meta":{"_et_pb_use_builder":"on","_et_pb_old_content":"","_et_gb_content_width":"","footnotes":""},"class_list":["post-6174","page","type-page","status-publish","hentry"],"yoast_head":"<!-- This site is optimized with the Yoast SEO plugin v27.5 - https:\/\/yoast.com\/product\/yoast-seo-wordpress\/ -->\n<title>The company - Th\u00e9\u00e2tre de l&#039;Entrouvert<\/title>\n<meta name=\"robots\" content=\"index, follow, max-snippet:-1, max-image-preview:large, max-video-preview:-1\" \/>\n<link rel=\"canonical\" href=\"https:\/\/lentrouvert.com\/en\/the-company\/\" \/>\n<meta property=\"og:locale\" content=\"en_US\" \/>\n<meta property=\"og:type\" content=\"article\" \/>\n<meta property=\"og:title\" content=\"The company - Th\u00e9\u00e2tre de l&#039;Entrouvert\" \/>\n<meta property=\"og:description\" content=\"TH\u00c9\u00c2TRE DE L\u2019ENTROUVERT\u00c9LISE VIGNERON\u201cThrough the fragility of matter, through the animation of bodies and images, I invite the audience to experience a sensory journey that enters into the metaphorical language [&hellip;]\" \/>\n<meta property=\"og:url\" content=\"https:\/\/lentrouvert.com\/en\/the-company\/\" \/>\n<meta property=\"og:site_name\" content=\"Th\u00e9\u00e2tre de l&#039;Entrouvert\" \/>\n<meta property=\"article:modified_time\" content=\"2026-03-30T17:09:17+00:00\" \/>\n<meta name=\"twitter:card\" content=\"summary_large_image\" \/>\n<meta name=\"twitter:label1\" content=\"Est. reading time\" \/>\n\t<meta name=\"twitter:data1\" content=\"5 minutes\" \/>\n<script type=\"application\/ld+json\" class=\"yoast-schema-graph\">{\"@context\":\"https:\\\/\\\/schema.org\",\"@graph\":[{\"@type\":\"WebPage\",\"@id\":\"https:\\\/\\\/lentrouvert.com\\\/en\\\/the-company\\\/\",\"url\":\"https:\\\/\\\/lentrouvert.com\\\/en\\\/the-company\\\/\",\"name\":\"The company - Th\u00e9\u00e2tre de l&#039;Entrouvert\",\"isPartOf\":{\"@id\":\"https:\\\/\\\/lentrouvert.com\\\/en\\\/#website\"},\"datePublished\":\"2020-02-13T12:45:40+00:00\",\"dateModified\":\"2026-03-30T17:09:17+00:00\",\"breadcrumb\":{\"@id\":\"https:\\\/\\\/lentrouvert.com\\\/en\\\/the-company\\\/#breadcrumb\"},\"inLanguage\":\"en-US\",\"potentialAction\":[{\"@type\":\"ReadAction\",\"target\":[\"https:\\\/\\\/lentrouvert.com\\\/en\\\/the-company\\\/\"]}]},{\"@type\":\"BreadcrumbList\",\"@id\":\"https:\\\/\\\/lentrouvert.com\\\/en\\\/the-company\\\/#breadcrumb\",\"itemListElement\":[{\"@type\":\"ListItem\",\"position\":1,\"name\":\"Accueil\",\"item\":\"https:\\\/\\\/lentrouvert.com\\\/en\\\/spectacle-de-marionnette-contemporaine\\\/\"},{\"@type\":\"ListItem\",\"position\":2,\"name\":\"The company\"}]},{\"@type\":\"WebSite\",\"@id\":\"https:\\\/\\\/lentrouvert.com\\\/en\\\/#website\",\"url\":\"https:\\\/\\\/lentrouvert.com\\\/en\\\/\",\"name\":\"Th\u00e9\u00e2tre de l&#039;Entrouvert\",\"description\":\"Elise Vigneron\",\"publisher\":{\"@id\":\"https:\\\/\\\/lentrouvert.com\\\/en\\\/#organization\"},\"potentialAction\":[{\"@type\":\"SearchAction\",\"target\":{\"@type\":\"EntryPoint\",\"urlTemplate\":\"https:\\\/\\\/lentrouvert.com\\\/en\\\/?s={search_term_string}\"},\"query-input\":{\"@type\":\"PropertyValueSpecification\",\"valueRequired\":true,\"valueName\":\"search_term_string\"}}],\"inLanguage\":\"en-US\"},{\"@type\":\"Organization\",\"@id\":\"https:\\\/\\\/lentrouvert.com\\\/en\\\/#organization\",\"name\":\"Th\u00e9\u00e2tre de l\u2019Entrouvert\",\"url\":\"https:\\\/\\\/lentrouvert.com\\\/en\\\/\",\"logo\":{\"@type\":\"ImageObject\",\"inLanguage\":\"en-US\",\"@id\":\"https:\\\/\\\/lentrouvert.com\\\/en\\\/#\\\/schema\\\/logo\\\/image\\\/\",\"url\":\"\",\"contentUrl\":\"\",\"caption\":\"Th\u00e9\u00e2tre de l\u2019Entrouvert\"},\"image\":{\"@id\":\"https:\\\/\\\/lentrouvert.com\\\/en\\\/#\\\/schema\\\/logo\\\/image\\\/\"}}]}<\/script>\n<!-- \/ Yoast SEO plugin. -->","yoast_head_json":{"title":"The company - Th\u00e9\u00e2tre de l&#039;Entrouvert","robots":{"index":"index","follow":"follow","max-snippet":"max-snippet:-1","max-image-preview":"max-image-preview:large","max-video-preview":"max-video-preview:-1"},"canonical":"https:\/\/lentrouvert.com\/en\/the-company\/","og_locale":"en_US","og_type":"article","og_title":"The company - Th\u00e9\u00e2tre de l&#039;Entrouvert","og_description":"TH\u00c9\u00c2TRE DE L\u2019ENTROUVERT\u00c9LISE VIGNERON\u201cThrough the fragility of matter, through the animation of bodies and images, I invite the audience to experience a sensory journey that enters into the metaphorical language [&hellip;]","og_url":"https:\/\/lentrouvert.com\/en\/the-company\/","og_site_name":"Th\u00e9\u00e2tre de l&#039;Entrouvert","article_modified_time":"2026-03-30T17:09:17+00:00","twitter_card":"summary_large_image","twitter_misc":{"Est. reading time":"5 minutes"},"schema":{"@context":"https:\/\/schema.org","@graph":[{"@type":"WebPage","@id":"https:\/\/lentrouvert.com\/en\/the-company\/","url":"https:\/\/lentrouvert.com\/en\/the-company\/","name":"The company - Th\u00e9\u00e2tre de l&#039;Entrouvert","isPartOf":{"@id":"https:\/\/lentrouvert.com\/en\/#website"},"datePublished":"2020-02-13T12:45:40+00:00","dateModified":"2026-03-30T17:09:17+00:00","breadcrumb":{"@id":"https:\/\/lentrouvert.com\/en\/the-company\/#breadcrumb"},"inLanguage":"en-US","potentialAction":[{"@type":"ReadAction","target":["https:\/\/lentrouvert.com\/en\/the-company\/"]}]},{"@type":"BreadcrumbList","@id":"https:\/\/lentrouvert.com\/en\/the-company\/#breadcrumb","itemListElement":[{"@type":"ListItem","position":1,"name":"Accueil","item":"https:\/\/lentrouvert.com\/en\/spectacle-de-marionnette-contemporaine\/"},{"@type":"ListItem","position":2,"name":"The company"}]},{"@type":"WebSite","@id":"https:\/\/lentrouvert.com\/en\/#website","url":"https:\/\/lentrouvert.com\/en\/","name":"Th\u00e9\u00e2tre de l&#039;Entrouvert","description":"Elise Vigneron","publisher":{"@id":"https:\/\/lentrouvert.com\/en\/#organization"},"potentialAction":[{"@type":"SearchAction","target":{"@type":"EntryPoint","urlTemplate":"https:\/\/lentrouvert.com\/en\/?s={search_term_string}"},"query-input":{"@type":"PropertyValueSpecification","valueRequired":true,"valueName":"search_term_string"}}],"inLanguage":"en-US"},{"@type":"Organization","@id":"https:\/\/lentrouvert.com\/en\/#organization","name":"Th\u00e9\u00e2tre de l\u2019Entrouvert","url":"https:\/\/lentrouvert.com\/en\/","logo":{"@type":"ImageObject","inLanguage":"en-US","@id":"https:\/\/lentrouvert.com\/en\/#\/schema\/logo\/image\/","url":"","contentUrl":"","caption":"Th\u00e9\u00e2tre de l\u2019Entrouvert"},"image":{"@id":"https:\/\/lentrouvert.com\/en\/#\/schema\/logo\/image\/"}}]}},"_links":{"self":[{"href":"https:\/\/lentrouvert.com\/en\/wp-json\/wp\/v2\/pages\/6174","targetHints":{"allow":["GET"]}}],"collection":[{"href":"https:\/\/lentrouvert.com\/en\/wp-json\/wp\/v2\/pages"}],"about":[{"href":"https:\/\/lentrouvert.com\/en\/wp-json\/wp\/v2\/types\/page"}],"author":[{"embeddable":true,"href":"https:\/\/lentrouvert.com\/en\/wp-json\/wp\/v2\/users\/2"}],"replies":[{"embeddable":true,"href":"https:\/\/lentrouvert.com\/en\/wp-json\/wp\/v2\/comments?post=6174"}],"version-history":[{"count":1,"href":"https:\/\/lentrouvert.com\/en\/wp-json\/wp\/v2\/pages\/6174\/revisions"}],"predecessor-version":[{"id":17268,"href":"https:\/\/lentrouvert.com\/en\/wp-json\/wp\/v2\/pages\/6174\/revisions\/17268"}],"wp:attachment":[{"href":"https:\/\/lentrouvert.com\/en\/wp-json\/wp\/v2\/media?parent=6174"}],"curies":[{"name":"wp","href":"https:\/\/api.w.org\/{rel}","templated":true}]}}