{"id":6187,"date":"2020-02-13T13:53:45","date_gmt":"2020-02-13T12:53:45","guid":{"rendered":"http:\/\/test.lentrouvert.com\/transmission-2\/"},"modified":"2024-01-13T12:09:02","modified_gmt":"2024-01-13T11:09:02","slug":"transmission-2","status":"publish","type":"page","link":"https:\/\/lentrouvert.com\/en\/transmission-2\/","title":{"rendered":"Transmission"},"content":{"rendered":"<p>[et_pb_section fb_built=&#8221;1&#8243; admin_label=&#8221;section&#8221; _builder_version=&#8221;4.22.1&#8243; background_image=&#8221;https:\/\/lentrouvert.com\/wp-content\/uploads\/2021\/08\/P1010160-scaled.jpg&#8221; parallax=&#8221;on&#8221; parallax_method=&#8221;off&#8221; module_alignment=&#8221;left&#8221; custom_margin=&#8221;0px|0px||0px|false|false&#8221; custom_padding=&#8221;30vh|0px||0px|false|false&#8221; background_color_phone=&#8221;#E3EEF2&#8243; background_last_edited=&#8221;on|phone&#8221; background_enable_color_phone=&#8221;on&#8221; background_enable_image_phone=&#8221;off&#8221; global_colors_info=&#8221;{}&#8221;][et_pb_row use_custom_gutter=&#8221;on&#8221; gutter_width=&#8221;2&#8243; admin_label=&#8221;row&#8221; _builder_version=&#8221;4.16&#8243; background_size=&#8221;initial&#8221; background_position=&#8221;top_left&#8221; background_repeat=&#8221;repeat&#8221; width=&#8221;auto&#8221; width_tablet=&#8221;&#8221; width_phone=&#8221;85vw&#8221; width_last_edited=&#8221;on|tablet&#8221; custom_margin=&#8221;200px|||100px|false|false&#8221; custom_margin_tablet=&#8221;100px|||100px|false|false&#8221; custom_margin_phone=&#8221;100px|0px||25px|false|false&#8221; custom_margin_last_edited=&#8221;on|phone&#8221; custom_padding=&#8221;88px|0px|0px|25px|false|false&#8221; animation_direction=&#8221;bottom&#8221; global_colors_info=&#8221;{}&#8221;][et_pb_column type=&#8221;4_4&#8243; _builder_version=&#8221;4.16&#8243; custom_padding=&#8221;|||&#8221; global_colors_info=&#8221;{}&#8221; custom_padding__hover=&#8221;|||&#8221;][et_pb_text content_phone=&#8221;<\/p>\n<h1>Transmission<\/h1>\n<p>&#8221; content_last_edited=&#8221;off|desktop&#8221; _builder_version=&#8221;4.23.4&#8243; header_font=&#8221;Work Sans|100||on|||||&#8221; header_text_color=&#8221;#ffffff&#8221; header_font_size=&#8221;85px&#8221; header_letter_spacing=&#8221;-2px&#8221; custom_margin=&#8221;||50px||false|false&#8221; custom_margin_last_edited=&#8221;off|desktop&#8221; hover_enabled=&#8221;0&#8243; header_font_tablet=&#8221;&#8221; header_font_phone=&#8221;Muli|200||on|||||&#8221; header_font_last_edited=&#8221;on|phone&#8221; header_font_size_tablet=&#8221;&#8221; header_font_size_phone=&#8221;41px&#8221; header_font_size_last_edited=&#8221;on|desktop&#8221; global_colors_info=&#8221;{}&#8221; sticky_enabled=&#8221;0&#8243;]<\/p>\n<h1>international<br \/>projects<\/h1>\n<p>[\/et_pb_text][\/et_pb_column][\/et_pb_row][et_pb_row column_structure=&#8221;1_2,1_2&#8243; use_custom_gutter=&#8221;on&#8221; admin_label=&#8221;row&#8221; _builder_version=&#8221;4.16&#8243; background_size=&#8221;initial&#8221; background_position=&#8221;top_left&#8221; background_repeat=&#8221;repeat&#8221; width=&#8221;auto&#8221; width_tablet=&#8221;&#8221; width_phone=&#8221;&#8221; width_last_edited=&#8221;on|tablet&#8221; custom_margin=&#8221;|||100px|false|false&#8221; custom_margin_tablet=&#8221;|||70px|false|false&#8221; custom_margin_phone=&#8221;|||10px|false|false&#8221; custom_margin_last_edited=&#8221;on|phone&#8221; custom_padding=&#8221;0px|||25px|false|false&#8221; global_colors_info=&#8221;{}&#8221;][et_pb_column type=&#8221;1_2&#8243; _builder_version=&#8221;4.16&#8243; custom_padding=&#8221;|||&#8221; global_colors_info=&#8221;{}&#8221; custom_padding__hover=&#8221;|||&#8221;][et_pb_text admin_label=&#8221;Text&#8221; _builder_version=&#8221;4.16&#8243; text_font=&#8221;Muli||||||||&#8221; text_line_height=&#8221;1.6em&#8221; header_font=&#8221;Muli|100|||||||&#8221; header_2_font=&#8221;Muli|100|||||||&#8221; header_3_font=&#8221;Muli|300|||||||&#8221; header_3_font_size=&#8221;21px&#8221; header_3_line_height=&#8221;2em&#8221; header_4_font=&#8221;Muli||||||||&#8221; header_5_font=&#8221;Muli||||||||&#8221; header_5_font_size=&#8221;15px&#8221; header_6_font=&#8221;Muli|500|||||||&#8221; background_color=&#8221;rgba(255,255,255,0.92)&#8221; background_size=&#8221;initial&#8221; background_position=&#8221;top_left&#8221; background_repeat=&#8221;repeat&#8221; width_tablet=&#8221;90vw&#8221; width_phone=&#8221;85vw&#8221; width_last_edited=&#8221;on|phone&#8221; custom_margin=&#8221;||0px||false|false&#8221; custom_padding=&#8221;15px|15px|15px|15px|false|false&#8221; global_colors_info=&#8221;{}&#8221;]<\/p>\n<p>The artistic approach of the Th\u00e9\u00e2tre de l\u2019Entrouvert is characterised by a particular way of addressing theatre performances, especially the phase of creation, with a more comprehensive vision, completed by moments of experimentation and discussion with the audience. These moments of sharing are reinvented according to each project, each audience, and each collaborator. They can take different forms : artistic labs, workshops, gatherings, master classes\u2026<\/p>\n<p>Their content is always linked to the artistic research carried on by the company around the animation of matter, body, pictures, and shadows.<\/p>\n<p>[\/et_pb_text][et_pb_text admin_label=&#8221;Text&#8221; _builder_version=&#8221;4.22.1&#8243; text_font=&#8221;Muli||||||||&#8221; text_line_height=&#8221;1.6em&#8221; link_font=&#8221;|||on|||||&#8221; link_font_size=&#8221;13px&#8221; header_font=&#8221;Muli|200||on|||||&#8221; header_text_color=&#8221;#666666&#8243; header_font_size=&#8221;41px&#8221; header_letter_spacing=&#8221;2px&#8221; header_2_font=&#8221;|100|||||||&#8221; header_3_font=&#8221;||||||||&#8221; header_4_font=&#8221;||||||||&#8221; header_5_font_size=&#8221;15px&#8221; header_6_font=&#8221;|500|||||||&#8221; background_color=&#8221;rgba(255,255,255,0.89)&#8221; background_size=&#8221;initial&#8221; background_position=&#8221;top_left&#8221; background_repeat=&#8221;repeat&#8221; width_tablet=&#8221;90vw&#8221; width_phone=&#8221;85vw&#8221; width_last_edited=&#8221;on|phone&#8221; custom_margin=&#8221;4px||0px||false|false&#8221; custom_padding=&#8221;0px|15px||15px|false|false&#8221; global_colors_info=&#8221;{}&#8221; background_color__hover=&#8221;#e3eef2&#8243; background_enable_color__hover=&#8221;on&#8221; background__hover_enabled=&#8221;on|hover&#8221;]<\/p>\n<p><a href=\"https:\/\/lentrouvert.com\/wp-content\/uploads\/2019\/08\/ANYWHERE-DP-English.pdf\" rel=\"attachment wp-att-6024\">Pedagogical file ANYWHERE (PDF 577 ko)<\/a><\/p>\n<p>[\/et_pb_text][et_pb_gallery gallery_ids=&#8221;4626,4627,4630,4631,4632,4633,4634,4635,4636,4637,4638&#8243; fullwidth=&#8221;on&#8221; _builder_version=&#8221;4.23.4&#8243; background_layout=&#8221;dark&#8221; width=&#8221;auto&#8221; width_tablet=&#8221;90vw&#8221; width_phone=&#8221;85vw&#8221; width_last_edited=&#8221;on|desktop&#8221; module_alignment=&#8221;center&#8221; custom_margin=&#8221;30px||12px||false|false&#8221; custom_padding=&#8221;0px|||0px|false|false&#8221; locked=&#8221;off&#8221; global_colors_info=&#8221;{}&#8221;][\/et_pb_gallery][\/et_pb_column][et_pb_column type=&#8221;1_2&#8243; _builder_version=&#8221;4.16&#8243; global_colors_info=&#8221;{}&#8221;][\/et_pb_column][\/et_pb_row][\/et_pb_section]<\/p>\n","protected":false},"excerpt":{"rendered":"<p>internationalprojectsThe artistic approach of the Th\u00e9\u00e2tre de l\u2019Entrouvert is characterised by a particular way of addressing theatre performances, especially the phase of creation, with a more comprehensive vision, completed by [&hellip;]<\/p>\n","protected":false},"author":2,"featured_media":0,"parent":0,"menu_order":0,"comment_status":"closed","ping_status":"closed","template":"","meta":{"_et_pb_use_builder":"on","_et_pb_old_content":"[:fr]\n<div>[smartslider2 slider=\"19\"]<\/div>\nThe artistic approach of the Th\u00e9\u00e2tre de l\u2019Entrouvert is characterised by a particular way of addressing theatre performances, especially the phase of creation, with a more comprehensive vision, completed by moments of experimentation and discussion with the audience. These moments of sharing are reinvented according to each project, each audience, and each collaborator. They can take different forms : artistic labs, workshops, gatherings, master classes\u2026\nTheir content is always linked to the artistic research carried on by the company around the animation of matter, body, pictures, and shadows.\n\n<a href=\"http:\/\/test.lentrouvert.com\/wp-content\/uploads\/2019\/07\/DP-Lenfant.pdf\">Educationnal file L'ENFANT<\/a>\n\n<a href=\"http:\/\/test.lentrouvert.com\/wp-content\/uploads\/2019\/02\/ANY-dossier-Pe%CC%81da-120219.pdf\">Educationnal file ANYWHERE<\/a>\n\n<span style=\"text-decoration: underline;\">LE 140 - Bruxelles \/ Belgique<\/span>\n2 december - 1h\n\n<u>UNIVERSITE AIX-MARSEILLE (13)\n<\/u>6 > 10 april \u2013 25 h\n\u00c9lise Vigneron mettra en sc\u00e8ne une production universitaire avec des \u00e9l\u00e8ves du DEUST Th\u00e9\u00e2tre\n\n[:]\n\n[:en]\n<div>[smartslider2 slider=\"19\"]<\/div>\n<p style=\"text-align: justify;\">The artistic approach of the Th\u00e9\u00e2tre de l\u2019Entrouvert is characterised by a particular way of addressing theatre performances, especially the phase of creation, with a more comprehensive vision, completed by moments of experimentation and discussion with the audience. These moments of sharing are reinvented according to each project, each audience, and each collaborator. They can take different forms : artistic labs, workshops, gatherings, master classes\u2026\nTheir content is always linked to the artistic research carried on by the company around the animation of matter, body, pictures, and shadows.<\/p>\n<a href=\"http:\/\/test.lentrouvert.com\/wp-content\/uploads\/2019\/08\/ANYWHERE-DP-English.pdf\">Pedagogical file ANYWHERE<\/a>\n\n<strong> <\/strong>\n\n[:]","_et_gb_content_width":"","footnotes":""},"class_list":["post-6187","page","type-page","status-publish","hentry"],"yoast_head":"<!-- This site is optimized with the Yoast SEO plugin v27.5 - https:\/\/yoast.com\/product\/yoast-seo-wordpress\/ -->\n<title>Transmission - Th\u00e9\u00e2tre de l&#039;Entrouvert<\/title>\n<meta name=\"robots\" content=\"index, follow, max-snippet:-1, max-image-preview:large, max-video-preview:-1\" \/>\n<link rel=\"canonical\" href=\"https:\/\/lentrouvert.com\/en\/transmission-2\/\" \/>\n<meta property=\"og:locale\" content=\"en_US\" \/>\n<meta property=\"og:type\" content=\"article\" \/>\n<meta property=\"og:title\" content=\"Transmission - Th\u00e9\u00e2tre de l&#039;Entrouvert\" \/>\n<meta property=\"og:description\" content=\"internationalprojectsThe artistic approach of the Th\u00e9\u00e2tre de l\u2019Entrouvert is characterised by a particular way of addressing theatre performances, especially the phase of creation, with a more comprehensive vision, completed by [&hellip;]\" \/>\n<meta property=\"og:url\" content=\"https:\/\/lentrouvert.com\/en\/transmission-2\/\" \/>\n<meta property=\"og:site_name\" content=\"Th\u00e9\u00e2tre de l&#039;Entrouvert\" \/>\n<meta property=\"article:modified_time\" content=\"2024-01-13T11:09:02+00:00\" \/>\n<meta name=\"twitter:card\" content=\"summary_large_image\" \/>\n<meta name=\"twitter:label1\" content=\"Est. reading time\" \/>\n\t<meta name=\"twitter:data1\" content=\"3 minutes\" \/>\n<script type=\"application\/ld+json\" class=\"yoast-schema-graph\">{\"@context\":\"https:\\\/\\\/schema.org\",\"@graph\":[{\"@type\":\"WebPage\",\"@id\":\"https:\\\/\\\/lentrouvert.com\\\/en\\\/transmission-2\\\/\",\"url\":\"https:\\\/\\\/lentrouvert.com\\\/en\\\/transmission-2\\\/\",\"name\":\"Transmission - Th\u00e9\u00e2tre de l&#039;Entrouvert\",\"isPartOf\":{\"@id\":\"https:\\\/\\\/lentrouvert.com\\\/en\\\/#website\"},\"datePublished\":\"2020-02-13T12:53:45+00:00\",\"dateModified\":\"2024-01-13T11:09:02+00:00\",\"breadcrumb\":{\"@id\":\"https:\\\/\\\/lentrouvert.com\\\/en\\\/transmission-2\\\/#breadcrumb\"},\"inLanguage\":\"en-US\",\"potentialAction\":[{\"@type\":\"ReadAction\",\"target\":[\"https:\\\/\\\/lentrouvert.com\\\/en\\\/transmission-2\\\/\"]}]},{\"@type\":\"BreadcrumbList\",\"@id\":\"https:\\\/\\\/lentrouvert.com\\\/en\\\/transmission-2\\\/#breadcrumb\",\"itemListElement\":[{\"@type\":\"ListItem\",\"position\":1,\"name\":\"Accueil\",\"item\":\"https:\\\/\\\/lentrouvert.com\\\/en\\\/spectacle-de-marionnette-contemporaine\\\/\"},{\"@type\":\"ListItem\",\"position\":2,\"name\":\"Transmission\"}]},{\"@type\":\"WebSite\",\"@id\":\"https:\\\/\\\/lentrouvert.com\\\/en\\\/#website\",\"url\":\"https:\\\/\\\/lentrouvert.com\\\/en\\\/\",\"name\":\"Th\u00e9\u00e2tre de l&#039;Entrouvert\",\"description\":\"Elise Vigneron\",\"publisher\":{\"@id\":\"https:\\\/\\\/lentrouvert.com\\\/en\\\/#organization\"},\"potentialAction\":[{\"@type\":\"SearchAction\",\"target\":{\"@type\":\"EntryPoint\",\"urlTemplate\":\"https:\\\/\\\/lentrouvert.com\\\/en\\\/?s={search_term_string}\"},\"query-input\":{\"@type\":\"PropertyValueSpecification\",\"valueRequired\":true,\"valueName\":\"search_term_string\"}}],\"inLanguage\":\"en-US\"},{\"@type\":\"Organization\",\"@id\":\"https:\\\/\\\/lentrouvert.com\\\/en\\\/#organization\",\"name\":\"Th\u00e9\u00e2tre de l\u2019Entrouvert\",\"url\":\"https:\\\/\\\/lentrouvert.com\\\/en\\\/\",\"logo\":{\"@type\":\"ImageObject\",\"inLanguage\":\"en-US\",\"@id\":\"https:\\\/\\\/lentrouvert.com\\\/en\\\/#\\\/schema\\\/logo\\\/image\\\/\",\"url\":\"\",\"contentUrl\":\"\",\"caption\":\"Th\u00e9\u00e2tre de l\u2019Entrouvert\"},\"image\":{\"@id\":\"https:\\\/\\\/lentrouvert.com\\\/en\\\/#\\\/schema\\\/logo\\\/image\\\/\"}}]}<\/script>\n<!-- \/ Yoast SEO plugin. -->","yoast_head_json":{"title":"Transmission - Th\u00e9\u00e2tre de l&#039;Entrouvert","robots":{"index":"index","follow":"follow","max-snippet":"max-snippet:-1","max-image-preview":"max-image-preview:large","max-video-preview":"max-video-preview:-1"},"canonical":"https:\/\/lentrouvert.com\/en\/transmission-2\/","og_locale":"en_US","og_type":"article","og_title":"Transmission - Th\u00e9\u00e2tre de l&#039;Entrouvert","og_description":"internationalprojectsThe artistic approach of the Th\u00e9\u00e2tre de l\u2019Entrouvert is characterised by a particular way of addressing theatre performances, especially the phase of creation, with a more comprehensive vision, completed by [&hellip;]","og_url":"https:\/\/lentrouvert.com\/en\/transmission-2\/","og_site_name":"Th\u00e9\u00e2tre de l&#039;Entrouvert","article_modified_time":"2024-01-13T11:09:02+00:00","twitter_card":"summary_large_image","twitter_misc":{"Est. reading time":"3 minutes"},"schema":{"@context":"https:\/\/schema.org","@graph":[{"@type":"WebPage","@id":"https:\/\/lentrouvert.com\/en\/transmission-2\/","url":"https:\/\/lentrouvert.com\/en\/transmission-2\/","name":"Transmission - Th\u00e9\u00e2tre de l&#039;Entrouvert","isPartOf":{"@id":"https:\/\/lentrouvert.com\/en\/#website"},"datePublished":"2020-02-13T12:53:45+00:00","dateModified":"2024-01-13T11:09:02+00:00","breadcrumb":{"@id":"https:\/\/lentrouvert.com\/en\/transmission-2\/#breadcrumb"},"inLanguage":"en-US","potentialAction":[{"@type":"ReadAction","target":["https:\/\/lentrouvert.com\/en\/transmission-2\/"]}]},{"@type":"BreadcrumbList","@id":"https:\/\/lentrouvert.com\/en\/transmission-2\/#breadcrumb","itemListElement":[{"@type":"ListItem","position":1,"name":"Accueil","item":"https:\/\/lentrouvert.com\/en\/spectacle-de-marionnette-contemporaine\/"},{"@type":"ListItem","position":2,"name":"Transmission"}]},{"@type":"WebSite","@id":"https:\/\/lentrouvert.com\/en\/#website","url":"https:\/\/lentrouvert.com\/en\/","name":"Th\u00e9\u00e2tre de l&#039;Entrouvert","description":"Elise Vigneron","publisher":{"@id":"https:\/\/lentrouvert.com\/en\/#organization"},"potentialAction":[{"@type":"SearchAction","target":{"@type":"EntryPoint","urlTemplate":"https:\/\/lentrouvert.com\/en\/?s={search_term_string}"},"query-input":{"@type":"PropertyValueSpecification","valueRequired":true,"valueName":"search_term_string"}}],"inLanguage":"en-US"},{"@type":"Organization","@id":"https:\/\/lentrouvert.com\/en\/#organization","name":"Th\u00e9\u00e2tre de l\u2019Entrouvert","url":"https:\/\/lentrouvert.com\/en\/","logo":{"@type":"ImageObject","inLanguage":"en-US","@id":"https:\/\/lentrouvert.com\/en\/#\/schema\/logo\/image\/","url":"","contentUrl":"","caption":"Th\u00e9\u00e2tre de l\u2019Entrouvert"},"image":{"@id":"https:\/\/lentrouvert.com\/en\/#\/schema\/logo\/image\/"}}]}},"_links":{"self":[{"href":"https:\/\/lentrouvert.com\/en\/wp-json\/wp\/v2\/pages\/6187","targetHints":{"allow":["GET"]}}],"collection":[{"href":"https:\/\/lentrouvert.com\/en\/wp-json\/wp\/v2\/pages"}],"about":[{"href":"https:\/\/lentrouvert.com\/en\/wp-json\/wp\/v2\/types\/page"}],"author":[{"embeddable":true,"href":"https:\/\/lentrouvert.com\/en\/wp-json\/wp\/v2\/users\/2"}],"replies":[{"embeddable":true,"href":"https:\/\/lentrouvert.com\/en\/wp-json\/wp\/v2\/comments?post=6187"}],"version-history":[{"count":0,"href":"https:\/\/lentrouvert.com\/en\/wp-json\/wp\/v2\/pages\/6187\/revisions"}],"wp:attachment":[{"href":"https:\/\/lentrouvert.com\/en\/wp-json\/wp\/v2\/media?parent=6187"}],"curies":[{"name":"wp","href":"https:\/\/api.w.org\/{rel}","templated":true}]}}