{"id":6191,"date":"2020-02-13T13:54:22","date_gmt":"2020-02-13T12:54:22","guid":{"rendered":"http:\/\/test.lentrouvert.com\/actions-culturelles\/"},"modified":"2020-04-01T08:17:00","modified_gmt":"2020-04-01T07:17:00","slug":"actions-culturelles","status":"publish","type":"page","link":"https:\/\/lentrouvert.com\/en\/actions-culturelles\/","title":{"rendered":"Actions Culturelles"},"content":{"rendered":"<p>[et_pb_section fb_built=&#8221;1&#8243; admin_label=&#8221;section&#8221; _builder_version=&#8221;4.0.6&#8243; hover_enabled=&#8221;0&#8243; background_image=&#8221;http:\/\/test.lentrouvert.com\/wp-content\/uploads\/2018\/10\/DSC0005-1024&#215;681.jpg&#8221; parallax=&#8221;on&#8221; parallax_method=&#8221;off&#8221; width=&#8221;89vw&#8221; border_radii=&#8221;off||20px||&#8221; width_last_edited=&#8221;on|desktop&#8221; width_tablet=&#8221;95vw&#8221; custom_margin=&#8221;20px||||false|false&#8221;][et_pb_row admin_label=&#8221;row&#8221; _builder_version=&#8221;4.0.6&#8243; background_size=&#8221;initial&#8221; background_position=&#8221;top_left&#8221; background_repeat=&#8221;repeat&#8221; hover_enabled=&#8221;0&#8243; column_structure=&#8221;1_2,1_2&#8243; custom_margin=&#8221;|0px|||false|false&#8221;][et_pb_column type=&#8221;1_2&#8243; _builder_version=&#8221;3.25&#8243; custom_padding=&#8221;|||&#8221; custom_padding__hover=&#8221;|||&#8221;][\/et_pb_column][et_pb_column type=&#8221;1_2&#8243; _builder_version=&#8221;3.25&#8243; custom_padding=&#8221;|||&#8221; custom_padding__hover=&#8221;|||&#8221;][et_pb_text admin_label=&#8221;Text&#8221; _builder_version=&#8221;4.0.6&#8243; background_size=&#8221;initial&#8221; background_position=&#8221;top_left&#8221; background_repeat=&#8221;repeat&#8221; hover_enabled=&#8221;0&#8243; header_2_font_size=&#8221;28px&#8221; header_3_font_size=&#8221;18px&#8221; header_3_line_height=&#8221;1.3em&#8221; background_color=&#8221;rgba(255,255,255,0.88)&#8221; custom_padding=&#8221;15px|15px|15px|15px|true|true&#8221; border_radii=&#8221;off|20px|||&#8221; custom_margin=&#8221;||||false|false&#8221; header_font_size=&#8221;65px&#8221; header_2_font=&#8221;Work Sans|300|||||||&#8221; link_font_size=&#8221;20px&#8221; link_font=&#8221;Work Sans||||||||&#8221;]<\/p>\n<h1>Actions culturelles<\/h1>\n<h2>Octobre<\/h2>\n<h3><a href=\"https:\/\/www.lagarance.com\/Elise-Vigneron-5862\">Empreintes, atelier autour de <em><\/em><\/a><a href=\"https:\/\/www.lagarance.com\/Elise-Vigneron-5862\"><em><\/em><\/a><a href=\"https:\/\/www.lagarance.com\/Elise-Vigneron-5862\"><em>L&#8217;enfant<br \/><\/em><\/a>Atelier de reproduction<br \/> par moulage de pl\u00e2tre<br \/> La Garance, Sc\u00e8ne nationale<br \/> de Cavaillon (84)<\/h3>\n<h6>Samedi 13 octobre de 10:00 \u00e0 16:00<br \/> Dimanche 14 octobre de 10:00 \u00e0 16:00<br \/> For all ages over ten<\/h6>\n<h3>Ateliers en amont des repr\u00e9sentations<br \/> du spectacle <em>Anywhere<\/em><br \/> en direction des scolaires<br \/> Espace Andr\u00e9 Malraux \u00e0 Herblay (95) <br \/>Festival du Val d\u2019Oise<\/h3>\n<h6>Les 16, 17 octobre 2018<\/h6>\n<h2>Novembre<\/h2>\n<h3><a href=\"https:\/\/www.tjp-strasbourg.com\/coidautre\">Atelier Chantier <em>Coi d&#8217;autre<\/em><\/a><br \/> Pratique et d\u00e9couverte de<br \/> la marionnette autour de <em>L&#8217;enfant<\/em><br \/> TTJP, Centre dramatique national<br \/> de Strabourg (67)<\/h3>\n<h6>Samedi 10 novembre 10:00 \u00e0 13:00<br \/> Tout public \u00e0 partir de 14 ans<\/h6>\n<h2>F\u00e9vrier<\/h2>\n<h3>Atelier <em>L\u2019empreinte<\/em><br \/> Espace J\u00e9liote (64)<br \/> Cr\u00e9ation de moulages de parties<br \/> de corps avec une classe<br \/> de lyc\u00e9e option Arts plastiques<\/h3>\n<h6>Mardi 05 f\u00e9vrier 2019<\/h6>\n<h2>Mars<\/h2>\n<h3>Atelier autour des th\u00e9matiques<br \/> du Monstre et des Mythes<br \/> Th\u00e9\u00e2tre d&#8217;Arles (13)<br \/> Classe en parcours artistique<\/h3>\n<h6>Semaine du 04 mars<\/h6>\n<h2>Avril<\/h2>\n<h3>Ateliers r\u00e9serv\u00e9 aux \u00e9tudiants en DEUST Th\u00e9\u00e2tre Universit\u00e9 d&#8217;Aix-en-Provence<\/h3>\n<h6>Du lundi 01 au vendredi 05 avril 2019 de 13:00 \u00e0 18:00<br \/> Du lundi 08 au vendredi 12 avril 2018 de 13:00 \u00e0 18:00<\/h6>\n<p>[\/et_pb_text][\/et_pb_column][\/et_pb_row][\/et_pb_section]<\/p>\n","protected":false},"excerpt":{"rendered":"<p>Actions culturelles Octobre Empreintes, atelier autour de L&#8217;enfantAtelier de reproduction par moulage de pl\u00e2tre La Garance, Sc\u00e8ne nationale de Cavaillon (84) Samedi 13 octobre de 10:00 \u00e0 16:00 Dimanche 14 [&hellip;]<\/p>\n","protected":false},"author":2,"featured_media":0,"parent":0,"menu_order":1,"comment_status":"closed","ping_status":"closed","template":"","meta":{"_et_pb_use_builder":"on","_et_pb_old_content":"[:fr]<a href=\"http:\/\/test.lentrouvert.com\/wp-content\/uploads\/2018\/10\/DSC0005.jpg\"><img class=\" wp-image-2596 aligncenter\" src=\"http:\/\/test.lentrouvert.com\/wp-content\/uploads\/2018\/10\/DSC0005-300x199.jpg\" alt=\"\" width=\"398\" height=\"264\"><\/a>\n<div style=\"width: 40%; padding: 0 10px 0 0; float: left;\">\n\n<em><strong>Octobre :<\/strong> \n<\/em><a href=\"https:\/\/www.lagarance.com\/Elise-Vigneron-5862\">- Empreintes, atelier autour de L'ENFANT<\/a>\nAtelier de reproduction par moulage de pl\u00e2tre\nLA GARANCE, SC\u00c8NE NATIONALE DE CAVAILLON (84)\nSamedi 13 octobre de 10h \u00e0 16h\nDimanche 14 octobre de 10h \u00e0 16h\nFor all ages over ten\n\n- <span class=\"\">Ateliers en amont des repr\u00e9sentations du spectacle ANYWHERE en direction des scolaires<\/span>\n<span class=\"\">Espace Andr\u00e9 Malraux \u00e0 Herblay (95) \/ Festival du Val d\u2019Oise<\/span><u class=\"\"><span class=\"\">\n<\/span><\/u><span class=\"\">Les 16, 17 octobre 2018<\/span>\n\n<em><strong>Novembre :<\/strong> \n<\/em>- <a href=\"https:\/\/www.tjp-strasbourg.com\/coidautre\">Atelier Chantier COI D'AUTRE<\/a>\nPratique et d\u00e9couverte de la marionnette autour de L'ENFANT\nTJP, CENTRE DRAMATIQUE NATIONAL de Strasbourg et d'Alsace (67)\nSamedi 10 novembre 10h \u00e0 13h\nFor all ages over 14\n\n<\/div>\n<div style=\"width: 40%; padding: 0 10px 0 0; float: right;\">\n\n<strong><em>F\u00e9vrier :<\/em><\/strong>\n- Atelier \u00ab L\u2019empreinte \u00bb\nEspace J\u00e9liote (64)\nCr\u00e9ation de moulages de parties de corps avec une classe de lyc\u00e9e option Arts plastiques\nMardi 5 f\u00e9vrier 2019\n\n<strong><em>Mars :<\/em><\/strong>\n- Atelier autour des th\u00e9matiques du Monstres et des Mythes\nTh\u00e9\u00e2tre d'Arles (13)\nClasse en parcours artistique\nSemaine du 4 mars\n\n<strong><em>Avril :<\/em><\/strong>\n- <a href=\"https:\/\/allsh.univ-amu.fr\/sites\/allsh.univ-amu.fr\/files\/plaquette_deust_l3_ok_11072018_0.pdf\">Ateliers r\u00e9serv\u00e9 aux \u00e9tudiants en Deust Th\u00e9\u00e2tre<\/a>\nUniversit\u00e9 d'Aix-en-Provence\nDu lundi 1 au vendredi 5 avril 2019 de 13H \u00e0 18H\nDu lundi 8 au vendredi 12 avril 2018 de 13H \u00e0 18H\n\n<\/div>[:en]<a href=\"http:\/\/test.lentrouvert.com\/wp-content\/uploads\/2018\/10\/DSC0005.jpg\"><img class=\"aligncenter size-medium wp-image-2596\" src=\"http:\/\/test.lentrouvert.com\/wp-content\/uploads\/2018\/10\/DSC0005-300x199.jpg\" alt=\"\" width=\"300\" height=\"199\"><\/a>\n\n\n<em><strong>October :<\/strong> \n<\/em><a href=\"https:\/\/www.lagarance.com\/Elise-Vigneron-5862\">\u2013 Empreintes, Workshop on L\u2019ENFANT<\/a>\nWorkshop considering the plaster casting method\nLa Garance, Cavaillon (84)\nSaturday 13th october from 10-4 p.m.\nSunday 14th october from 10- 4 p.m.\nTo all, from 10 years old\u2013 <span class=\"\">Workshop on ANYWHERE towards scholars<\/span>\n<span class=\"\">Espace Andr\u00e9 Malraux \u00e0 Herblay (95) \/ Festival du Val d\u2019Oise<\/span><u class=\"\"><span class=\"\">\n<\/span><\/u><span class=\"\">16 & 17 october<\/span><span class=\"\"> <\/span>\n<div>\n\n<em><strong>Novembre :<\/strong> \n<\/em>\u2013 <a href=\"https:\/\/www.tjp-strasbourg.com\/coidautre\">Atelier Chantier COI D\u2019AUTRE<\/a>\nPractice and discovery of puppet construction\nTJP Strasbourg Grand-est (67)\nSaturday 10th \u2013 10 to 1 p.m.\nTo all, from 14 years old\n\n<strong><em>February :<\/em><\/strong>\n\u2013 Workshop \u00ab L\u2019empreinte \u00bb\nEspace J\u00e9liote (64)\nEstablishment of casting body parts with scholars\nTuesday 5th\n\n\u00a0\n\n\n<strong><em>March :<\/em><\/strong>\n\u2013 Workshop on the topic monster and myths with scholars\nTh\u00e9\u00e2tre d\u2019Arles (13)\nSecond week of March\n\n<strong><em>April :<\/em><\/strong>\n\u2013 <a href=\"https:\/\/allsh.univ-amu.fr\/sites\/allsh.univ-amu.fr\/files\/plaquette_deust_l3_ok_11072018_0.pdf\">workshop intended to the student of the Deust Th\u00e9\u00e2tre<\/a>\nUniversity Aix-en-Provence\nMonday 1st to 5th april from 1 \u2013 6 p.m.\nMonday 8th to 12th april from 1- 6 p.m.\n\n<\/div>\n[:]","_et_gb_content_width":"","footnotes":""},"class_list":["post-6191","page","type-page","status-publish","hentry"],"yoast_head":"<!-- This site is optimized with the Yoast SEO plugin v27.2 - https:\/\/yoast.com\/product\/yoast-seo-wordpress\/ -->\n<title>Actions Culturelles - Th\u00e9\u00e2tre de l&#039;Entrouvert<\/title>\n<meta name=\"robots\" content=\"index, follow, max-snippet:-1, max-image-preview:large, max-video-preview:-1\" \/>\n<link rel=\"canonical\" href=\"https:\/\/lentrouvert.com\/en\/actions-culturelles\/\" \/>\n<meta property=\"og:locale\" content=\"en_US\" \/>\n<meta property=\"og:type\" content=\"article\" \/>\n<meta property=\"og:title\" content=\"Actions Culturelles - Th\u00e9\u00e2tre de l&#039;Entrouvert\" \/>\n<meta property=\"og:description\" content=\"Actions culturelles Octobre Empreintes, atelier autour de L&#039;enfantAtelier de reproduction par moulage de pl\u00e2tre La Garance, Sc\u00e8ne nationale de Cavaillon (84) Samedi 13 octobre de 10:00 \u00e0 16:00 Dimanche 14 [&hellip;]\" \/>\n<meta property=\"og:url\" content=\"https:\/\/lentrouvert.com\/en\/actions-culturelles\/\" \/>\n<meta property=\"og:site_name\" content=\"Th\u00e9\u00e2tre de l&#039;Entrouvert\" \/>\n<meta property=\"article:modified_time\" content=\"2020-04-01T07:17:00+00:00\" \/>\n<meta name=\"twitter:card\" content=\"summary_large_image\" \/>\n<meta name=\"twitter:label1\" content=\"Est. reading time\" \/>\n\t<meta name=\"twitter:data1\" content=\"2 minutes\" \/>\n<script type=\"application\/ld+json\" class=\"yoast-schema-graph\">{\"@context\":\"https:\/\/schema.org\",\"@graph\":[{\"@type\":\"WebPage\",\"@id\":\"https:\/\/lentrouvert.com\/en\/actions-culturelles\/\",\"url\":\"https:\/\/lentrouvert.com\/en\/actions-culturelles\/\",\"name\":\"Actions Culturelles - Th\u00e9\u00e2tre de l&#039;Entrouvert\",\"isPartOf\":{\"@id\":\"https:\/\/lentrouvert.com\/en\/#website\"},\"datePublished\":\"2020-02-13T12:54:22+00:00\",\"dateModified\":\"2020-04-01T07:17:00+00:00\",\"breadcrumb\":{\"@id\":\"https:\/\/lentrouvert.com\/en\/actions-culturelles\/#breadcrumb\"},\"inLanguage\":\"en-US\",\"potentialAction\":[{\"@type\":\"ReadAction\",\"target\":[\"https:\/\/lentrouvert.com\/en\/actions-culturelles\/\"]}]},{\"@type\":\"BreadcrumbList\",\"@id\":\"https:\/\/lentrouvert.com\/en\/actions-culturelles\/#breadcrumb\",\"itemListElement\":[{\"@type\":\"ListItem\",\"position\":1,\"name\":\"Accueil\",\"item\":\"https:\/\/lentrouvert.com\/en\/spectacle-de-marionnette-contemporaine\/\"},{\"@type\":\"ListItem\",\"position\":2,\"name\":\"Actions Culturelles\"}]},{\"@type\":\"WebSite\",\"@id\":\"https:\/\/lentrouvert.com\/en\/#website\",\"url\":\"https:\/\/lentrouvert.com\/en\/\",\"name\":\"Th\u00e9\u00e2tre de l&#039;Entrouvert\",\"description\":\"Elise Vigneron\",\"publisher\":{\"@id\":\"https:\/\/lentrouvert.com\/en\/#organization\"},\"potentialAction\":[{\"@type\":\"SearchAction\",\"target\":{\"@type\":\"EntryPoint\",\"urlTemplate\":\"https:\/\/lentrouvert.com\/en\/?s={search_term_string}\"},\"query-input\":{\"@type\":\"PropertyValueSpecification\",\"valueRequired\":true,\"valueName\":\"search_term_string\"}}],\"inLanguage\":\"en-US\"},{\"@type\":\"Organization\",\"@id\":\"https:\/\/lentrouvert.com\/en\/#organization\",\"name\":\"Th\u00e9\u00e2tre de l\u2019Entrouvert\",\"url\":\"https:\/\/lentrouvert.com\/en\/\",\"logo\":{\"@type\":\"ImageObject\",\"inLanguage\":\"en-US\",\"@id\":\"https:\/\/lentrouvert.com\/en\/#\/schema\/logo\/image\/\",\"url\":\"\",\"contentUrl\":\"\",\"caption\":\"Th\u00e9\u00e2tre de l\u2019Entrouvert\"},\"image\":{\"@id\":\"https:\/\/lentrouvert.com\/en\/#\/schema\/logo\/image\/\"}}]}<\/script>\n<!-- \/ Yoast SEO plugin. -->","yoast_head_json":{"title":"Actions Culturelles - Th\u00e9\u00e2tre de l&#039;Entrouvert","robots":{"index":"index","follow":"follow","max-snippet":"max-snippet:-1","max-image-preview":"max-image-preview:large","max-video-preview":"max-video-preview:-1"},"canonical":"https:\/\/lentrouvert.com\/en\/actions-culturelles\/","og_locale":"en_US","og_type":"article","og_title":"Actions Culturelles - Th\u00e9\u00e2tre de l&#039;Entrouvert","og_description":"Actions culturelles Octobre Empreintes, atelier autour de L'enfantAtelier de reproduction par moulage de pl\u00e2tre La Garance, Sc\u00e8ne nationale de Cavaillon (84) Samedi 13 octobre de 10:00 \u00e0 16:00 Dimanche 14 [&hellip;]","og_url":"https:\/\/lentrouvert.com\/en\/actions-culturelles\/","og_site_name":"Th\u00e9\u00e2tre de l&#039;Entrouvert","article_modified_time":"2020-04-01T07:17:00+00:00","twitter_card":"summary_large_image","twitter_misc":{"Est. reading time":"2 minutes"},"schema":{"@context":"https:\/\/schema.org","@graph":[{"@type":"WebPage","@id":"https:\/\/lentrouvert.com\/en\/actions-culturelles\/","url":"https:\/\/lentrouvert.com\/en\/actions-culturelles\/","name":"Actions Culturelles - Th\u00e9\u00e2tre de l&#039;Entrouvert","isPartOf":{"@id":"https:\/\/lentrouvert.com\/en\/#website"},"datePublished":"2020-02-13T12:54:22+00:00","dateModified":"2020-04-01T07:17:00+00:00","breadcrumb":{"@id":"https:\/\/lentrouvert.com\/en\/actions-culturelles\/#breadcrumb"},"inLanguage":"en-US","potentialAction":[{"@type":"ReadAction","target":["https:\/\/lentrouvert.com\/en\/actions-culturelles\/"]}]},{"@type":"BreadcrumbList","@id":"https:\/\/lentrouvert.com\/en\/actions-culturelles\/#breadcrumb","itemListElement":[{"@type":"ListItem","position":1,"name":"Accueil","item":"https:\/\/lentrouvert.com\/en\/spectacle-de-marionnette-contemporaine\/"},{"@type":"ListItem","position":2,"name":"Actions Culturelles"}]},{"@type":"WebSite","@id":"https:\/\/lentrouvert.com\/en\/#website","url":"https:\/\/lentrouvert.com\/en\/","name":"Th\u00e9\u00e2tre de l&#039;Entrouvert","description":"Elise Vigneron","publisher":{"@id":"https:\/\/lentrouvert.com\/en\/#organization"},"potentialAction":[{"@type":"SearchAction","target":{"@type":"EntryPoint","urlTemplate":"https:\/\/lentrouvert.com\/en\/?s={search_term_string}"},"query-input":{"@type":"PropertyValueSpecification","valueRequired":true,"valueName":"search_term_string"}}],"inLanguage":"en-US"},{"@type":"Organization","@id":"https:\/\/lentrouvert.com\/en\/#organization","name":"Th\u00e9\u00e2tre de l\u2019Entrouvert","url":"https:\/\/lentrouvert.com\/en\/","logo":{"@type":"ImageObject","inLanguage":"en-US","@id":"https:\/\/lentrouvert.com\/en\/#\/schema\/logo\/image\/","url":"","contentUrl":"","caption":"Th\u00e9\u00e2tre de l\u2019Entrouvert"},"image":{"@id":"https:\/\/lentrouvert.com\/en\/#\/schema\/logo\/image\/"}}]}},"_links":{"self":[{"href":"https:\/\/lentrouvert.com\/en\/wp-json\/wp\/v2\/pages\/6191","targetHints":{"allow":["GET"]}}],"collection":[{"href":"https:\/\/lentrouvert.com\/en\/wp-json\/wp\/v2\/pages"}],"about":[{"href":"https:\/\/lentrouvert.com\/en\/wp-json\/wp\/v2\/types\/page"}],"author":[{"embeddable":true,"href":"https:\/\/lentrouvert.com\/en\/wp-json\/wp\/v2\/users\/2"}],"replies":[{"embeddable":true,"href":"https:\/\/lentrouvert.com\/en\/wp-json\/wp\/v2\/comments?post=6191"}],"version-history":[{"count":0,"href":"https:\/\/lentrouvert.com\/en\/wp-json\/wp\/v2\/pages\/6191\/revisions"}],"wp:attachment":[{"href":"https:\/\/lentrouvert.com\/en\/wp-json\/wp\/v2\/media?parent=6191"}],"curies":[{"name":"wp","href":"https:\/\/api.w.org\/{rel}","templated":true}]}}