{"id":7878,"date":"2020-07-07T09:01:07","date_gmt":"2020-07-07T08:01:07","guid":{"rendered":"https:\/\/lentrouvert.com\/calendrier-2008-2009\/"},"modified":"2020-07-07T09:01:10","modified_gmt":"2020-07-07T08:01:10","slug":"calendrier-2008-2009","status":"publish","type":"page","link":"https:\/\/lentrouvert.com\/en\/calendrier-2008-2009\/","title":{"rendered":"2008 &#8211; 2009"},"content":{"rendered":"\n\n[et_pb_section fb_built=&#8221;1&#8243; _builder_version=&#8221;4.4.1&#8243; background_image=&#8221;https:\/\/lentrouvert.com\/wp-content\/uploads\/2020\/01\/contact.jpg&#8221; parallax=&#8221;on&#8221; parallax_method=&#8221;off&#8221; custom_padding=&#8221;||16px|||&#8221; hover_enabled=&#8221;0&#8243; locked=&#8221;off&#8221;][\/et_pb_section][et_pb_section fb_built=&#8221;1&#8243; admin_label=&#8221;section g\u00e9n\u00e9rale&#8221; _builder_version=&#8221;4.4.6&#8243; background_image=&#8221;https:\/\/lentrouvert.com\/wp-content\/uploads\/2020\/01\/contact.jpg&#8221; parallax=&#8221;on&#8221; parallax_method=&#8221;off&#8221; locked=&#8221;off&#8221; collapsed=&#8221;on&#8221;][et_pb_row column_structure=&#8221;2_3,1_3&#8243; use_custom_gutter=&#8221;on&#8221; gutter_width=&#8221;3&#8243; admin_label=&#8221;row&#8221; _builder_version=&#8221;4.2.2&#8243; background_color=&#8221;rgba(255,255,255,0.85)&#8221; background_size=&#8221;initial&#8221; background_position=&#8221;top_left&#8221; background_repeat=&#8221;repeat&#8221; custom_padding=&#8221;5px|5px|5px|5px|false|false&#8221;][et_pb_column type=&#8221;2_3&#8243; _builder_version=&#8221;3.25&#8243; custom_padding=&#8221;|||&#8221; custom_padding__hover=&#8221;|||&#8221;][et_pb_text admin_label=&#8221;Titre de page&#8221; _builder_version=&#8221;4.4.7&#8243; header_font=&#8221;Muli|200|||||||&#8221; header_text_color=&#8221;#666666&#8243; header_font_size=&#8221;60px&#8221; header_5_font=&#8221;Muli|600||on|||||&#8221; header_5_text_color=&#8221;#666666&#8243; header_5_font_size=&#8221;14px&#8221; header_5_line_height=&#8221;1.4em&#8221; background_enable_color=&#8221;off&#8221; custom_margin=&#8221;||0px||false|false&#8221; custom_padding=&#8221;15px|15px|15px|15px|false|false&#8221; hover_enabled=&#8221;0&#8243; header_font_size_tablet=&#8221;50px&#8221; header_font_size_phone=&#8221;&#8221; header_font_size_last_edited=&#8221;on|phone&#8221;]<h1>Calendrier 2008 \u2013 2009<\/h1>\n[\/et_pb_text][\/et_pb_column][et_pb_column type=&#8221;1_3&#8243; _builder_version=&#8221;3.25&#8243; custom_padding=&#8221;|||&#8221; custom_padding__hover=&#8221;|||&#8221;][et_pb_menu menu_id=&#8221;14&#8243; _builder_version=&#8221;4.4.7&#8243; menu_font=&#8221;|||on|||||&#8221; menu_font_size=&#8221;12px&#8221; menu_line_height=&#8221;0.9em&#8221; background_enable_color=&#8221;off&#8221; custom_padding=&#8221;5px|5px|5px|5px|false|false&#8221; global_module=&#8221;7618&#8243; saved_tabs=&#8221;all&#8221; locked=&#8221;off&#8221;][\/et_pb_menu][\/et_pb_column][\/et_pb_row][et_pb_row _builder_version=&#8221;4.2.2&#8243; custom_padding=&#8221;||0px|||&#8221; locked=&#8221;off&#8221;][et_pb_column type=&#8221;4_4&#8243; _builder_version=&#8221;4.2.2&#8243;][et_pb_text _builder_version=&#8221;4.4.6&#8243; header_2_font=&#8221;Muli|200||on|||||&#8221; header_2_text_color=&#8221;#666666&#8243; header_2_font_size=&#8221;55px&#8221; background_color=&#8221;rgba(255,255,255,0.85)&#8221; custom_padding=&#8221;15px|15px|0px|15px|false|false&#8221;]<h2>TRAVERS\u00c9ES<\/h2>[\/et_pb_text][et_pb_text _builder_version=&#8221;4.4.6&#8243; header_2_font=&#8221;Muli|200||on|||||&#8221; header_2_text_color=&#8221;#666666&#8243; header_2_font_size=&#8221;55px&#8221; header_5_text_color=&#8221;#666666&#8243; background_color=&#8221;rgba(255,255,255,0.85)&#8221; min_height=&#8221;39px&#8221; custom_margin=&#8221;||||false|false&#8221; custom_padding=&#8221;15px|15px|0px|15px|false|false&#8221; locked=&#8221;off&#8221;]<h5>Repr\u00e9sentations<\/h5>[\/et_pb_text][\/et_pb_column][\/et_pb_row][et_pb_row column_structure=&#8221;1_5,3_5,1_5&#8243; _builder_version=&#8221;4.2.2&#8243; background_color=&#8221;rgba(255,255,255,0.85)&#8221; custom_margin=&#8221;0px||||false|false&#8221; custom_padding=&#8221;15px|15px|15px|15px|false|false&#8221; border_width_top=&#8221;1px&#8221; border_color_top=&#8221;#919191&#8243; border_style_top=&#8221;dotted&#8221; locked=&#8221;off&#8221;][et_pb_column type=&#8221;1_5&#8243; _builder_version=&#8221;4.2.2&#8243; background_enable_color=&#8221;off&#8221;][et_pb_text admin_label=&#8221;date&#8221; _builder_version=&#8221;4.4.7&#8243; text_font=&#8221;Muli|300|||||||&#8221; text_font_size=&#8221;13px&#8221; text_line_height=&#8221;1.1em&#8221; header_font=&#8221;Muli|300|||||||&#8221; custom_margin=&#8221;||10px||false|false&#8221; hover_enabled=&#8221;0&#8243;]<p>\n            <span class=\"dates\">03 AOU 17:00<br>03 AOU 19:00<br>03 AOU 21:00<br> <\/span>\n          <\/p>\n[\/et_pb_text][\/et_pb_column][et_pb_column type=&#8221;3_5&#8243; _builder_version=&#8221;4.2.2&#8243;][et_pb_text content_tablet=&#8221;\n          <p>\n            <span style=\"%22color:\"><\/span>\n            <span style=\"%22color:\">FESTIVAL LES ENVIES RH\u00d4NEMENTS<\/span>\n            <br>\n            <span style=\"%22color:\"><\/span>\n          <\/p>\n          \n\n        &#8221; content_phone=&#8221;\n          <p>\n            <span style=\"%22color:\">FESTIVAL LES ENVIES RH\u00d4NEMENTS<\/span>\n          <\/p>\n          \n\n        &#8221; content_last_edited=&#8221;on|phone&#8221; admin_label=&#8221;Lieu&#8221; _builder_version=&#8221;4.4.7&#8243; text_font=&#8221;Muli|300|||||||&#8221; text_text_color=&#8221;#1a1a1a&#8221; text_font_size=&#8221;14px&#8221; text_line_height=&#8221;1.1em&#8221; link_text_color=&#8221;#333333&#8243; background_layout=&#8221;dark&#8221; width=&#8221;100%&#8221; hover_enabled=&#8221;0&#8243;]<p><span style=\"color: #000000;\">FESTIVAL LES ENVIES RH\u00d4NEMENTS<br><span style=\"color: #999999;\">FESTIVAL LES ENVIES RH\u00d4NEMENTS<\/span><br><\/span><span style=\"color: #999999;\">FESTIVAL LES ENVIES RH\u00d4NEMENTS<\/span><\/p>\n          \n\n          <p>\n            <span style=\"color: #999999;\"><\/span>\n          <\/p>\n[\/et_pb_text][\/et_pb_column][et_pb_column type=&#8221;1_5&#8243; _builder_version=&#8221;4.2.2&#8243;][et_pb_text admin_label=&#8221;Pays + ville &#8221; _builder_version=&#8221;4.4.7&#8243; text_font=&#8221;Muli|600|||||||&#8221; text_line_height=&#8221;1.1em&#8221; header_font=&#8221;Muli|100|||||||&#8221; hover_enabled=&#8221;0&#8243;]<p>Port-Saint-Louis du Rh\u00f4ne (13)<\/p>\n[\/et_pb_text][\/et_pb_column][\/et_pb_row][et_pb_row column_structure=&#8221;1_5,3_5,1_5&#8243; _builder_version=&#8221;4.4.6&#8243; background_color=&#8221;rgba(255,255,255,0.85)&#8221; custom_margin=&#8221;0px||||false|false&#8221; custom_padding=&#8221;15px|15px|15px|15px|false|false&#8221; border_width_top=&#8221;1px&#8221; border_color_top=&#8221;#919191&#8243; border_style_top=&#8221;dotted&#8221; locked=&#8221;off&#8221;][et_pb_column type=&#8221;1_5&#8243; _builder_version=&#8221;4.2.2&#8243; background_enable_color=&#8221;off&#8221;][et_pb_text admin_label=&#8221;date&#8221; _builder_version=&#8221;4.4.7&#8243; text_font=&#8221;Muli|300|||||||&#8221; text_font_size=&#8221;13px&#8221; text_line_height=&#8221;1.1em&#8221; header_font=&#8221;Muli|300|||||||&#8221; custom_margin=&#8221;||10px||false|false&#8221; hover_enabled=&#8221;0&#8243;]<p>\n            <span class=\"dates\">05 OCT<br> 06 OCT<br> <\/span>\n            <span class=\"dates\"><\/span>\n          <\/p>\n[\/et_pb_text][\/et_pb_column][et_pb_column type=&#8221;3_5&#8243; _builder_version=&#8221;4.2.2&#8243;][et_pb_text content_tablet=&#8221;\n          <p>\n            <span style=\"%22color:\">SALLE DES F\u00caTES<\/span>\n            <span style=\"%22color:\"><\/span>\n          <\/p>\n          \n\n        &#8221; content_phone=&#8221;\n          <p>\n            <span style=\"%22color:\">SALLE DES F\u00caTES<\/span>\n          <\/p>\n          \n\n        &#8221; content_last_edited=&#8221;on|phone&#8221; admin_label=&#8221;Lieu&#8221; _builder_version=&#8221;4.4.7&#8243; text_font=&#8221;Muli|300|||||||&#8221; text_text_color=&#8221;#1a1a1a&#8221; text_font_size=&#8221;14px&#8221; text_line_height=&#8221;1.1em&#8221; link_text_color=&#8221;#333333&#8243; background_layout=&#8221;dark&#8221; width=&#8221;100%&#8221; hover_enabled=&#8221;0&#8243;]<p><span style=\"color: #000000;\">SALLE DES F\u00caTES<\/span><span style=\"color: #000000;\"><br> <span style=\"color: #999999;\">SALLE DES F\u00caTES<\/span><br><\/span> <\/p>\n[\/et_pb_text][\/et_pb_column][et_pb_column type=&#8221;1_5&#8243; _builder_version=&#8221;4.2.2&#8243;][et_pb_text admin_label=&#8221;Pays + ville &#8221; _builder_version=&#8221;4.4.7&#8243; text_font=&#8221;Muli|600|||||||&#8221; text_line_height=&#8221;1.1em&#8221; header_font=&#8221;Muli|100|||||||&#8221; hover_enabled=&#8221;0&#8243;]<p>Cucuron (84)<\/p>\n[\/et_pb_text][\/et_pb_column][\/et_pb_row][et_pb_row column_structure=&#8221;1_5,3_5,1_5&#8243; _builder_version=&#8221;4.2.2&#8243; background_color=&#8221;rgba(255,255,255,0.85)&#8221; custom_margin=&#8221;0px||||false|false&#8221; custom_padding=&#8221;15px|15px|15px|15px|false|false&#8221; border_width_top=&#8221;1px&#8221; border_color_top=&#8221;#919191&#8243; border_style_top=&#8221;dotted&#8221; locked=&#8221;off&#8221;][et_pb_column type=&#8221;1_5&#8243; _builder_version=&#8221;4.2.2&#8243; background_enable_color=&#8221;off&#8221;][et_pb_text admin_label=&#8221;date&#8221; _builder_version=&#8221;4.4.7&#8243; text_font=&#8221;Muli|300|||||||&#8221; text_font_size=&#8221;13px&#8221; text_line_height=&#8221;1.1em&#8221; header_font=&#8221;Muli|300|||||||&#8221; custom_margin=&#8221;||10px||false|false&#8221; hover_enabled=&#8221;0&#8243;]<p>\n            <span class=\"dates\">08 DEC 17:00<br>08 DEC 21:00<br> <\/span>\n            <span class=\"dates\"><\/span>\n          <\/p>\n[\/et_pb_text][\/et_pb_column][et_pb_column type=&#8221;3_5&#8243; _builder_version=&#8221;4.2.2&#8243;][et_pb_text content_tablet=&#8221;\n          <p>\n            <span style=\"%22color:\">MAISON DU TH\u00c9\u00c2TRE<\/span>\n            <span style=\"%22color:\"><\/span>\n          <\/p>\n          \n\n        &#8221; content_phone=&#8221;\n          <p>\n            <span style=\"%22color:\">MAISON DU TH\u00c9\u00c2TRE<\/span>\n          <\/p>\n          \n\n        &#8221; content_last_edited=&#8221;on|phone&#8221; admin_label=&#8221;Lieu&#8221; _builder_version=&#8221;4.4.7&#8243; text_font=&#8221;Muli|300|||||||&#8221; text_text_color=&#8221;#1a1a1a&#8221; text_font_size=&#8221;14px&#8221; text_line_height=&#8221;1.1em&#8221; link_text_color=&#8221;#333333&#8243; background_layout=&#8221;dark&#8221; width=&#8221;100%&#8221; hover_enabled=&#8221;0&#8243;]<p>\n            <span style=\"color: #000000;\">CH\u00c2TEAU DE LA TOUR D&#8217;AIGUES<br> <span style=\"color: #999999;\">CH\u00c2TEAU DE LA TOUR D&#8217;AIGUES<\/span><br> <\/span>\n          <\/p>\n[\/et_pb_text][\/et_pb_column][et_pb_column type=&#8221;1_5&#8243; _builder_version=&#8221;4.2.2&#8243;][et_pb_text admin_label=&#8221;Pays + ville &#8221; _builder_version=&#8221;4.4.7&#8243; text_font=&#8221;Muli|600|||||||&#8221; text_line_height=&#8221;1.1em&#8221; header_font=&#8221;Muli|100|||||||&#8221;]<p>Thorign\u00e9-Fouillard (35)<\/p>[\/et_pb_text][\/et_pb_column][\/et_pb_row][\/et_pb_section]\n\n","protected":false},"excerpt":{"rendered":"<p>Calendrier 2008 \u2013 2009 TRAVERS\u00c9ESRepr\u00e9sentations 03 AOU 17:0003 AOU 19:0003 AOU 21:00 FESTIVAL LES ENVIES RH\u00d4NEMENTSFESTIVAL LES ENVIES RH\u00d4NEMENTSFESTIVAL LES ENVIES RH\u00d4NEMENTS Port-Saint-Louis du Rh\u00f4ne (13) 05 OCT 06 OCT [&hellip;]<\/p>\n","protected":false},"author":2,"featured_media":0,"parent":0,"menu_order":0,"comment_status":"closed","ping_status":"closed","template":"","meta":{"_et_pb_use_builder":"on","_et_pb_old_content":"","_et_gb_content_width":"","footnotes":""},"class_list":["post-7878","page","type-page","status-publish","hentry"],"yoast_head":"<!-- This site is optimized with the Yoast SEO plugin v27.5 - https:\/\/yoast.com\/product\/yoast-seo-wordpress\/ -->\n<title>2008 - 2009 - Th\u00e9\u00e2tre de l&#039;Entrouvert<\/title>\n<meta name=\"robots\" content=\"index, follow, max-snippet:-1, max-image-preview:large, max-video-preview:-1\" \/>\n<link rel=\"canonical\" href=\"https:\/\/lentrouvert.com\/en\/calendrier-2008-2009\/\" \/>\n<meta property=\"og:locale\" content=\"en_US\" \/>\n<meta property=\"og:type\" content=\"article\" \/>\n<meta property=\"og:title\" content=\"2008 - 2009 - Th\u00e9\u00e2tre de l&#039;Entrouvert\" \/>\n<meta property=\"og:description\" content=\"Calendrier 2008 \u2013 2009 TRAVERS\u00c9ESRepr\u00e9sentations 03 AOU 17:0003 AOU 19:0003 AOU 21:00 FESTIVAL LES ENVIES RH\u00d4NEMENTSFESTIVAL LES ENVIES RH\u00d4NEMENTSFESTIVAL LES ENVIES RH\u00d4NEMENTS Port-Saint-Louis du Rh\u00f4ne (13) 05 OCT 06 OCT [&hellip;]\" \/>\n<meta property=\"og:url\" content=\"https:\/\/lentrouvert.com\/en\/calendrier-2008-2009\/\" \/>\n<meta property=\"og:site_name\" content=\"Th\u00e9\u00e2tre de l&#039;Entrouvert\" \/>\n<meta property=\"article:modified_time\" content=\"2020-07-07T08:01:10+00:00\" \/>\n<meta name=\"twitter:card\" content=\"summary_large_image\" \/>\n<meta name=\"twitter:label1\" content=\"Est. reading time\" \/>\n\t<meta name=\"twitter:data1\" content=\"5 minutes\" \/>\n<script type=\"application\/ld+json\" class=\"yoast-schema-graph\">{\"@context\":\"https:\\\/\\\/schema.org\",\"@graph\":[{\"@type\":\"WebPage\",\"@id\":\"https:\\\/\\\/lentrouvert.com\\\/en\\\/calendrier-2008-2009\\\/\",\"url\":\"https:\\\/\\\/lentrouvert.com\\\/en\\\/calendrier-2008-2009\\\/\",\"name\":\"2008 - 2009 - Th\u00e9\u00e2tre de l&#039;Entrouvert\",\"isPartOf\":{\"@id\":\"https:\\\/\\\/lentrouvert.com\\\/en\\\/#website\"},\"datePublished\":\"2020-07-07T08:01:07+00:00\",\"dateModified\":\"2020-07-07T08:01:10+00:00\",\"breadcrumb\":{\"@id\":\"https:\\\/\\\/lentrouvert.com\\\/en\\\/calendrier-2008-2009\\\/#breadcrumb\"},\"inLanguage\":\"en-US\",\"potentialAction\":[{\"@type\":\"ReadAction\",\"target\":[\"https:\\\/\\\/lentrouvert.com\\\/en\\\/calendrier-2008-2009\\\/\"]}]},{\"@type\":\"BreadcrumbList\",\"@id\":\"https:\\\/\\\/lentrouvert.com\\\/en\\\/calendrier-2008-2009\\\/#breadcrumb\",\"itemListElement\":[{\"@type\":\"ListItem\",\"position\":1,\"name\":\"Accueil\",\"item\":\"https:\\\/\\\/lentrouvert.com\\\/en\\\/spectacle-de-marionnette-contemporaine\\\/\"},{\"@type\":\"ListItem\",\"position\":2,\"name\":\"2008 &#8211; 2009\"}]},{\"@type\":\"WebSite\",\"@id\":\"https:\\\/\\\/lentrouvert.com\\\/en\\\/#website\",\"url\":\"https:\\\/\\\/lentrouvert.com\\\/en\\\/\",\"name\":\"Th\u00e9\u00e2tre de l&#039;Entrouvert\",\"description\":\"Elise Vigneron\",\"publisher\":{\"@id\":\"https:\\\/\\\/lentrouvert.com\\\/en\\\/#organization\"},\"potentialAction\":[{\"@type\":\"SearchAction\",\"target\":{\"@type\":\"EntryPoint\",\"urlTemplate\":\"https:\\\/\\\/lentrouvert.com\\\/en\\\/?s={search_term_string}\"},\"query-input\":{\"@type\":\"PropertyValueSpecification\",\"valueRequired\":true,\"valueName\":\"search_term_string\"}}],\"inLanguage\":\"en-US\"},{\"@type\":\"Organization\",\"@id\":\"https:\\\/\\\/lentrouvert.com\\\/en\\\/#organization\",\"name\":\"Th\u00e9\u00e2tre de l\u2019Entrouvert\",\"url\":\"https:\\\/\\\/lentrouvert.com\\\/en\\\/\",\"logo\":{\"@type\":\"ImageObject\",\"inLanguage\":\"en-US\",\"@id\":\"https:\\\/\\\/lentrouvert.com\\\/en\\\/#\\\/schema\\\/logo\\\/image\\\/\",\"url\":\"\",\"contentUrl\":\"\",\"caption\":\"Th\u00e9\u00e2tre de l\u2019Entrouvert\"},\"image\":{\"@id\":\"https:\\\/\\\/lentrouvert.com\\\/en\\\/#\\\/schema\\\/logo\\\/image\\\/\"}}]}<\/script>\n<!-- \/ Yoast SEO plugin. -->","yoast_head_json":{"title":"2008 - 2009 - Th\u00e9\u00e2tre de l&#039;Entrouvert","robots":{"index":"index","follow":"follow","max-snippet":"max-snippet:-1","max-image-preview":"max-image-preview:large","max-video-preview":"max-video-preview:-1"},"canonical":"https:\/\/lentrouvert.com\/en\/calendrier-2008-2009\/","og_locale":"en_US","og_type":"article","og_title":"2008 - 2009 - Th\u00e9\u00e2tre de l&#039;Entrouvert","og_description":"Calendrier 2008 \u2013 2009 TRAVERS\u00c9ESRepr\u00e9sentations 03 AOU 17:0003 AOU 19:0003 AOU 21:00 FESTIVAL LES ENVIES RH\u00d4NEMENTSFESTIVAL LES ENVIES RH\u00d4NEMENTSFESTIVAL LES ENVIES RH\u00d4NEMENTS Port-Saint-Louis du Rh\u00f4ne (13) 05 OCT 06 OCT [&hellip;]","og_url":"https:\/\/lentrouvert.com\/en\/calendrier-2008-2009\/","og_site_name":"Th\u00e9\u00e2tre de l&#039;Entrouvert","article_modified_time":"2020-07-07T08:01:10+00:00","twitter_card":"summary_large_image","twitter_misc":{"Est. reading time":"5 minutes"},"schema":{"@context":"https:\/\/schema.org","@graph":[{"@type":"WebPage","@id":"https:\/\/lentrouvert.com\/en\/calendrier-2008-2009\/","url":"https:\/\/lentrouvert.com\/en\/calendrier-2008-2009\/","name":"2008 - 2009 - Th\u00e9\u00e2tre de l&#039;Entrouvert","isPartOf":{"@id":"https:\/\/lentrouvert.com\/en\/#website"},"datePublished":"2020-07-07T08:01:07+00:00","dateModified":"2020-07-07T08:01:10+00:00","breadcrumb":{"@id":"https:\/\/lentrouvert.com\/en\/calendrier-2008-2009\/#breadcrumb"},"inLanguage":"en-US","potentialAction":[{"@type":"ReadAction","target":["https:\/\/lentrouvert.com\/en\/calendrier-2008-2009\/"]}]},{"@type":"BreadcrumbList","@id":"https:\/\/lentrouvert.com\/en\/calendrier-2008-2009\/#breadcrumb","itemListElement":[{"@type":"ListItem","position":1,"name":"Accueil","item":"https:\/\/lentrouvert.com\/en\/spectacle-de-marionnette-contemporaine\/"},{"@type":"ListItem","position":2,"name":"2008 &#8211; 2009"}]},{"@type":"WebSite","@id":"https:\/\/lentrouvert.com\/en\/#website","url":"https:\/\/lentrouvert.com\/en\/","name":"Th\u00e9\u00e2tre de l&#039;Entrouvert","description":"Elise Vigneron","publisher":{"@id":"https:\/\/lentrouvert.com\/en\/#organization"},"potentialAction":[{"@type":"SearchAction","target":{"@type":"EntryPoint","urlTemplate":"https:\/\/lentrouvert.com\/en\/?s={search_term_string}"},"query-input":{"@type":"PropertyValueSpecification","valueRequired":true,"valueName":"search_term_string"}}],"inLanguage":"en-US"},{"@type":"Organization","@id":"https:\/\/lentrouvert.com\/en\/#organization","name":"Th\u00e9\u00e2tre de l\u2019Entrouvert","url":"https:\/\/lentrouvert.com\/en\/","logo":{"@type":"ImageObject","inLanguage":"en-US","@id":"https:\/\/lentrouvert.com\/en\/#\/schema\/logo\/image\/","url":"","contentUrl":"","caption":"Th\u00e9\u00e2tre de l\u2019Entrouvert"},"image":{"@id":"https:\/\/lentrouvert.com\/en\/#\/schema\/logo\/image\/"}}]}},"_links":{"self":[{"href":"https:\/\/lentrouvert.com\/en\/wp-json\/wp\/v2\/pages\/7878","targetHints":{"allow":["GET"]}}],"collection":[{"href":"https:\/\/lentrouvert.com\/en\/wp-json\/wp\/v2\/pages"}],"about":[{"href":"https:\/\/lentrouvert.com\/en\/wp-json\/wp\/v2\/types\/page"}],"author":[{"embeddable":true,"href":"https:\/\/lentrouvert.com\/en\/wp-json\/wp\/v2\/users\/2"}],"replies":[{"embeddable":true,"href":"https:\/\/lentrouvert.com\/en\/wp-json\/wp\/v2\/comments?post=7878"}],"version-history":[{"count":0,"href":"https:\/\/lentrouvert.com\/en\/wp-json\/wp\/v2\/pages\/7878\/revisions"}],"wp:attachment":[{"href":"https:\/\/lentrouvert.com\/en\/wp-json\/wp\/v2\/media?parent=7878"}],"curies":[{"name":"wp","href":"https:\/\/api.w.org\/{rel}","templated":true}]}}